{"id":101506,"date":"2026-02-07T00:01:52","date_gmt":"2026-02-06T22:01:52","guid":{"rendered":"https:\/\/ddt.lv\/lv\/product\/cr2032-baterija-litija-3v-varta-industrial-1gb\/"},"modified":"2026-04-13T10:06:18","modified_gmt":"2026-04-13T07:06:18","slug":"cr2032-baterija-litija-3v-varta-industrial-1gb","status":"publish","type":"product","link":"https:\/\/ddt.lv\/lv\/product\/cr2032-baterija-litija-3v-varta-industrial-1gb\/","title":{"rendered":"CR2032 baterija Litija 3V VARTA Industrial 20gb."},"content":{"rendered":"<p><\/p>\n<h2 data-start=\"220\" data-end=\"319\"><span class=\"hover:entity-accent entity-underline inline cursor-pointer align-baseline\"><span class=\"whitespace-normal\">VARTA<\/span><\/span> litija pogveida baterijas \u2013 premium jauda m\u016bsdienu ier\u012bc\u0113m<\/h2>\n<p data-start=\"321\" data-end=\"709\"><strong data-start=\"321\" data-end=\"356\">VARTA litija pogveida baterijas<\/strong> ir premium klases <strong data-start=\"375\" data-end=\"414\">litija speci\u0101lo bateriju sortiments<\/strong>, kas nodro\u0161ina <strong data-start=\"430\" data-end=\"475\">augst\u0101ko kvalit\u0101ti un garant\u0113tu ilgm\u016b\u017e\u012bbu<\/strong>. T\u0101s ir izstr\u0101d\u0101tas, \u0146emot v\u0113r\u0101 <strong data-start=\"508\" data-end=\"549\">m\u016bsdienu elektronisko ier\u012b\u010du pras\u012bbas<\/strong>, un ir ide\u0101li piem\u0113rotas <strong data-start=\"575\" data-end=\"683\">auto atsl\u0113gu pult\u012bm, t\u0101lvad\u012bbas pult\u012bm, svariem, medic\u012bnas ier\u012bc\u0113m, Smart Home risin\u0101jumiem, rota\u013cliet\u0101m<\/strong> un daudz\u0101m cit\u0101m ier\u012bc\u0113m.<\/p>\n<p data-start=\"711\" data-end=\"831\">\u0160\u012bs baterijas nodro\u0161ina <strong data-start=\"735\" data-end=\"785\">stabilu, uzticamu un ilgsto\u0161u ener\u0123ijas padevi<\/strong>, pat ier\u012bc\u0113m ar augst\u0101m veiktsp\u0113jas pras\u012bb\u0101m.<\/p>\n<p data-start=\"833\" data-end=\"860\"><strong data-start=\"833\" data-end=\"860\">Galven\u0101s priek\u0161roc\u012bbas:<\/strong><\/p>\n<ul data-start=\"861\" data-end=\"1045\">\n<li data-start=\"861\" data-end=\"911\">\n<p data-start=\"863\" data-end=\"911\">Augstas kvalit\u0101tes un uzticams ener\u0123ijas avots<\/p>\n<\/li>\n<li data-start=\"912\" data-end=\"953\">\n<p data-start=\"914\" data-end=\"953\">Ilgsto\u0161a jauda maksim\u0101lai veiktsp\u0113jai<\/p>\n<\/li>\n<li data-start=\"954\" data-end=\"1005\">\n<p data-start=\"956\" data-end=\"1005\"><strong data-start=\"956\" data-end=\"1003\">Garant\u0113ts uzglab\u0101\u0161anas laiks l\u012bdz 10 gadiem<\/strong><\/p>\n<\/li>\n<li data-start=\"1006\" data-end=\"1045\">\n<p data-start=\"1008\" data-end=\"1045\">P\u0101rbaud\u012bta <strong data-start=\"1019\" data-end=\"1045\">VARTA z\u012bmola kvalit\u0101te<\/strong><\/p>\n<\/li>\n<\/ul>\n<p><\/p>","protected":false},"excerpt":{"rendered":"<p>VARTA litija pogveida baterijas \u2013 premium jauda m\u016bsdienu ier\u012bc\u0113m VARTA litija pogveida baterijas ir premium klases litija speci\u0101lo bateriju sortiments, kas nodro\u0161ina augst\u0101ko kvalit\u0101ti un garant\u0113tu ilgm\u016b\u017e\u012bbu. T\u0101s ir izstr\u0101d\u0101tas, \u0146emot v\u0113r\u0101 m\u016bsdienu elektronisko ier\u012b\u010du pras\u012bbas, un ir ide\u0101li piem\u0113rotas auto atsl\u0113gu pult\u012bm, t\u0101lvad\u012bbas pult\u012bm, svariem, medic\u012bnas ier\u012bc\u0113m, Smart Home risin\u0101jumiem, rota\u013cliet\u0101m un daudz\u0101m cit\u0101m [&hellip;]<\/p>\n","protected":false},"featured_media":101858,"comment_status":"closed","ping_status":"closed","template":"","meta":{"inline_featured_image":false},"product_cat":[772,450],"product_tag":[],"yst_prominent_words":[],"class_list":{"0":"post-101506","1":"product","2":"type-product","3":"status-publish","4":"has-post-thumbnail","6":"product_cat-atlaides","7":"product_cat-litija-tablesveida","9":"first","10":"instock","11":"sale","12":"taxable","13":"shipping-taxable","14":"purchasable","15":"product-type-simple"},"jetpack_sharing_enabled":true,"_links":{"self":[{"href":"https:\/\/ddt.lv\/lv\/wp-json\/wp\/v2\/product\/101506"}],"collection":[{"href":"https:\/\/ddt.lv\/lv\/wp-json\/wp\/v2\/product"}],"about":[{"href":"https:\/\/ddt.lv\/lv\/wp-json\/wp\/v2\/types\/product"}],"replies":[{"embeddable":true,"href":"https:\/\/ddt.lv\/lv\/wp-json\/wp\/v2\/comments?post=101506"}],"wp:featuredmedia":[{"embeddable":true,"href":"https:\/\/ddt.lv\/lv\/wp-json\/wp\/v2\/media\/101858"}],"wp:attachment":[{"href":"https:\/\/ddt.lv\/lv\/wp-json\/wp\/v2\/media?parent=101506"}],"wp:term":[{"taxonomy":"product_cat","embeddable":true,"href":"https:\/\/ddt.lv\/lv\/wp-json\/wp\/v2\/product_cat?post=101506"},{"taxonomy":"product_tag","embeddable":true,"href":"https:\/\/ddt.lv\/lv\/wp-json\/wp\/v2\/product_tag?post=101506"},{"taxonomy":"yst_prominent_words","embeddable":true,"href":"https:\/\/ddt.lv\/lv\/wp-json\/wp\/v2\/yst_prominent_words?post=101506"}],"curies":[{"name":"wp","href":"https:\/\/api.w.org\/{rel}","templated":true}]}}