{"id":101503,"date":"2026-02-06T23:55:36","date_gmt":"2026-02-06T21:55:36","guid":{"rendered":"https:\/\/ddt.lv\/lv\/product\/cr2-baterija-litija-varta-photo-lithium-3v-bl10\/"},"modified":"2026-04-13T10:06:12","modified_gmt":"2026-04-13T07:06:12","slug":"cr2-baterija-litija-varta-photo-lithium-3v-bl10","status":"publish","type":"product","link":"https:\/\/ddt.lv\/lv\/product\/cr2-baterija-litija-varta-photo-lithium-3v-bl10\/","title":{"rendered":"CR2 baterija litija VARTA Photo Lithium 3V BL10"},"content":{"rendered":"<p><\/p>\n<h2 data-start=\"202\" data-end=\"300\"><span class=\"hover:entity-accent entity-underline inline cursor-pointer align-baseline\"><span class=\"whitespace-normal\">VARTA<\/span><\/span> litija cilindrisk\u0101s baterijas \u2013 jauda ekstr\u0113mos apst\u0101k\u013cos<\/h2>\n<p data-start=\"302\" data-end=\"559\"><strong data-start=\"302\" data-end=\"341\">VARTA litija cilindrisk\u0101s baterijas<\/strong> ir izstr\u0101d\u0101tas darbam <strong data-start=\"364\" data-end=\"390\">ekstr\u0113m\u0101s temperat\u016br\u0101s<\/strong>, vienlaikus nodro\u0161inot <strong data-start=\"414\" data-end=\"451\">\u0101tru un uzticamu ener\u0123ijas padevi<\/strong>. T\u0101s ir pieejamas da\u017e\u0101dos izm\u0113ros un paredz\u0113tas <strong data-start=\"500\" data-end=\"522\">augsto tehnolo\u0123iju<\/strong> un <strong data-start=\"526\" data-end=\"543\">foto tehnikas<\/strong>pielietojumiem.<\/p>\n<p data-start=\"561\" data-end=\"822\">\u0160\u012bs baterijas ir ide\u0101li piem\u0113rotas <strong data-start=\"596\" data-end=\"629\">m\u016bsdienu akt\u012bvam dz\u012bvesveidam<\/strong>, k\u0101 ar\u012b <strong data-start=\"638\" data-end=\"652\">Smart Home<\/strong> un <strong data-start=\"656\" data-end=\"674\">Smart Security<\/strong> ier\u012bc\u0113m. Lieliska izv\u0113le <strong data-start=\"700\" data-end=\"742\">kamer\u0101m, foto zibspuldz\u0113m, luktur\u012b\u0161iem<\/strong> un cit\u0101m energoietilp\u012bg\u0101m ier\u012bc\u0113m, kur nepiecie\u0161ama stabila un jaud\u012bga darb\u012bba.<\/p>\n<p data-start=\"824\" data-end=\"851\"><strong data-start=\"824\" data-end=\"851\">Galven\u0101s priek\u0161roc\u012bbas:<\/strong><\/p>\n<ul data-start=\"852\" data-end=\"1068\">\n<li data-start=\"852\" data-end=\"890\">\n<p data-start=\"854\" data-end=\"890\">Darb\u012bba <strong data-start=\"862\" data-end=\"888\">ekstr\u0113m\u0101s temperat\u016br\u0101s<\/strong><\/p>\n<\/li>\n<li data-start=\"891\" data-end=\"928\">\n<p data-start=\"893\" data-end=\"928\">\u0100tra un uzticama ener\u0123ijas padeve<\/p>\n<\/li>\n<li data-start=\"929\" data-end=\"955\">\n<p data-start=\"931\" data-end=\"955\">Pieejami da\u017e\u0101di izm\u0113ri<\/p>\n<\/li>\n<li data-start=\"956\" data-end=\"1017\">\n<p data-start=\"958\" data-end=\"1017\">Ide\u0101li piem\u0113rotas <strong data-start=\"976\" data-end=\"1007\">Smart Home &amp; Smart Security<\/strong> ier\u012bc\u0113m<\/p>\n<\/li>\n<li data-start=\"1018\" data-end=\"1068\">\n<p data-start=\"1020\" data-end=\"1068\">Piem\u0113rotas kamer\u0101m, zibspuldz\u0113m un luktur\u012b\u0161iem<\/p>\n<\/li>\n<\/ul>\n<p><\/p>","protected":false},"excerpt":{"rendered":"<p>VARTA litija cilindrisk\u0101s baterijas \u2013 jauda ekstr\u0113mos apst\u0101k\u013cos VARTA litija cilindrisk\u0101s baterijas ir izstr\u0101d\u0101tas darbam ekstr\u0113m\u0101s temperat\u016br\u0101s, vienlaikus nodro\u0161inot \u0101tru un uzticamu ener\u0123ijas padevi. T\u0101s ir pieejamas da\u017e\u0101dos izm\u0113ros un paredz\u0113tas augsto tehnolo\u0123iju un foto tehnikaspielietojumiem. \u0160\u012bs baterijas ir ide\u0101li piem\u0113rotas m\u016bsdienu akt\u012bvam dz\u012bvesveidam, k\u0101 ar\u012b Smart Home un Smart Security ier\u012bc\u0113m. Lieliska izv\u0113le kamer\u0101m, [&hellip;]<\/p>\n","protected":false},"featured_media":101837,"comment_status":"closed","ping_status":"closed","template":"","meta":{"inline_featured_image":false},"product_cat":[449],"product_tag":[],"yst_prominent_words":[],"class_list":{"0":"post-101503","1":"product","2":"type-product","3":"status-publish","4":"has-post-thumbnail","6":"product_cat-foto-litijs","8":"first","9":"outofstock","10":"taxable","11":"shipping-taxable","12":"purchasable","13":"product-type-simple"},"jetpack_sharing_enabled":true,"_links":{"self":[{"href":"https:\/\/ddt.lv\/lv\/wp-json\/wp\/v2\/product\/101503"}],"collection":[{"href":"https:\/\/ddt.lv\/lv\/wp-json\/wp\/v2\/product"}],"about":[{"href":"https:\/\/ddt.lv\/lv\/wp-json\/wp\/v2\/types\/product"}],"replies":[{"embeddable":true,"href":"https:\/\/ddt.lv\/lv\/wp-json\/wp\/v2\/comments?post=101503"}],"wp:featuredmedia":[{"embeddable":true,"href":"https:\/\/ddt.lv\/lv\/wp-json\/wp\/v2\/media\/101837"}],"wp:attachment":[{"href":"https:\/\/ddt.lv\/lv\/wp-json\/wp\/v2\/media?parent=101503"}],"wp:term":[{"taxonomy":"product_cat","embeddable":true,"href":"https:\/\/ddt.lv\/lv\/wp-json\/wp\/v2\/product_cat?post=101503"},{"taxonomy":"product_tag","embeddable":true,"href":"https:\/\/ddt.lv\/lv\/wp-json\/wp\/v2\/product_tag?post=101503"},{"taxonomy":"yst_prominent_words","embeddable":true,"href":"https:\/\/ddt.lv\/lv\/wp-json\/wp\/v2\/yst_prominent_words?post=101503"}],"curies":[{"name":"wp","href":"https:\/\/api.w.org\/{rel}","templated":true}]}}