{"id":101493,"date":"2026-02-06T22:45:32","date_gmt":"2026-02-06T20:45:32","guid":{"rendered":"https:\/\/ddt.lv\/lv\/product\/3-7v-2500mah18650-li-ion-akumulators-ar-aizsardzibu-camelion\/"},"modified":"2026-04-08T14:46:25","modified_gmt":"2026-04-08T11:46:25","slug":"3-7v-2500mah18650-li-ion-akumulators-ar-aizsardzibu-camelion","status":"publish","type":"product","link":"https:\/\/ddt.lv\/lv\/product\/3-7v-2500mah18650-li-ion-akumulators-ar-aizsardzibu-camelion\/","title":{"rendered":"3.7V 2500mAh18650 Li-ion akumulators ar aizsardz\u012bbu Camelion"},"content":{"rendered":"<p><\/p>\n<p data-start=\"0\" data-end=\"36\"><strong data-start=\"0\" data-end=\"36\">CAMELION litija-jonu akumulators<\/strong><\/p>\n<p data-start=\"38\" data-end=\"332\" data-is-last-node=\"\" data-is-only-node=\"\"><strong data-start=\"38\" data-end=\"55\">18650 2500mAh<\/strong><br data-start=\"55\" data-end=\"58\" \/>\u2022 <strong data-start=\"60\" data-end=\"74\">Spriegums:<\/strong> 3.7V<br data-start=\"79\" data-end=\"82\" \/>\u2022 <strong data-start=\"84\" data-end=\"113\">Maksim\u0101l\u0101 izl\u0101des str\u0101va:<\/strong> 10A<br data-start=\"117\" data-end=\"120\" \/>\u2022 <strong data-start=\"122\" data-end=\"144\">Darba temperat\u016bra:<\/strong> no \u221220 \u00b0C l\u012bdz +60 \u00b0C<br data-start=\"166\" data-end=\"169\" \/>\u2022 <strong data-start=\"171\" data-end=\"200\">Standarta uzl\u0101de (500mA):<\/strong> 5,5 stundas (l\u012bdz maks. 4,2V)<br data-start=\"230\" data-end=\"233\" \/>\u2022 <strong data-start=\"235\" data-end=\"260\">\u0100tr\u0101 uzl\u0101de (1250mA):<\/strong> 2,5 stundas (l\u012bdz maks. 4,2V)<\/p>\n<p><\/p>","protected":false},"excerpt":{"rendered":"<p>CAMELION litija-jonu akumulators 18650 2500mAh\u2022 Spriegums: 3.7V\u2022 Maksim\u0101l\u0101 izl\u0101des str\u0101va: 10A\u2022 Darba temperat\u016bra: no \u221220 \u00b0C l\u012bdz +60 \u00b0C\u2022 Standarta uzl\u0101de (500mA): 5,5 stundas (l\u012bdz maks. 4,2V)\u2022 \u0100tr\u0101 uzl\u0101de (1250mA): 2,5 stundas (l\u012bdz maks. 4,2V)<\/p>\n","protected":false},"featured_media":101494,"comment_status":"closed","ping_status":"closed","template":"","meta":{"inline_featured_image":false},"product_cat":[772,932],"product_tag":[],"yst_prominent_words":[],"class_list":{"0":"post-101493","1":"product","2":"type-product","3":"status-publish","4":"has-post-thumbnail","6":"product_cat-atlaides","7":"product_cat-spec-pielietojuma-baterijas","9":"first","10":"instock","11":"sale","12":"taxable","13":"shipping-taxable","14":"purchasable","15":"product-type-simple"},"jetpack_sharing_enabled":true,"_links":{"self":[{"href":"https:\/\/ddt.lv\/lv\/wp-json\/wp\/v2\/product\/101493"}],"collection":[{"href":"https:\/\/ddt.lv\/lv\/wp-json\/wp\/v2\/product"}],"about":[{"href":"https:\/\/ddt.lv\/lv\/wp-json\/wp\/v2\/types\/product"}],"replies":[{"embeddable":true,"href":"https:\/\/ddt.lv\/lv\/wp-json\/wp\/v2\/comments?post=101493"}],"wp:featuredmedia":[{"embeddable":true,"href":"https:\/\/ddt.lv\/lv\/wp-json\/wp\/v2\/media\/101494"}],"wp:attachment":[{"href":"https:\/\/ddt.lv\/lv\/wp-json\/wp\/v2\/media?parent=101493"}],"wp:term":[{"taxonomy":"product_cat","embeddable":true,"href":"https:\/\/ddt.lv\/lv\/wp-json\/wp\/v2\/product_cat?post=101493"},{"taxonomy":"product_tag","embeddable":true,"href":"https:\/\/ddt.lv\/lv\/wp-json\/wp\/v2\/product_tag?post=101493"},{"taxonomy":"yst_prominent_words","embeddable":true,"href":"https:\/\/ddt.lv\/lv\/wp-json\/wp\/v2\/yst_prominent_words?post=101493"}],"curies":[{"name":"wp","href":"https:\/\/api.w.org\/{rel}","templated":true}]}}