{"id":101459,"date":"2026-02-06T11:05:27","date_gmt":"2026-02-06T09:05:27","guid":{"rendered":"https:\/\/ddt.lv\/lv\/product\/akustiskais-kabelis-2x-0-15mm2-sarkans-melns-200m-emos\/"},"modified":"2026-04-13T10:01:02","modified_gmt":"2026-04-13T07:01:02","slug":"akustiskais-kabelis-2x-0-15mm2-sarkans-melns-200m-emos","status":"publish","type":"product","link":"https:\/\/ddt.lv\/lv\/product\/akustiskais-kabelis-2x-0-15mm2-sarkans-melns-200m-emos\/","title":{"rendered":"Akustiskais kabelis 2X.0.15mm2 sarkans\/melns (200m) EMOS"},"content":{"rendered":"<p><\/p>\n<h1 class=\"box-detail__title__text  box-detail__title__text--with-number\">Neekran\u0113ts v\u012bt\u0101 p\u0101ra kabelis, 2 x 0,15\u00a0mm, melns\/sarkans, 200\u00a0m<\/h1>\n<p><\/p>","protected":false},"excerpt":{"rendered":"<p>Neekran\u0113ts v\u012bt\u0101 p\u0101ra kabelis, 2 x 0,15\u00a0mm, melns\/sarkans, 200\u00a0m<\/p>\n","protected":false},"featured_media":101476,"comment_status":"closed","ping_status":"closed","template":"","meta":{"inline_featured_image":false},"product_cat":[1724,772],"product_tag":[],"yst_prominent_words":[],"class_list":{"0":"post-101459","1":"product","2":"type-product","3":"status-publish","4":"has-post-thumbnail","6":"product_cat-akustiskie-vadi-pagarinataji-un-sadalitaji","7":"product_cat-atlaides","9":"first","10":"instock","11":"sale","12":"taxable","13":"shipping-taxable","14":"purchasable","15":"product-type-simple"},"jetpack_sharing_enabled":true,"_links":{"self":[{"href":"https:\/\/ddt.lv\/lv\/wp-json\/wp\/v2\/product\/101459"}],"collection":[{"href":"https:\/\/ddt.lv\/lv\/wp-json\/wp\/v2\/product"}],"about":[{"href":"https:\/\/ddt.lv\/lv\/wp-json\/wp\/v2\/types\/product"}],"replies":[{"embeddable":true,"href":"https:\/\/ddt.lv\/lv\/wp-json\/wp\/v2\/comments?post=101459"}],"wp:featuredmedia":[{"embeddable":true,"href":"https:\/\/ddt.lv\/lv\/wp-json\/wp\/v2\/media\/101476"}],"wp:attachment":[{"href":"https:\/\/ddt.lv\/lv\/wp-json\/wp\/v2\/media?parent=101459"}],"wp:term":[{"taxonomy":"product_cat","embeddable":true,"href":"https:\/\/ddt.lv\/lv\/wp-json\/wp\/v2\/product_cat?post=101459"},{"taxonomy":"product_tag","embeddable":true,"href":"https:\/\/ddt.lv\/lv\/wp-json\/wp\/v2\/product_tag?post=101459"},{"taxonomy":"yst_prominent_words","embeddable":true,"href":"https:\/\/ddt.lv\/lv\/wp-json\/wp\/v2\/yst_prominent_words?post=101459"}],"curies":[{"name":"wp","href":"https:\/\/api.w.org\/{rel}","templated":true}]}}