{"id":101425,"date":"2026-02-06T00:02:09","date_gmt":"2026-02-05T22:02:09","guid":{"rendered":"https:\/\/ddt.lv\/lv\/product\/led-gls-a60-e27-11w-240v-1055lm-3000k-spuldze-emos\/"},"modified":"2026-04-08T10:37:45","modified_gmt":"2026-04-08T07:37:45","slug":"led-gls-a60-e27-11w-240v-1055lm-3000k-spuldze-emos","status":"publish","type":"product","link":"https:\/\/ddt.lv\/lv\/product\/led-gls-a60-e27-11w-240v-1055lm-3000k-spuldze-emos\/","title":{"rendered":"LED GLS A60 E27 11W 240V 1055lm 3000K spuldze EMOS"},"content":{"rendered":"<p><\/p>\n<h3 data-start=\"165\" data-end=\"189\">Svar\u012bg\u0101kie parametri<\/h3>\n<ul data-start=\"191\" data-end=\"356\">\n<li data-start=\"191\" data-end=\"219\">\n<p data-start=\"193\" data-end=\"219\"><strong data-start=\"193\" data-end=\"213\">Cokols (ligzda):<\/strong> E27<\/p>\n<\/li>\n<li data-start=\"220\" data-end=\"254\">\n<p data-start=\"222\" data-end=\"254\"><strong data-start=\"222\" data-end=\"240\">Gaismas kr\u0101sa:<\/strong> silti balta<\/p>\n<\/li>\n<li data-start=\"255\" data-end=\"293\">\n<p data-start=\"257\" data-end=\"293\"><strong data-start=\"257\" data-end=\"286\">Kv\u0113lspuldzes ekvivalents:<\/strong> 75 W<\/p>\n<\/li>\n<li data-start=\"294\" data-end=\"326\">\n<p data-start=\"296\" data-end=\"326\"><strong data-start=\"296\" data-end=\"315\">Gaismas pl\u016bsma:<\/strong> 1 055 lm<\/p>\n<\/li>\n<li data-start=\"327\" data-end=\"356\">\n<p data-start=\"329\" data-end=\"356\"><strong data-start=\"329\" data-end=\"349\">Jaudas pat\u0113ri\u0146\u0161:<\/strong> 11 W<\/p>\n<\/li>\n<\/ul>\n<p data-start=\"358\" data-end=\"565\">Efekt\u012bva <strong data-start=\"367\" data-end=\"396\">LED spuldze ar E27 cokolu<\/strong>, kas nodro\u0161ina <strong data-start=\"412\" data-end=\"455\">1 055 l\u016bmenu spilgtu silti baltu gaismu<\/strong>, vienlaikus aizst\u0101jot tradicion\u0101lo <strong data-start=\"491\" data-end=\"511\">75 W kv\u0113lspuldzi<\/strong> ar iev\u0113rojami zem\u0101ku ener\u0123ijas pat\u0113ri\u0146u \u2013 tikai 11 W.<\/p>\n<p><\/p>","protected":false},"excerpt":{"rendered":"<p>Svar\u012bg\u0101kie parametri Cokols (ligzda): E27 Gaismas kr\u0101sa: silti balta Kv\u0113lspuldzes ekvivalents: 75 W Gaismas pl\u016bsma: 1 055 lm Jaudas pat\u0113ri\u0146\u0161: 11 W Efekt\u012bva LED spuldze ar E27 cokolu, kas nodro\u0161ina 1 055 l\u016bmenu spilgtu silti baltu gaismu, vienlaikus aizst\u0101jot tradicion\u0101lo 75 W kv\u0113lspuldzi ar iev\u0113rojami zem\u0101ku ener\u0123ijas pat\u0113ri\u0146u \u2013 tikai 11 W.<\/p>\n","protected":false},"featured_media":101426,"comment_status":"closed","ping_status":"closed","template":"","meta":{"inline_featured_image":false},"product_cat":[772,850],"product_tag":[],"yst_prominent_words":[],"class_list":{"0":"post-101425","1":"product","2":"type-product","3":"status-publish","4":"has-post-thumbnail","6":"product_cat-atlaides","7":"product_cat-e27-spuldzes","9":"first","10":"instock","11":"sale","12":"taxable","13":"shipping-taxable","14":"purchasable","15":"product-type-simple"},"jetpack_sharing_enabled":true,"_links":{"self":[{"href":"https:\/\/ddt.lv\/lv\/wp-json\/wp\/v2\/product\/101425"}],"collection":[{"href":"https:\/\/ddt.lv\/lv\/wp-json\/wp\/v2\/product"}],"about":[{"href":"https:\/\/ddt.lv\/lv\/wp-json\/wp\/v2\/types\/product"}],"replies":[{"embeddable":true,"href":"https:\/\/ddt.lv\/lv\/wp-json\/wp\/v2\/comments?post=101425"}],"wp:featuredmedia":[{"embeddable":true,"href":"https:\/\/ddt.lv\/lv\/wp-json\/wp\/v2\/media\/101426"}],"wp:attachment":[{"href":"https:\/\/ddt.lv\/lv\/wp-json\/wp\/v2\/media?parent=101425"}],"wp:term":[{"taxonomy":"product_cat","embeddable":true,"href":"https:\/\/ddt.lv\/lv\/wp-json\/wp\/v2\/product_cat?post=101425"},{"taxonomy":"product_tag","embeddable":true,"href":"https:\/\/ddt.lv\/lv\/wp-json\/wp\/v2\/product_tag?post=101425"},{"taxonomy":"yst_prominent_words","embeddable":true,"href":"https:\/\/ddt.lv\/lv\/wp-json\/wp\/v2\/yst_prominent_words?post=101425"}],"curies":[{"name":"wp","href":"https:\/\/api.w.org\/{rel}","templated":true}]}}