{"id":101383,"date":"2026-02-05T20:35:36","date_gmt":"2026-02-05T18:35:36","guid":{"rendered":"https:\/\/ddt.lv\/lv\/product\/toledo-stick-e27-14w-240v-1521lm-6500k-spuldze-sylvania\/"},"modified":"2026-04-06T11:02:32","modified_gmt":"2026-04-06T08:02:32","slug":"toledo-stick-e27-14w-240v-1521lm-6500k-spuldze-sylvania","status":"publish","type":"product","link":"https:\/\/ddt.lv\/lv\/product\/toledo-stick-e27-14w-240v-1521lm-6500k-spuldze-sylvania\/","title":{"rendered":"ToLEDo Stick E27 14W 240V 1521lm 6500K spuldze Sylvania"},"content":{"rendered":"<p><strong data-start=\"117\" data-end=\"166\">Spilgts, visaptvero\u0161s apgaismojuma risin\u0101jums<\/strong> dz\u012bvojam\u0101m telp\u0101m, sienas gaismek\u013ciem, griestu gaismek\u013ciem, kompaktiem un dekorat\u012bviem gaismek\u013ciem<br data-start=\"265\" data-end=\"268\" \/>\u2022 <strong data-start=\"270\" data-end=\"299\">\u0100tra un vienk\u0101r\u0161a nomai\u0146a<\/strong> kompaktaj\u0101m luminiscences, halog\u0113na vai kv\u0113lspuldz\u0113m<br data-start=\"352\" data-end=\"355\" \/>\u2022 <strong data-start=\"357\" data-end=\"387\">Vid\u0113jais kalpo\u0161anas laiks:<\/strong> 15 000 h<br data-start=\"396\" data-end=\"399\" \/>\u2022 <strong data-start=\"401\" data-end=\"436\">L\u012bdz 85 % ener\u0123ijas ietaup\u012bjums<\/strong> sal\u012bdzin\u0101jum\u0101 ar kv\u0113lspuldz\u0113m<br data-start=\"466\" data-end=\"469\" \/>\u2022 <strong data-start=\"471\" data-end=\"507\">Par 50 % ilg\u0101ks kalpo\u0161anas laiks<\/strong> un <strong data-start=\"511\" data-end=\"549\">par 45 % maz\u0101ks ener\u0123ijas pat\u0113ri\u0146\u0161<\/strong> sal\u012bdzin\u0101jum\u0101 ar integr\u0113taj\u0101m kompaktaj\u0101m luminiscences spuldz\u0113m<br data-start=\"614\" data-end=\"617\" \/>\u2022 <strong data-start=\"619\" data-end=\"649\">Energoefektivit\u0101tes klase:<\/strong> E<br data-start=\"652\" data-end=\"655\" \/>\u2022 <strong data-start=\"657\" data-end=\"687\">Visvirzienu gaismas sadale<\/strong><br data-start=\"687\" data-end=\"690\" \/>\u2022 <strong data-start=\"692\" data-end=\"709\">Nav dimm\u0113jama<\/strong><\/p>","protected":false},"excerpt":{"rendered":"<p>Spilgts, visaptvero\u0161s apgaismojuma risin\u0101jums dz\u012bvojam\u0101m telp\u0101m, sienas gaismek\u013ciem, griestu gaismek\u013ciem, kompaktiem un dekorat\u012bviem gaismek\u013ciem\u2022 \u0100tra un vienk\u0101r\u0161a nomai\u0146a kompaktaj\u0101m luminiscences, halog\u0113na vai kv\u0113lspuldz\u0113m\u2022 Vid\u0113jais kalpo\u0161anas laiks: 15 000 h\u2022 L\u012bdz 85 % ener\u0123ijas ietaup\u012bjums sal\u012bdzin\u0101jum\u0101 ar kv\u0113lspuldz\u0113m\u2022 Par 50 % ilg\u0101ks kalpo\u0161anas laiks un par 45 % maz\u0101ks ener\u0123ijas pat\u0113ri\u0146\u0161 sal\u012bdzin\u0101jum\u0101 ar integr\u0113taj\u0101m kompaktaj\u0101m luminiscences [&hellip;]<\/p>\n","protected":false},"featured_media":101384,"comment_status":"closed","ping_status":"closed","template":"","meta":{"inline_featured_image":false},"product_cat":[772,850],"product_tag":[],"yst_prominent_words":[],"class_list":{"0":"post-101383","1":"product","2":"type-product","3":"status-publish","4":"has-post-thumbnail","6":"product_cat-atlaides","7":"product_cat-e27-spuldzes","9":"first","10":"instock","11":"sale","12":"taxable","13":"shipping-taxable","14":"purchasable","15":"product-type-simple"},"jetpack_sharing_enabled":true,"_links":{"self":[{"href":"https:\/\/ddt.lv\/lv\/wp-json\/wp\/v2\/product\/101383"}],"collection":[{"href":"https:\/\/ddt.lv\/lv\/wp-json\/wp\/v2\/product"}],"about":[{"href":"https:\/\/ddt.lv\/lv\/wp-json\/wp\/v2\/types\/product"}],"replies":[{"embeddable":true,"href":"https:\/\/ddt.lv\/lv\/wp-json\/wp\/v2\/comments?post=101383"}],"wp:featuredmedia":[{"embeddable":true,"href":"https:\/\/ddt.lv\/lv\/wp-json\/wp\/v2\/media\/101384"}],"wp:attachment":[{"href":"https:\/\/ddt.lv\/lv\/wp-json\/wp\/v2\/media?parent=101383"}],"wp:term":[{"taxonomy":"product_cat","embeddable":true,"href":"https:\/\/ddt.lv\/lv\/wp-json\/wp\/v2\/product_cat?post=101383"},{"taxonomy":"product_tag","embeddable":true,"href":"https:\/\/ddt.lv\/lv\/wp-json\/wp\/v2\/product_tag?post=101383"},{"taxonomy":"yst_prominent_words","embeddable":true,"href":"https:\/\/ddt.lv\/lv\/wp-json\/wp\/v2\/yst_prominent_words?post=101383"}],"curies":[{"name":"wp","href":"https:\/\/api.w.org\/{rel}","templated":true}]}}