{"id":2958,"date":"2019-08-15T08:27:59","date_gmt":"2019-08-15T05:27:59","guid":{"rendered":"https:\/\/ddt.lv\/en\/?page_id=2958"},"modified":"2022-06-10T10:53:51","modified_gmt":"2022-06-10T07:53:51","slug":"lietosanas-noteikumi","status":"publish","type":"page","link":"https:\/\/ddt.lv\/lv\/lietosanas-noteikumi\/","title":{"rendered":"Lieto\u0161anas Noteikumi"},"content":{"rendered":"<p><strong>Visp\u0101r\u0113jie noteikumi<\/strong><\/p>\n<ol>\n<li>Interneta veikals www.ddt.lv\u00a0ir SIA DDT, re\u0123.nr. 40003333449, juridisk\u0101 adrese Stabu 108, R\u012bg\u0101, LV-1009, piedero\u0161a un uztur\u0113ta interneta vietne.<\/li>\n<li>Intelektu\u0101l\u0101 \u012bpa\u0161uma ties\u012bbas uz\u00a0www.ddt.lv\u00a0pieder SIA DDT.<\/li>\n<li>SIA DDT ir ties\u012bbas main\u012bt interneta vietnes saturu un lieto\u0161anas noteikumus un tie st\u0101jas sp\u0113k\u0101 l\u012bdz ar public\u0113\u0161anas br\u012bdi.<\/li>\n<li>SIA DDT neatbild par jebk\u0101da veida zaud\u0113jumiem, kas lietot\u0101jam radu\u0161ies, interneta veikala\u00a0www.ddt.lv\u00a0lieto\u0161anas rezult\u0101t\u0101.<\/li>\n<li>Piek\u013c\u016bstot\u00a0www.ddt.lv\u00a0\u00a0interneta vietnei un lietojot to, lietot\u0101js apliecina, ka ir izlas\u012bjis t\u0101s lieto\u0161anas noteikumus un piekr\u012bt tos iev\u0113rot.<\/li>\n<li>Klientam pirms pas\u016bt\u012bjuma veik\u0161anas ir j\u0101apliecina, ka tas ir iepazinies ar \u0161iem noteikumiem, k\u0101 ar\u012b ar Pre\u010du pieg\u0101des noteikumiem un Garantijas un atteikuma ties\u012bb\u0101m.<\/li>\n<li>Ieg\u0101d\u0101joties\u00a0www.ddt.lv\u00a0\u00a0interneta veikal\u0101 pied\u0101v\u0101t\u0101s preces, tiek uzskat\u012bts, ka \u0161\u0101da savstarp\u0113ja vieno\u0161an\u0101s ir Distances l\u012bgums un to regul\u0113 LR Ministru kabineta noteikumi Nr. 255 \u201cNoteikumi par distances l\u012bgumu\u201d.<\/li>\n<\/ol>\n<p><strong>Datu konfidencialit\u0101te<\/strong><\/p>\n<ol start=\"8\">\n<li>ddt.lv\u00a0\u00a0interneta veikala lietot\u0101jiem ir iesp\u0113ja re\u0123istr\u0113ties k\u0101 past\u0101v\u012bgam lietot\u0101jam, izveidojot savu lietot\u0101ja profilu.<\/li>\n<li>Lietot\u0101jam ir aizliegts izpaust savus piek\u013cuves datus cit\u0101m person\u0101m.<\/li>\n<li>Lietojot\u00a0www.ddt.lv\u00a0\u00a0interneta veikalu, lietot\u0101js piekr\u012bt personas datu apstr\u0101dei. Tas nepiecie\u0161ams pas\u016bt\u012bjuma noform\u0113\u0161anai un pre\u010du pieg\u0101dei. SIA DDT neizmanto un nedal\u0101s ar ieg\u016bto inform\u0101ciju ar tre\u0161aj\u0101m person\u0101m.<\/li>\n<li>Lietot\u0101js, nor\u0101dot savu e-pasta adresi piekr\u012bt sa\u0146emt inform\u0101ciju no interneta vietnes par da\u017e\u0101d\u0101m aktualit\u0101t\u0113m, pied\u0101v\u0101jumiem.<\/li>\n<li>SIA DDT var apkopot un uzglab\u0101t datus, kas \u013cauj analiz\u0113t interneta vietnes apmekl\u0113t\u012bbu un izmanto\u0161anu.<\/li>\n<li>Detaliz\u0113ta inform\u0101cija par personas datu apstr\u0101di un aizsardz\u012bbu iek\u013cauta\u00a0Priv\u0101tuma politik\u0101.<\/li>\n<\/ol>\n<p><strong>Pre\u010du apraksti un cenas<\/strong><\/p>\n<ol start=\"14\">\n<li>Interneta veikal\u0101 www.ddt.lv\u00a0\u00a0redzamie pre\u010du att\u0113li var at\u0161\u0137irties no pied\u0101v\u0101t\u0101s preces. Lai preciz\u0113tu preces raksturojumu vai nov\u0113rstu ar t\u0101s pas\u016bt\u012b\u0161anu radu\u0161\u0101s vai saist\u012bt\u0101s neskaidr\u012bbas, k\u0101 ar\u012b izvair\u012btos no p\u0101rpratumiem, l\u016bdzam J\u016bs sazin\u0101ties ar www.ddt.lv pa e-pastu: eveikals@ddt.lv , vai pa tel. <strong>+37126603991<\/strong><strong>\u00a0<\/strong>.<\/li>\n<li>Visas cenas nor\u0101d\u012btas euro\u00a0ar PVN. Cen\u0101 nav ietverta maksa par pieg\u0101di. Cena\u00a0veikalos\u00a0var at\u0161\u0137irties no cenas\u00a0interneta veikal\u0101.<\/li>\n<li>Cenas var tikt main\u012btas bez iepriek\u0161\u0113ja pazi\u0146ojuma. Izmai\u0146as st\u0101jas sp\u0113k\u0101 no to public\u0113\u0161anas br\u012b\u017ea interneta veikal\u0101\u00a0www.ddt.lv\u00a0\u00a0un t\u0101s attiecas uz pas\u016bt\u012bjumiem, kas veikti p\u0113c izmai\u0146u public\u0113\u0161anas.<\/li>\n<li>Cenas pas\u016bt\u012bjum\u0101 ir sp\u0113k\u0101\u00a0<strong>5\u00a0<\/strong>darba dienas.<\/li>\n<\/ol>\n<p><strong>Pas\u016bt\u012bjuma atcel\u0161ana jeb distances l\u012bguma p\u0101rtrauk\u0161ana<\/strong><\/p>\n<ol start=\"18\">\n<li>SIA DDT, l\u012bdz br\u012bdim, kam\u0113r nav sa\u0146emta klienta apmaksa, ir ties\u012bbas atcelt klienta pas\u016bt\u012bjumu, ja tiek konstat\u0113tas neatbilst\u012bbas pre\u010du aprakstos vai cen\u0101s.<\/li>\n<li>Pas\u016bt\u012bjums tiek anul\u0113ts, ja r\u0113\u0137ins netiek apmaks\u0101ts\u00a0<strong>5\u00a0<\/strong>dienu laik\u0101 no t\u0101 nos\u016bt\u012b\u0161anas br\u012b\u017ea Klientam.<\/li>\n<li>SIA DDT ir ties\u012bbas p\u0101rtraukt distances l\u012bgumu gad\u012bjum\u0101, ja puses cie\u0161 p\u0101rm\u0113r\u012bgus zaud\u0113jumus l\u012bguma izpild\u0113 un citos normat\u012bvajos aktos noteiktajos gad\u012bjumos.<\/li>\n<\/ol>\n<p><strong>Apmaksas k\u0101rt\u012bba<\/strong><\/p>\n<ol start=\"21\">\n<li>Apmaksu var veikt:<\/li>\n<\/ol>\n<ul>\n<li>ar p\u0101rskait\u012bjumu bank\u0101 (maks\u0101jot ar p\u0101rskait\u012bjumu, preci var sa\u0146emt, kad nauda ieskait\u012bta DDT bankas kont\u0101 vai uzr\u0101dot bankas apstiprin\u0101tu maks\u0101juma uzdevumu ar z\u012bmogu un parakstu);<\/li>\n<li>skaidr\u0101 naud\u0101 vai ar maks\u0101jumu karti preci sa\u0146emot DDT SIA veikalos;<\/li>\n<\/ul>\n<ol start=\"22\">\n<li>Ja prece, ko v\u0113laties ieg\u0101d\u0101ties nav noliktav\u0101 un t\u0101 ir speci\u0101li j\u0101pas\u016bta, Jums b\u016bs j\u0101veic garantijas iemaksa 50-100% apm\u0113r\u0101 no preces v\u0113rt\u012bbas.<\/li>\n<\/ol>\n<p><\/p>","protected":false},"excerpt":{"rendered":"<p>Visp\u0101r\u0113jie noteikumi Interneta veikals www.ddt.lv\u00a0ir SIA DDT, re\u0123.nr. 40003333449, juridisk\u0101 adrese Stabu 108, R\u012bg\u0101, LV-1009, piedero\u0161a un uztur\u0113ta interneta vietne. Intelektu\u0101l\u0101 \u012bpa\u0161uma ties\u012bbas uz\u00a0www.ddt.lv\u00a0pieder SIA DDT. SIA DDT ir ties\u012bbas main\u012bt interneta vietnes saturu un lieto\u0161anas noteikumus un tie st\u0101jas sp\u0113k\u0101 l\u012bdz ar public\u0113\u0161anas br\u012bdi. SIA DDT neatbild par jebk\u0101da veida zaud\u0113jumiem, kas lietot\u0101jam radu\u0161ies, [&hellip;]<\/p>\n","protected":false},"author":1,"featured_media":0,"parent":0,"menu_order":0,"comment_status":"closed","ping_status":"closed","template":"","meta":{"inline_featured_image":false,"footnotes":""},"yst_prominent_words":[],"class_list":["post-2958","page","type-page","status-publish","hentry"],"jetpack_sharing_enabled":true,"_links":{"self":[{"href":"https:\/\/ddt.lv\/lv\/wp-json\/wp\/v2\/pages\/2958"}],"collection":[{"href":"https:\/\/ddt.lv\/lv\/wp-json\/wp\/v2\/pages"}],"about":[{"href":"https:\/\/ddt.lv\/lv\/wp-json\/wp\/v2\/types\/page"}],"author":[{"embeddable":true,"href":"https:\/\/ddt.lv\/lv\/wp-json\/wp\/v2\/users\/1"}],"replies":[{"embeddable":true,"href":"https:\/\/ddt.lv\/lv\/wp-json\/wp\/v2\/comments?post=2958"}],"version-history":[{"count":10,"href":"https:\/\/ddt.lv\/lv\/wp-json\/wp\/v2\/pages\/2958\/revisions"}],"predecessor-version":[{"id":33945,"href":"https:\/\/ddt.lv\/lv\/wp-json\/wp\/v2\/pages\/2958\/revisions\/33945"}],"wp:attachment":[{"href":"https:\/\/ddt.lv\/lv\/wp-json\/wp\/v2\/media?parent=2958"}],"wp:term":[{"taxonomy":"yst_prominent_words","embeddable":true,"href":"https:\/\/ddt.lv\/lv\/wp-json\/wp\/v2\/yst_prominent_words?post=2958"}],"curies":[{"name":"wp","href":"https:\/\/api.w.org\/{rel}","templated":true}]}}