{"id":19974,"date":"2019-12-10T16:17:15","date_gmt":"2019-12-10T14:17:15","guid":{"rendered":"https:\/\/ddt.lv\/lv\/?page_id=19974"},"modified":"2024-10-31T08:47:16","modified_gmt":"2024-10-31T06:47:16","slug":"piegade","status":"publish","type":"page","link":"https:\/\/ddt.lv\/lv\/piegade\/","title":{"rendered":"Pieg\u0101de"},"content":{"rendered":"<p><strong>M\u0113s, Internetveikals DDT.lv pied\u0101v\u0101jam da\u017e\u0101das pieg\u0101des iesp\u0113jas m\u016bsu klientu ert\u012bb\u0101m!<\/strong><\/p>\n<p><strong>Sa\u0146em\u0161ana uz vietas DDT.lv ofis\u0101 Stabu iel\u0101 108<\/strong> &#8211; Bezmaksas! \u0112rti sa\u0146em preci p\u0113c pavaddokumentu apmaksas. Preces ofis\u0101 var sa\u0146emt no 9:00 &#8211; 16:00, pusdienas p\u0101rtraukums 12:00-13:00, v\u0113lams iepriek\u0161 vienoties par sa\u0146em\u0161anu pa t\u0101lruni +371 26 60 39 91.<\/p>\n<p><strong>Sa\u0146em\u0161ana ar Omniva pakom\u0101tu<\/strong> &#8211; Izv\u0113lies sev tuv\u0101ko pakom\u0101tu, nor\u0101di to lauk\u0101 &#8216;Pieg\u0101des adrese&#8217; un sa\u0146em s\u016bt\u012bjumu vienas darba dienas laik\u0101! *Cena var at\u0161\u0137irties atkar\u012bb\u0101 no pas\u016bt\u012bjuma svara un izm\u0113riem.<\/p>\n<p><strong>Sa\u0146em\u0161ana ar Venipak kurjeru<\/strong> &#8211; Pieg\u0101de uz J\u016bsu m\u0101j\u0101m, kurjers ar Jums sazin\u0101sies pa nor\u0101d\u012bto t\u0101lruni. Pas\u016bt\u012bjums tiks pieg\u0101d\u0101ts uz adresi, kura nor\u0101d\u012bta lauk\u0101 &#8216;Pieg\u0101des adrese&#8217;. *Cena var at\u0161\u0137irties atkar\u012bb\u0101 no pas\u016bt\u012bjuma svara un izm\u0113riem.<\/p>\n<p><strong>Sa\u0146em\u0161ana DPD Pickup punkt\u0101<\/strong> &#8211; Izv\u0113lies sev tuv\u0101ko Pickup punktu, nor\u0101di to lauk\u0101 &#8216;Pieg\u0101des adrese&#8217; un sa\u0146em s\u016bt\u012bjumu vienas darba dienas laik\u0101! *Cena var at\u0161\u0137irties atkar\u012bb\u0101 no pas\u016bt\u012bjuma svara un izm\u0113riem.<\/p>","protected":false},"excerpt":{"rendered":"<p>M\u0113s, Internetveikals DDT.lv pied\u0101v\u0101jam da\u017e\u0101das pieg\u0101des iesp\u0113jas m\u016bsu klientu ert\u012bb\u0101m! Sa\u0146em\u0161ana uz vietas DDT.lv ofis\u0101 Stabu iel\u0101 108 &#8211; Bezmaksas! \u0112rti sa\u0146em preci p\u0113c pavaddokumentu apmaksas. Preces ofis\u0101 var sa\u0146emt no 9:00 &#8211; 16:00, pusdienas p\u0101rtraukums 12:00-13:00, v\u0113lams iepriek\u0161 vienoties par sa\u0146em\u0161anu pa t\u0101lruni +371 26 60 39 91. Sa\u0146em\u0161ana ar Omniva pakom\u0101tu &#8211; Izv\u0113lies [&hellip;]<\/p>\n","protected":false},"author":1,"featured_media":0,"parent":0,"menu_order":0,"comment_status":"closed","ping_status":"closed","template":"","meta":{"inline_featured_image":false,"footnotes":""},"yst_prominent_words":[],"class_list":["post-19974","page","type-page","status-publish","hentry"],"jetpack_sharing_enabled":true,"_links":{"self":[{"href":"https:\/\/ddt.lv\/lv\/wp-json\/wp\/v2\/pages\/19974"}],"collection":[{"href":"https:\/\/ddt.lv\/lv\/wp-json\/wp\/v2\/pages"}],"about":[{"href":"https:\/\/ddt.lv\/lv\/wp-json\/wp\/v2\/types\/page"}],"author":[{"embeddable":true,"href":"https:\/\/ddt.lv\/lv\/wp-json\/wp\/v2\/users\/1"}],"replies":[{"embeddable":true,"href":"https:\/\/ddt.lv\/lv\/wp-json\/wp\/v2\/comments?post=19974"}],"version-history":[{"count":13,"href":"https:\/\/ddt.lv\/lv\/wp-json\/wp\/v2\/pages\/19974\/revisions"}],"predecessor-version":[{"id":40460,"href":"https:\/\/ddt.lv\/lv\/wp-json\/wp\/v2\/pages\/19974\/revisions\/40460"}],"wp:attachment":[{"href":"https:\/\/ddt.lv\/lv\/wp-json\/wp\/v2\/media?parent=19974"}],"wp:term":[{"taxonomy":"yst_prominent_words","embeddable":true,"href":"https:\/\/ddt.lv\/lv\/wp-json\/wp\/v2\/yst_prominent_words?post=19974"}],"curies":[{"name":"wp","href":"https:\/\/api.w.org\/{rel}","templated":true}]}}