{"id":111,"date":"2019-05-23T14:20:25","date_gmt":"2019-05-23T11:20:25","guid":{"rendered":"https:\/\/ddt.lv\/?page_id=111"},"modified":"2025-12-10T08:55:29","modified_gmt":"2025-12-10T06:55:29","slug":"kontakti","status":"publish","type":"page","link":"https:\/\/ddt.lv\/lv\/kontakti\/","title":{"rendered":"Kontakti"},"content":{"rendered":"<p><\/p>\n<div style=\"text-align: center;\"><strong>Pas\u016btot preci internet\u0101 iesp\u0113jams to sa\u0146emt ar\u012b k\u0101d\u0101 no m\u016bsu veikaliem!<\/strong><\/div>\n<div>\n<div><\/div>\n<div style=\"text-align: center;\"><strong>M\u016bsu rekviz\u012bti:<\/strong><\/div>\n<div style=\"text-align: center;\"><strong>SIA &#8216;DDT&#8217;, LV40003333449<\/strong><\/div>\n<div style=\"text-align: center;\"><strong>Stabu iela 108-4, R\u012bga, LV-1009<\/strong><\/div>\n<div style=\"text-align: center;\"><strong>A\/S SWEDBANK HABALV22<\/strong><\/div>\n<div style=\"text-align: center;\"><strong>LV96HABA0001408033327<\/strong><\/div>\n<\/div>\n<div class=\"row contact-row\">\n<div class=\"col-xs-12 col-md-6 item\"><iframe style=\"border: 0;\" src=\"https:\/\/www.google.com\/maps\/embed?pb=!1m18!1m12!1m3!1d2175.98456552718!2d24.14092021609518!3d56.94906570656176!2m3!1f0!2f0!3f0!3m2!1i1024!2i768!4f13.1!3m3!1m2!1s0x46eece301b272757%3A0xd9dab5f82675166f!2sStabu+iela+108%2C+Latgales+priek%C5%A1pils%C4%93ta%2C+R%C4%ABga%2C+LV-1009!5e0!3m2!1sen!2slv!4v1558622277731!5m2!1sen!2slv\" frameborder=\"0\" allowfullscreen=\"allowfullscreen\"><\/iframe><\/div>\n<div class=\"col-xs-12 col-md-6 item\">\n<div class=\"contact-block\">\n<div class=\"contact-title\">DDT Birojs\/Interneta veikals<\/div>\n<div class=\"contact-address\">Stabu iela 108, R\u012bga, LV-1009<br \/>\nT\u0101lrunis:+371 26603991<br \/>\nE-pasts: eveikals@ddt.lv<br \/>\nDarba laiks:<br \/>\npirmdiena-piektdiena 9.00-16.30<\/div>\n<div>Pusdienu p\u0101rtraukums no 12:00 &#8211; 13:00<\/div>\n<div class=\"contact-address\"><a class=\"waze\" href=\"https:\/\/www.waze.com\/ul?ll=56.949063%2C24.143109&amp;navigate=yes&amp;zoom=16\"><br \/>\n<img decoding=\"async\" src=\"https:\/\/ddt.lv\/wp-content\/uploads\/2019\/05\/waze_icon.png\" \/><br \/>\n<\/a><\/div>\n<\/div>\n<\/div>\n<\/div>\n<div class=\"row contact-row\">\n<div class=\"col-xs-12 col-md-6 item\"><iframe style=\"border: 0;\" src=\"https:\/\/www.google.com\/maps\/embed?pb=!1m18!1m12!1m3!1d2175.625563847368!2d24.12760241609532!3d56.95521620608085!2m3!1f0!2f0!3f0!3m2!1i1024!2i768!4f13.1!3m3!1m2!1s0x46eece33330fe611%3A0x4c2b6cab7a84f62f!2zS3JpxaFqxIHFhmEgQmFyb25hIGllbGEgNjIsIENlbnRyYSByYWpvbnMsIFLEq2dhLCBMVi0xMDEx!5e0!3m2!1sen!2slv!4v1558622419846!5m2!1sen!2slv\" frameborder=\"0\" allowfullscreen=\"allowfullscreen\"><\/iframe><\/div>\n<div class=\"col-xs-12 col-md-6 item\">\n<div class=\"contact-block\">\n<div class=\"contact-title\">DDT Barona Veikals<\/div>\n<div class=\"contact-address\">Kr. Barona iela 62, R\u012bga, LV-1011<br \/>\nT\u0101lrunis: 26 66 70 25<br \/>\nE-pasts: birojs@ddt.lv<br \/>\nDarba laiks:<br \/>\npirmdiena-piektdiena 10.00-19.00<br \/>\nPusdienu p\u0101rtraukums no 13:00 &#8211; 14:00<br \/>\n<a class=\"waze\" href=\"https:\/\/www.waze.com\/ul?ll=56.955213%2C24.129791&amp;navigate=yes&amp;zoom=16\"><br \/>\n<img decoding=\"async\" src=\"https:\/\/ddt.lv\/wp-content\/uploads\/2019\/05\/waze_icon.png\" \/><br \/>\n<\/a><\/div>\n<\/div>\n<\/div>\n<\/div>\n<div class=\"row contact-row\">\n<div class=\"col-xs-12 col-md-6 item\"><iframe style=\"border: 0;\" src=\"https:\/\/www.google.com\/maps\/embed?pb=!1m18!1m12!1m3!1d2143.399165885634!2d22.800220816111697!3d57.505595862917815!2m3!1f0!2f0!3f0!3m2!1i1024!2i768!4f13.1!3m3!1m2!1s0x46ee139dc42f022f%3A0x2298e70ef9946f66!2sSelgas+iela+1b%2C+Roja%2C+Rojas+pagasts%2C+LV-3264!5e0!3m2!1sen!2slv!4v1558622405821!5m2!1sen!2slv\" frameborder=\"0\" allowfullscreen=\"allowfullscreen\"><\/iframe><\/div>\n<div class=\"col-xs-12 col-md-6 item\">\n<div class=\"contact-block\">\n<div class=\"contact-title\">DDT Rojas Veikals<\/div>\n<div class=\"contact-address\">Selgas iela 1B, Roja, Rojas nov., LV-3264<\/div>\n<div class=\"contact-address\">T\u0101lrunis: 63269692<br \/>\nE-pasts: elektroroja@gmail.com<br \/>\nDarba laiks:<br \/>\notrdiena-piektdiena 9.00-18.00<\/div>\n<div class=\"contact-address\">sestdiena 9.00-15.00<br \/>\n<a class=\"waze\" href=\"https:\/\/www.waze.com\/ul?ll=57.505593%2C22.80241&amp;navigate=yes&amp;zoom=16\"><br \/>\n<img decoding=\"async\" src=\"https:\/\/ddt.lv\/wp-content\/uploads\/2019\/05\/waze_icon.png\" \/><\/a><\/div>\n<\/div>\n<\/div>\n<\/div>\n<p><\/p>","protected":false},"excerpt":{"rendered":"<p>Pas\u016btot preci internet\u0101 iesp\u0113jams to sa\u0146emt ar\u012b k\u0101d\u0101 no m\u016bsu veikaliem! M\u016bsu rekviz\u012bti: SIA &#8216;DDT&#8217;, LV40003333449 Stabu iela 108-4, R\u012bga, LV-1009 A\/S SWEDBANK HABALV22 LV96HABA0001408033327 DDT Birojs\/Interneta veikals Stabu iela 108, R\u012bga, LV-1009 T\u0101lrunis:+371 26603991 E-pasts: eveikals@ddt.lv Darba laiks: pirmdiena-piektdiena 9.00-16.30 Pusdienu p\u0101rtraukums no 12:00 &#8211; 13:00 DDT Barona Veikals Kr. Barona iela 62, R\u012bga, [&hellip;]<\/p>\n","protected":false},"author":1,"featured_media":0,"parent":0,"menu_order":0,"comment_status":"closed","ping_status":"closed","template":"page-templates\/full-width.php","meta":{"inline_featured_image":false,"footnotes":""},"yst_prominent_words":[],"class_list":["post-111","page","type-page","status-publish","hentry"],"jetpack_sharing_enabled":true,"_links":{"self":[{"href":"https:\/\/ddt.lv\/lv\/wp-json\/wp\/v2\/pages\/111"}],"collection":[{"href":"https:\/\/ddt.lv\/lv\/wp-json\/wp\/v2\/pages"}],"about":[{"href":"https:\/\/ddt.lv\/lv\/wp-json\/wp\/v2\/types\/page"}],"author":[{"embeddable":true,"href":"https:\/\/ddt.lv\/lv\/wp-json\/wp\/v2\/users\/1"}],"replies":[{"embeddable":true,"href":"https:\/\/ddt.lv\/lv\/wp-json\/wp\/v2\/comments?post=111"}],"version-history":[{"count":51,"href":"https:\/\/ddt.lv\/lv\/wp-json\/wp\/v2\/pages\/111\/revisions"}],"predecessor-version":[{"id":96731,"href":"https:\/\/ddt.lv\/lv\/wp-json\/wp\/v2\/pages\/111\/revisions\/96731"}],"wp:attachment":[{"href":"https:\/\/ddt.lv\/lv\/wp-json\/wp\/v2\/media?parent=111"}],"wp:term":[{"taxonomy":"yst_prominent_words","embeddable":true,"href":"https:\/\/ddt.lv\/lv\/wp-json\/wp\/v2\/yst_prominent_words?post=111"}],"curies":[{"name":"wp","href":"https:\/\/api.w.org\/{rel}","templated":true}]}}