{"id":101,"date":"2019-05-23T14:10:23","date_gmt":"2019-05-23T11:10:23","guid":{"rendered":"https:\/\/ddt.lv\/?page_id=101"},"modified":"2024-01-24T07:50:05","modified_gmt":"2024-01-24T05:50:05","slug":"sakumlapa","status":"publish","type":"page","link":"https:\/\/ddt.lv\/lv\/","title":{"rendered":"S\u0101kumlapa"},"content":{"rendered":"<p><\/p>\n<div class=\"row about about-row\">\n<div class=\"col-xs-12 col-md-offset-3 col-md-6 text intro\">\n<h1 style=\"margin-bottom: 30px; font-size: 28px; text-align: center;\">Baterijas, elektromateri\u0101li un to vairumtirdzniec\u012bba<\/h1>\n<p style=\"text-align: center;\">Sia DDT ir dibin\u0101ta 1997. gad\u0101 un ir viena no vado\u0161aj\u0101m baro\u0161anas elementu un apgaismojuma produktu tirdzniec\u012bbas komp\u0101nij\u0101m Baltijas valst\u012bs, p\u0101rst\u0101vot t\u0101dus z\u012bmolus, k\u0101 <strong>Varta, Duracell, Camelion, Sylvania, Avide un Emos.<\/strong><\/p>\n<p style=\"text-align: center;\">Komp\u0101nijai att\u012bstoties, esam veiksm\u012bgi papla\u0161in\u0101ju\u0161i sortimentu ar saimniec\u012bbas prec\u0113m, sadz\u012bves tehniku un elektromateri\u0101liem, p\u0101rst\u0101vot tadus z\u012bmolus, k\u0101 <strong>Vorel, Moment, Stanley, Unold, Wago, Legrand<\/strong> un citus.<\/p>\n<p style=\"text-align: center;\">Veiksm\u012bgi apkalpojam vairumtirdzniec\u012bbas un mazumtirdzniec\u012bbas veikalus, un organiz\u0101cijas vis\u0101 Latvij\u0101 jau vair\u0101k k\u0101 20 gadus.<\/p>\n<p><img loading=\"lazy\" decoding=\"async\" class=\"aligncenter wp-image-24883 img-responsive\" src=\"http:\/\/ddt.lv\/wp-content\/uploads\/2023\/02\/distributor_2023.jpg\" alt=\"\" width=\"602\" height=\"426\" \/><\/p>\n<\/div>\n<\/div>\n<p><\/p>","protected":false},"excerpt":{"rendered":"<p>Baterijas, elektromateri\u0101li un to vairumtirdzniec\u012bba Sia DDT ir dibin\u0101ta 1997. gad\u0101 un ir viena no vado\u0161aj\u0101m baro\u0161anas elementu un apgaismojuma produktu tirdzniec\u012bbas komp\u0101nij\u0101m Baltijas valst\u012bs, p\u0101rst\u0101vot t\u0101dus z\u012bmolus, k\u0101 Varta, Duracell, Camelion, Sylvania, Avide un Emos. Komp\u0101nijai att\u012bstoties, esam veiksm\u012bgi papla\u0161in\u0101ju\u0161i sortimentu ar saimniec\u012bbas prec\u0113m, sadz\u012bves tehniku un elektromateri\u0101liem, p\u0101rst\u0101vot tadus z\u012bmolus, k\u0101 Vorel, Moment, [&hellip;]<\/p>\n","protected":false},"author":1,"featured_media":0,"parent":0,"menu_order":0,"comment_status":"closed","ping_status":"closed","template":"page-templates\/home.php","meta":{"inline_featured_image":false,"footnotes":""},"yst_prominent_words":[1400,1399,1401,1398,1403,1402,1397],"class_list":["post-101","page","type-page","status-publish","hentry"],"jetpack_sharing_enabled":true,"_links":{"self":[{"href":"https:\/\/ddt.lv\/lv\/wp-json\/wp\/v2\/pages\/101"}],"collection":[{"href":"https:\/\/ddt.lv\/lv\/wp-json\/wp\/v2\/pages"}],"about":[{"href":"https:\/\/ddt.lv\/lv\/wp-json\/wp\/v2\/types\/page"}],"author":[{"embeddable":true,"href":"https:\/\/ddt.lv\/lv\/wp-json\/wp\/v2\/users\/1"}],"replies":[{"embeddable":true,"href":"https:\/\/ddt.lv\/lv\/wp-json\/wp\/v2\/comments?post=101"}],"version-history":[{"count":328,"href":"https:\/\/ddt.lv\/lv\/wp-json\/wp\/v2\/pages\/101\/revisions"}],"predecessor-version":[{"id":38849,"href":"https:\/\/ddt.lv\/lv\/wp-json\/wp\/v2\/pages\/101\/revisions\/38849"}],"wp:attachment":[{"href":"https:\/\/ddt.lv\/lv\/wp-json\/wp\/v2\/media?parent=101"}],"wp:term":[{"taxonomy":"yst_prominent_words","embeddable":true,"href":"https:\/\/ddt.lv\/lv\/wp-json\/wp\/v2\/yst_prominent_words?post=101"}],"curies":[{"name":"wp","href":"https:\/\/api.w.org\/{rel}","templated":true}]}}