{"id":98943,"date":"2026-01-16T15:45:39","date_gmt":"2026-01-16T13:45:39","guid":{"rendered":"https:\/\/ddt.lv\/lv\/product\/led-gu10-7w-110-240v-580lm-3000k-spuldze-sylvania\/"},"modified":"2026-04-23T11:20:42","modified_gmt":"2026-04-23T08:20:42","slug":"led-gu10-7w-110-240v-580lm-3000k-spuldze-sylvania","status":"publish","type":"product","link":"https:\/\/ddt.lv\/en\/product\/led-gu10-7w-110-240v-580lm-3000k-bulb-sylvania\/","title":{"rendered":"LED GU10 7W 110 &#8216;240V 580lm 3000K bulb Sylvania"},"content":{"rendered":"<p>Kompakta, energoefekt\u012bva un izcilas cenas LED GU10 lampa.<br data-start=\"89\" data-end=\"92\" \/>T\u0101da pati forma un izm\u0113rs k\u0101 halog\u0113na GU10 lampai.<br data-start=\"142\" data-end=\"145\" \/>Kompakta <em data-start=\"154\" data-end=\"167\">Cluster SMD<\/em> tehnolo\u0123ija nodro\u0161ina augstu efektivit\u0101ti ar halog\u0113nam l\u012bdz\u012bgu izskatu.<br data-start=\"239\" data-end=\"242\" \/>Samazin\u0101ta redzam\u0101 siltuma novad\u012bt\u0101ja da\u013ca no priek\u0161puses.<br data-start=\"300\" data-end=\"303\" \/>Pieejama ar 110\u00b0 staru le\u0146\u0137i.<br data-start=\"332\" data-end=\"335\" \/>Augsta gaismas efektivit\u0101te.<br data-start=\"363\" data-end=\"366\" \/>Vid\u0113jais nomin\u0101lais kalpo\u0161anas laiks \u2013 15 000 stundas.<\/p>","protected":false},"excerpt":{"rendered":"<p>Kompakta, energoefekt\u012bva un izcilas cenas LED GU10 lampa.T\u0101da pati forma un izm\u0113rs k\u0101 halog\u0113na GU10 lampai.Kompakta Cluster SMD tehnolo\u0123ija nodro\u0161ina augstu efektivit\u0101ti ar halog\u0113nam l\u012bdz\u012bgu izskatu.Samazin\u0101ta redzam\u0101 siltuma novad\u012bt\u0101ja da\u013ca no priek\u0161puses.Pieejama ar 110\u00b0 staru le\u0146\u0137i.Augsta gaismas efektivit\u0101te.Vid\u0113jais nomin\u0101lais kalpo\u0161anas laiks \u2013 15 000 stundas.<\/p>\n","protected":false},"featured_media":98934,"comment_status":"closed","ping_status":"closed","template":"","meta":{"inline_featured_image":false},"product_cat":[772,852],"product_tag":[],"yst_prominent_words":[],"class_list":{"0":"post-98943","1":"product","2":"type-product","3":"status-publish","4":"has-post-thumbnail","6":"product_cat-atlaides","7":"product_cat-gu10-spuldzes","9":"first","10":"instock","11":"sale","12":"taxable","13":"shipping-taxable","14":"purchasable","15":"product-type-simple"},"jetpack_sharing_enabled":true,"_links":{"self":[{"href":"https:\/\/ddt.lv\/en\/wp-json\/wp\/v2\/product\/98943"}],"collection":[{"href":"https:\/\/ddt.lv\/en\/wp-json\/wp\/v2\/product"}],"about":[{"href":"https:\/\/ddt.lv\/en\/wp-json\/wp\/v2\/types\/product"}],"replies":[{"embeddable":true,"href":"https:\/\/ddt.lv\/en\/wp-json\/wp\/v2\/comments?post=98943"}],"wp:featuredmedia":[{"embeddable":true,"href":"https:\/\/ddt.lv\/en\/wp-json\/wp\/v2\/media\/98934"}],"wp:attachment":[{"href":"https:\/\/ddt.lv\/en\/wp-json\/wp\/v2\/media?parent=98943"}],"wp:term":[{"taxonomy":"product_cat","embeddable":true,"href":"https:\/\/ddt.lv\/en\/wp-json\/wp\/v2\/product_cat?post=98943"},{"taxonomy":"product_tag","embeddable":true,"href":"https:\/\/ddt.lv\/en\/wp-json\/wp\/v2\/product_tag?post=98943"},{"taxonomy":"yst_prominent_words","embeddable":true,"href":"https:\/\/ddt.lv\/en\/wp-json\/wp\/v2\/yst_prominent_words?post=98943"}],"curies":[{"name":"wp","href":"https:\/\/api.w.org\/{rel}","templated":true}]}}