{"id":6869,"date":"2019-10-28T08:39:06","date_gmt":"2019-10-28T06:39:06","guid":{"rendered":"https:\/\/ddt.lv\/product\/kruzes-blenderis-design-700w-1-5l-240v-unold\/"},"modified":"2026-04-08T14:36:32","modified_gmt":"2026-04-08T11:36:32","slug":"kruzes-blenderis-design-700w-1-5l-240v-unold","status":"publish","type":"product","link":"https:\/\/ddt.lv\/en\/product\/kruzes-blenderis-design-700w-1-5l-240v-unold\/","title":{"rendered":"STANDMIXER DESIGN 1,5L 700W UNOLD"},"content":{"rendered":"<p>Dizaina un jaudas apvienojums!<\/p>\n<p>Ar kr\u016bzes blenderi Design iesp\u0113jams pagatavot sm\u016btijus, bieze\u0146us un sagriezt d\u0101rze\u0146us pateicoties impulsa sl\u0113dzim. 13- 16t\u016bkst. apgriezieni min\u016bt\u0113.<\/p>\n<p>Aptuveni 1.5l tilpums, v\u0101ka aug\u0161pus\u0113 ieb\u016bv\u0113ta m\u0113rgl\u0101ze un svari\u0146i.<\/p>\n","protected":false},"excerpt":{"rendered":"<p>Dizaina un jaudas apvienojums! Ar kr\u016bzes blenderi Design iesp\u0113jams pagatavot sm\u016btijus, bieze\u0146us un sagriezt d\u0101rze\u0146us pateicoties impulsa sl\u0113dzim. 13- 16t\u016bkst. apgriezieni min\u016bt\u0113. Aptuveni 1.5l tilpums, v\u0101ka aug\u0161pus\u0113 ieb\u016bv\u0113ta m\u0113rgl\u0101ze un svari\u0146i.<\/p>\n","protected":false},"featured_media":7519,"comment_status":"closed","ping_status":"closed","template":"","meta":{"inline_featured_image":false},"product_cat":[535],"product_tag":[],"yst_prominent_words":[],"class_list":{"0":"post-6869","1":"product","2":"type-product","3":"status-publish","4":"has-post-thumbnail","6":"product_cat-blenderimikserisulasspiedes","8":"first","9":"outofstock","10":"taxable","11":"shipping-taxable","12":"purchasable","13":"product-type-simple"},"jetpack_sharing_enabled":true,"_links":{"self":[{"href":"https:\/\/ddt.lv\/en\/wp-json\/wp\/v2\/product\/6869"}],"collection":[{"href":"https:\/\/ddt.lv\/en\/wp-json\/wp\/v2\/product"}],"about":[{"href":"https:\/\/ddt.lv\/en\/wp-json\/wp\/v2\/types\/product"}],"replies":[{"embeddable":true,"href":"https:\/\/ddt.lv\/en\/wp-json\/wp\/v2\/comments?post=6869"}],"wp:featuredmedia":[{"embeddable":true,"href":"https:\/\/ddt.lv\/en\/wp-json\/wp\/v2\/media\/7519"}],"wp:attachment":[{"href":"https:\/\/ddt.lv\/en\/wp-json\/wp\/v2\/media?parent=6869"}],"wp:term":[{"taxonomy":"product_cat","embeddable":true,"href":"https:\/\/ddt.lv\/en\/wp-json\/wp\/v2\/product_cat?post=6869"},{"taxonomy":"product_tag","embeddable":true,"href":"https:\/\/ddt.lv\/en\/wp-json\/wp\/v2\/product_tag?post=6869"},{"taxonomy":"yst_prominent_words","embeddable":true,"href":"https:\/\/ddt.lv\/en\/wp-json\/wp\/v2\/yst_prominent_words?post=6869"}],"curies":[{"name":"wp","href":"https:\/\/api.w.org\/{rel}","templated":true}]}}