{"id":6867,"date":"2019-10-28T08:39:06","date_gmt":"2019-10-28T06:39:06","guid":{"rendered":"https:\/\/ddt.lv\/product\/sildplate-unold\/"},"modified":"2026-04-13T09:56:37","modified_gmt":"2026-04-13T06:56:37","slug":"sildplate-unold","status":"publish","type":"product","link":"https:\/\/ddt.lv\/en\/product\/sildplate-unold\/","title":{"rendered":"Warming plate UNOLD"},"content":{"rendered":"<p>Sildplate Unold uztur \u0113dienu siltu jebkur\u0101 viet\u0101! Uzsil\u0161ana aiz\u0146em aptuveni 5 min\u016btes un tad sildplate darbojas un uztur siltu \u0113dienu bez elektr\u012bbas piesl\u0113guma. Ieb\u016bv\u0113ta p\u0101rkar\u0161anas funkcija, l\u012bdz ar to \u0113diens nepiedegs un paliks silts ilgi p\u0113c t\u0101 no\u0146em\u0161anas no pl\u012bts.<\/p>\n","protected":false},"excerpt":{"rendered":"<p>Sildplate Unold uztur \u0113dienu siltu jebkur\u0101 viet\u0101! Uzsil\u0161ana aiz\u0146em aptuveni 5 min\u016btes un tad sildplate darbojas un uztur siltu \u0113dienu bez elektr\u012bbas piesl\u0113guma. Ieb\u016bv\u0113ta p\u0101rkar\u0161anas funkcija, l\u012bdz ar to \u0113diens nepiedegs un paliks silts ilgi p\u0113c t\u0101 no\u0146em\u0161anas no pl\u012bts.<\/p>\n","protected":false},"featured_media":7480,"comment_status":"closed","ping_status":"closed","template":"","meta":{"inline_featured_image":false},"product_cat":[533],"product_tag":[],"yst_prominent_words":[],"class_list":{"0":"post-6867","1":"product","2":"type-product","3":"status-publish","4":"has-post-thumbnail","6":"product_cat-sildplates-galda-grili","8":"first","9":"instock","10":"taxable","11":"shipping-taxable","12":"purchasable","13":"product-type-simple"},"jetpack_sharing_enabled":true,"_links":{"self":[{"href":"https:\/\/ddt.lv\/en\/wp-json\/wp\/v2\/product\/6867"}],"collection":[{"href":"https:\/\/ddt.lv\/en\/wp-json\/wp\/v2\/product"}],"about":[{"href":"https:\/\/ddt.lv\/en\/wp-json\/wp\/v2\/types\/product"}],"replies":[{"embeddable":true,"href":"https:\/\/ddt.lv\/en\/wp-json\/wp\/v2\/comments?post=6867"}],"wp:featuredmedia":[{"embeddable":true,"href":"https:\/\/ddt.lv\/en\/wp-json\/wp\/v2\/media\/7480"}],"wp:attachment":[{"href":"https:\/\/ddt.lv\/en\/wp-json\/wp\/v2\/media?parent=6867"}],"wp:term":[{"taxonomy":"product_cat","embeddable":true,"href":"https:\/\/ddt.lv\/en\/wp-json\/wp\/v2\/product_cat?post=6867"},{"taxonomy":"product_tag","embeddable":true,"href":"https:\/\/ddt.lv\/en\/wp-json\/wp\/v2\/product_tag?post=6867"},{"taxonomy":"yst_prominent_words","embeddable":true,"href":"https:\/\/ddt.lv\/en\/wp-json\/wp\/v2\/yst_prominent_words?post=6867"}],"curies":[{"name":"wp","href":"https:\/\/api.w.org\/{rel}","templated":true}]}}