{"id":6858,"date":"2019-10-28T08:39:05","date_gmt":"2019-10-28T06:39:05","guid":{"rendered":"https:\/\/ddt.lv\/product\/kruzes-blenderis-500w-1-5l-240v-nerus-terauds-melns-unold\/"},"modified":"2026-04-08T14:36:22","modified_gmt":"2026-04-08T11:36:22","slug":"kruzes-blenderis-500w-1-5l-240v-nerus-terauds-melns-unold","status":"publish","type":"product","link":"https:\/\/ddt.lv\/en\/product\/kruzes-blenderis-500w-1-5l-240v-nerus-terauds-melns-unold\/","title":{"rendered":"(Latvie\u0161u) Kr\u016bzes blenderis 500W 1.5L 240V ner\u016bsejo\u0161\u0101 t\u0113rauda UNOLD"},"content":{"rendered":"<p>Sm\u016btijs, piena kokteilis, biezenis vai kr\u0113mzupa: \u0161is viss un v\u0113l vair\u0101k ir \u0101tri pagatavojams ar blenderi \u2018Edel\u2019. \u010cetri nerus\u0113jo\u0161\u0101 t\u0113rauda asme\u0146i grie\u017e, smalcina un miks\u0113 kr\u016bz\u0113 ievietot\u0101s stast\u0101vda\u013cas, pat ledus gabali\u0146us. Blenderi iesp\u0113jams izjaukt l\u012bdz pat maz\u0101kajai deta\u013cai, padarot t\u012br\u012b\u0161anu \u013coti \u0113rtu un paroc\u012bgu.<\/p>\n","protected":false},"excerpt":{"rendered":"<p>Sm\u016btijs, piena kokteilis, biezenis vai kr\u0113mzupa: \u0161is viss un v\u0113l vair\u0101k ir \u0101tri pagatavojams ar blenderi \u2018Edel\u2019. \u010cetri nerus\u0113jo\u0161\u0101 t\u0113rauda asme\u0146i grie\u017e, smalcina un miks\u0113 kr\u016bz\u0113 ievietot\u0101s stast\u0101vda\u013cas, pat ledus gabali\u0146us. Blenderi iesp\u0113jams izjaukt l\u012bdz pat maz\u0101kajai deta\u013cai, padarot t\u012br\u012b\u0161anu \u013coti \u0113rtu un paroc\u012bgu.<\/p>\n","protected":false},"featured_media":7575,"comment_status":"closed","ping_status":"closed","template":"","meta":{"inline_featured_image":false},"product_cat":[535],"product_tag":[],"yst_prominent_words":[],"class_list":{"0":"post-6858","1":"product","2":"type-product","3":"status-publish","4":"has-post-thumbnail","6":"product_cat-blenderimikserisulasspiedes","8":"first","9":"outofstock","10":"taxable","11":"shipping-taxable","12":"purchasable","13":"product-type-simple"},"jetpack_sharing_enabled":true,"_links":{"self":[{"href":"https:\/\/ddt.lv\/en\/wp-json\/wp\/v2\/product\/6858"}],"collection":[{"href":"https:\/\/ddt.lv\/en\/wp-json\/wp\/v2\/product"}],"about":[{"href":"https:\/\/ddt.lv\/en\/wp-json\/wp\/v2\/types\/product"}],"replies":[{"embeddable":true,"href":"https:\/\/ddt.lv\/en\/wp-json\/wp\/v2\/comments?post=6858"}],"wp:featuredmedia":[{"embeddable":true,"href":"https:\/\/ddt.lv\/en\/wp-json\/wp\/v2\/media\/7575"}],"wp:attachment":[{"href":"https:\/\/ddt.lv\/en\/wp-json\/wp\/v2\/media?parent=6858"}],"wp:term":[{"taxonomy":"product_cat","embeddable":true,"href":"https:\/\/ddt.lv\/en\/wp-json\/wp\/v2\/product_cat?post=6858"},{"taxonomy":"product_tag","embeddable":true,"href":"https:\/\/ddt.lv\/en\/wp-json\/wp\/v2\/product_tag?post=6858"},{"taxonomy":"yst_prominent_words","embeddable":true,"href":"https:\/\/ddt.lv\/en\/wp-json\/wp\/v2\/yst_prominent_words?post=6858"}],"curies":[{"name":"wp","href":"https:\/\/api.w.org\/{rel}","templated":true}]}}