{"id":6806,"date":"2019-10-28T08:38:58","date_gmt":"2019-10-28T06:38:58","guid":{"rendered":"https:\/\/ddt.lv\/product\/elektriska-tejkanna-design-1-5l-balta-unold\/"},"modified":"2026-04-08T14:36:07","modified_gmt":"2026-04-08T11:36:07","slug":"elektriska-tejkanna-design-1-5l-balta-unold","status":"publish","type":"product","link":"https:\/\/ddt.lv\/en\/product\/elektriska-tejkanna-design-1-5l-balta-unold\/","title":{"rendered":"KETTLE Unold Design 1.5l white"},"content":{"rendered":"<p>T\u0113jkanna Design ir veidota m\u016bsdien\u012bgas virtuves gaisotnei! 2200w Jauda \u016bdeni uzsilda zibens \u0101trum\u0101.<\/p>\n<p>Apr\u012bkota ar dubulto ner\u016bs\u0113jo\u0161a t\u0113rauda sienu, t\u0101d\u0113j\u0101di pasarg\u0101jot no virsmas uzkar\u0161anas.\u00a0 Liela atvere \u0113rtai t\u012br\u012b\u0161anai.<\/p>\n","protected":false},"excerpt":{"rendered":"<p>T\u0113jkanna Design ir veidota m\u016bsdien\u012bgas virtuves gaisotnei! 2200w Jauda \u016bdeni uzsilda zibens \u0101trum\u0101. Apr\u012bkota ar dubulto ner\u016bs\u0113jo\u0161a t\u0113rauda sienu, t\u0101d\u0113j\u0101di pasarg\u0101jot no virsmas uzkar\u0161anas.\u00a0 Liela atvere \u0113rtai t\u012br\u012b\u0161anai.<\/p>\n","protected":false},"featured_media":7597,"comment_status":"closed","ping_status":"closed","template":"","meta":{"inline_featured_image":false},"product_cat":[523],"product_tag":[],"yst_prominent_words":[],"class_list":{"0":"post-6806","1":"product","2":"type-product","3":"status-publish","4":"has-post-thumbnail","6":"product_cat-tejkannas-kafijas-automati","8":"first","9":"outofstock","10":"taxable","11":"shipping-taxable","12":"purchasable","13":"product-type-simple"},"jetpack_sharing_enabled":true,"_links":{"self":[{"href":"https:\/\/ddt.lv\/en\/wp-json\/wp\/v2\/product\/6806"}],"collection":[{"href":"https:\/\/ddt.lv\/en\/wp-json\/wp\/v2\/product"}],"about":[{"href":"https:\/\/ddt.lv\/en\/wp-json\/wp\/v2\/types\/product"}],"replies":[{"embeddable":true,"href":"https:\/\/ddt.lv\/en\/wp-json\/wp\/v2\/comments?post=6806"}],"wp:featuredmedia":[{"embeddable":true,"href":"https:\/\/ddt.lv\/en\/wp-json\/wp\/v2\/media\/7597"}],"wp:attachment":[{"href":"https:\/\/ddt.lv\/en\/wp-json\/wp\/v2\/media?parent=6806"}],"wp:term":[{"taxonomy":"product_cat","embeddable":true,"href":"https:\/\/ddt.lv\/en\/wp-json\/wp\/v2\/product_cat?post=6806"},{"taxonomy":"product_tag","embeddable":true,"href":"https:\/\/ddt.lv\/en\/wp-json\/wp\/v2\/product_tag?post=6806"},{"taxonomy":"yst_prominent_words","embeddable":true,"href":"https:\/\/ddt.lv\/en\/wp-json\/wp\/v2\/yst_prominent_words?post=6806"}],"curies":[{"name":"wp","href":"https:\/\/api.w.org\/{rel}","templated":true}]}}