{"id":6695,"date":"2019-10-28T08:38:45","date_gmt":"2019-10-28T06:38:45","guid":{"rendered":"https:\/\/ddt.lv\/product\/popkorna-aparats-retro-rot-hroma-unold\/"},"modified":"2026-04-08T14:35:45","modified_gmt":"2026-04-08T11:35:45","slug":"popkorna-aparats-retro-rot-hroma-unold","status":"publish","type":"product","link":"https:\/\/ddt.lv\/en\/product\/popkorna-aparats-retro-rot-hroma-unold\/","title":{"rendered":"POPCORN MAKER RETRO ROT chrome UNOLD"},"content":{"rendered":"<p>Popkorna pagatavot\u0101js Zelta piecdesmito stil\u0101!<\/p>\n<p>Apvelt\u012bts ar ner\u016bs\u0113jo\u0161\u0101 t\u0113rauda katli\u0146u. Komplekt\u0101 ietilpst divas m\u0113rkarotes &#8211; popkorna s\u0113kli\u0146\u0101m un e\u013c\u013cai.<\/p>\n<p>Pievilc\u012bgs un profesion\u0101ls pal\u012bgs virtuv\u0113!<\/p>\n","protected":false},"excerpt":{"rendered":"<p>Popkorna pagatavot\u0101js Zelta piecdesmito stil\u0101! Apvelt\u012bts ar ner\u016bs\u0113jo\u0161\u0101 t\u0113rauda katli\u0146u. Komplekt\u0101 ietilpst divas m\u0113rkarotes &#8211; popkorna s\u0113kli\u0146\u0101m un e\u013c\u013cai. Pievilc\u012bgs un profesion\u0101ls pal\u012bgs virtuv\u0113!<\/p>\n","protected":false},"featured_media":7611,"comment_status":"closed","ping_status":"closed","template":"","meta":{"inline_featured_image":false},"product_cat":[527],"product_tag":[],"yst_prominent_words":[],"class_list":{"0":"post-6695","1":"product","2":"type-product","3":"status-publish","4":"has-post-thumbnail","6":"product_cat-saldejuma-un-popkorna-aparati","8":"first","9":"outofstock","10":"taxable","11":"shipping-taxable","12":"purchasable","13":"product-type-simple"},"jetpack_sharing_enabled":true,"_links":{"self":[{"href":"https:\/\/ddt.lv\/en\/wp-json\/wp\/v2\/product\/6695"}],"collection":[{"href":"https:\/\/ddt.lv\/en\/wp-json\/wp\/v2\/product"}],"about":[{"href":"https:\/\/ddt.lv\/en\/wp-json\/wp\/v2\/types\/product"}],"replies":[{"embeddable":true,"href":"https:\/\/ddt.lv\/en\/wp-json\/wp\/v2\/comments?post=6695"}],"wp:featuredmedia":[{"embeddable":true,"href":"https:\/\/ddt.lv\/en\/wp-json\/wp\/v2\/media\/7611"}],"wp:attachment":[{"href":"https:\/\/ddt.lv\/en\/wp-json\/wp\/v2\/media?parent=6695"}],"wp:term":[{"taxonomy":"product_cat","embeddable":true,"href":"https:\/\/ddt.lv\/en\/wp-json\/wp\/v2\/product_cat?post=6695"},{"taxonomy":"product_tag","embeddable":true,"href":"https:\/\/ddt.lv\/en\/wp-json\/wp\/v2\/product_tag?post=6695"},{"taxonomy":"yst_prominent_words","embeddable":true,"href":"https:\/\/ddt.lv\/en\/wp-json\/wp\/v2\/yst_prominent_words?post=6695"}],"curies":[{"name":"wp","href":"https:\/\/api.w.org\/{rel}","templated":true}]}}