{"id":6662,"date":"2019-10-28T08:38:42","date_gmt":"2019-10-28T06:38:42","guid":{"rendered":"https:\/\/ddt.lv\/product\/sokolades-fondi-unold\/"},"modified":"2026-04-08T14:35:34","modified_gmt":"2026-04-08T11:35:34","slug":"sokolades-fondi-unold","status":"publish","type":"product","link":"https:\/\/ddt.lv\/en\/product\/sokolades-fondi-unold\/","title":{"rendered":"Chocolate maker UNOLD"},"content":{"rendered":"<p>\u0160okol\u0101des fond\u012b Chocolate Maker p\u0101rv\u0113r\u0161 t\u0101fel\u012bti karst\u0101, kr\u0113m\u012bg\u0101 \u0161okol\u0101des mas\u0101 vien\u0101 mirkl\u012b! Pla\u0161ains piederumu kl\u0101sts padara \u0161okol\u0101des kaus\u0113\u0161anu par jautru un gardu izklaidi.<\/p>\n<p>&nbsp;<\/p>\n","protected":false},"excerpt":{"rendered":"<p>\u0160okol\u0101des fond\u012b Chocolate Maker p\u0101rv\u0113r\u0161 t\u0101fel\u012bti karst\u0101, kr\u0113m\u012bg\u0101 \u0161okol\u0101des mas\u0101 vien\u0101 mirkl\u012b! Pla\u0161ains piederumu kl\u0101sts padara \u0161okol\u0101des kaus\u0113\u0161anu par jautru un gardu izklaidi. &nbsp;<\/p>\n","protected":false},"featured_media":7631,"comment_status":"closed","ping_status":"closed","template":"","meta":{"inline_featured_image":false},"product_cat":[526],"product_tag":[],"yst_prominent_words":[],"class_list":{"0":"post-6662","1":"product","2":"type-product","3":"status-publish","4":"has-post-thumbnail","6":"product_cat-fondi-un-sokolades-struklakas","8":"first","9":"instock","10":"taxable","11":"shipping-taxable","12":"purchasable","13":"product-type-simple"},"jetpack_sharing_enabled":true,"_links":{"self":[{"href":"https:\/\/ddt.lv\/en\/wp-json\/wp\/v2\/product\/6662"}],"collection":[{"href":"https:\/\/ddt.lv\/en\/wp-json\/wp\/v2\/product"}],"about":[{"href":"https:\/\/ddt.lv\/en\/wp-json\/wp\/v2\/types\/product"}],"replies":[{"embeddable":true,"href":"https:\/\/ddt.lv\/en\/wp-json\/wp\/v2\/comments?post=6662"}],"wp:featuredmedia":[{"embeddable":true,"href":"https:\/\/ddt.lv\/en\/wp-json\/wp\/v2\/media\/7631"}],"wp:attachment":[{"href":"https:\/\/ddt.lv\/en\/wp-json\/wp\/v2\/media?parent=6662"}],"wp:term":[{"taxonomy":"product_cat","embeddable":true,"href":"https:\/\/ddt.lv\/en\/wp-json\/wp\/v2\/product_cat?post=6662"},{"taxonomy":"product_tag","embeddable":true,"href":"https:\/\/ddt.lv\/en\/wp-json\/wp\/v2\/product_tag?post=6662"},{"taxonomy":"yst_prominent_words","embeddable":true,"href":"https:\/\/ddt.lv\/en\/wp-json\/wp\/v2\/yst_prominent_words?post=6662"}],"curies":[{"name":"wp","href":"https:\/\/api.w.org\/{rel}","templated":true}]}}