{"id":6631,"date":"2019-10-28T08:38:39","date_gmt":"2019-10-28T06:38:39","guid":{"rendered":"https:\/\/ddt.lv\/product\/fritesanas-katls-fritteuse-air-w1000-1-6l-unold\/"},"modified":"2026-04-08T14:32:42","modified_gmt":"2026-04-08T11:32:42","slug":"fritesanas-katls-fritteuse-air-w1000-1-6l-unold","status":"publish","type":"product","link":"https:\/\/ddt.lv\/en\/product\/fritesanas-katls-fritteuse-air-w1000-1-6l-unold\/","title":{"rendered":"AIR FRYER Unold 1.6l"},"content":{"rendered":"<p>Ar Fritteuse Air karst\u0101 gaisa cirkul\u0101cijas katlu ir iesp\u0113jams gril\u0113t, cept un sutin\u0101t no 80 l\u012bdz 200 gr\u0101du temperat\u016br\u0101.<\/p>\n<p>Darba temperat\u016bra tiek sasniegta \u0101tri,t\u0101d\u0113j\u0101di ietaupot resursus attiec\u012bb\u0101 pret parasto m\u0101jas cepe\u0161kr\u0101sni.<\/p>\n<p>Ietilp\u012bba- 1.6litri. Ieb\u016bv\u0113ts taimeris l\u012bdz 30 min\u016bt\u0113m kur\u0161 pazi\u0146os, kad laiks vakari\u0146\u0101m!<\/p>\n","protected":false},"excerpt":{"rendered":"<p>Ar Fritteuse Air karst\u0101 gaisa cirkul\u0101cijas katlu ir iesp\u0113jams gril\u0113t, cept un sutin\u0101t no 80 l\u012bdz 200 gr\u0101du temperat\u016br\u0101. Darba temperat\u016bra tiek sasniegta \u0101tri,t\u0101d\u0113j\u0101di ietaupot resursus attiec\u012bb\u0101 pret parasto m\u0101jas cepe\u0161kr\u0101sni. Ietilp\u012bba- 1.6litri. Ieb\u016bv\u0113ts taimeris l\u012bdz 30 min\u016bt\u0113m kur\u0161 pazi\u0146os, kad laiks vakari\u0146\u0101m!<\/p>\n","protected":false},"featured_media":7815,"comment_status":"closed","ping_status":"closed","template":"","meta":{"inline_featured_image":false},"product_cat":[525],"product_tag":[],"yst_prominent_words":[],"class_list":{"0":"post-6631","1":"product","2":"type-product","3":"status-publish","4":"has-post-thumbnail","6":"product_cat-taukvaresrisufritesanas-katl","8":"first","9":"instock","10":"taxable","11":"shipping-taxable","12":"purchasable","13":"product-type-simple"},"jetpack_sharing_enabled":true,"_links":{"self":[{"href":"https:\/\/ddt.lv\/en\/wp-json\/wp\/v2\/product\/6631"}],"collection":[{"href":"https:\/\/ddt.lv\/en\/wp-json\/wp\/v2\/product"}],"about":[{"href":"https:\/\/ddt.lv\/en\/wp-json\/wp\/v2\/types\/product"}],"replies":[{"embeddable":true,"href":"https:\/\/ddt.lv\/en\/wp-json\/wp\/v2\/comments?post=6631"}],"wp:featuredmedia":[{"embeddable":true,"href":"https:\/\/ddt.lv\/en\/wp-json\/wp\/v2\/media\/7815"}],"wp:attachment":[{"href":"https:\/\/ddt.lv\/en\/wp-json\/wp\/v2\/media?parent=6631"}],"wp:term":[{"taxonomy":"product_cat","embeddable":true,"href":"https:\/\/ddt.lv\/en\/wp-json\/wp\/v2\/product_cat?post=6631"},{"taxonomy":"product_tag","embeddable":true,"href":"https:\/\/ddt.lv\/en\/wp-json\/wp\/v2\/product_tag?post=6631"},{"taxonomy":"yst_prominent_words","embeddable":true,"href":"https:\/\/ddt.lv\/en\/wp-json\/wp\/v2\/yst_prominent_words?post=6631"}],"curies":[{"name":"wp","href":"https:\/\/api.w.org\/{rel}","templated":true}]}}