{"id":6629,"date":"2019-10-28T08:38:38","date_gmt":"2019-10-28T06:38:38","guid":{"rendered":"https:\/\/ddt.lv\/product\/trim-luxury-bardas-matu-timmeris-unold\/"},"modified":"2026-04-01T00:12:51","modified_gmt":"2026-03-31T21:12:51","slug":"trim-luxury-bardas-matu-timmeris-unold","status":"publish","type":"product","link":"https:\/\/ddt.lv\/en\/product\/trim-luxury-bardas-matu-timmeris-unold\/","title":{"rendered":"Trim Luxury Hair\/beard hair trimmer Silver UNOLD"},"content":{"rendered":"<p>Trim Luxury ir jaud\u012bgs, augstas klases b\u0101rdas un matu griez\u0113js. Apr\u012bkots ar Litija akumulatoru, kur\u0161 sp\u0113j darboties l\u012bdz pat 60min no vietas. Pilna uzl\u0101de aiz\u0146em 2 stundas.<\/p>\n<p>Trimmeris ir aizsarg\u0101ts pret \u016bdens \u0161\u013cakat\u0101m.<\/p>\n","protected":false},"excerpt":{"rendered":"<p>Trim Luxury ir jaud\u012bgs, augstas klases b\u0101rdas un matu griez\u0113js. Apr\u012bkots ar Litija akumulatoru, kur\u0161 sp\u0113j darboties l\u012bdz pat 60min no vietas. Pilna uzl\u0101de aiz\u0146em 2 stundas. Trimmeris ir aizsarg\u0101ts pret \u016bdens \u0161\u013cakat\u0101m.<\/p>\n","protected":false},"featured_media":7863,"comment_status":"closed","ping_status":"closed","template":"","meta":{"inline_featured_image":false},"product_cat":[547],"product_tag":[],"yst_prominent_words":[],"class_list":{"0":"post-6629","1":"product","2":"type-product","3":"status-publish","4":"has-post-thumbnail","6":"product_cat-matu-bardas-trimmeri","8":"first","9":"outofstock","10":"taxable","11":"shipping-taxable","12":"purchasable","13":"product-type-simple"},"jetpack_sharing_enabled":true,"_links":{"self":[{"href":"https:\/\/ddt.lv\/en\/wp-json\/wp\/v2\/product\/6629"}],"collection":[{"href":"https:\/\/ddt.lv\/en\/wp-json\/wp\/v2\/product"}],"about":[{"href":"https:\/\/ddt.lv\/en\/wp-json\/wp\/v2\/types\/product"}],"replies":[{"embeddable":true,"href":"https:\/\/ddt.lv\/en\/wp-json\/wp\/v2\/comments?post=6629"}],"wp:featuredmedia":[{"embeddable":true,"href":"https:\/\/ddt.lv\/en\/wp-json\/wp\/v2\/media\/7863"}],"wp:attachment":[{"href":"https:\/\/ddt.lv\/en\/wp-json\/wp\/v2\/media?parent=6629"}],"wp:term":[{"taxonomy":"product_cat","embeddable":true,"href":"https:\/\/ddt.lv\/en\/wp-json\/wp\/v2\/product_cat?post=6629"},{"taxonomy":"product_tag","embeddable":true,"href":"https:\/\/ddt.lv\/en\/wp-json\/wp\/v2\/product_tag?post=6629"},{"taxonomy":"yst_prominent_words","embeddable":true,"href":"https:\/\/ddt.lv\/en\/wp-json\/wp\/v2\/yst_prominent_words?post=6629"}],"curies":[{"name":"wp","href":"https:\/\/api.w.org\/{rel}","templated":true}]}}