{"id":6623,"date":"2019-10-28T08:38:38","date_gmt":"2019-10-28T06:38:38","guid":{"rendered":"https:\/\/ddt.lv\/product\/vakuuma-trauks-2-4l-unold\/"},"modified":"2026-04-08T14:32:42","modified_gmt":"2026-04-08T11:32:42","slug":"vakuuma-trauks-2-4l-unold","status":"publish","type":"product","link":"https:\/\/ddt.lv\/en\/product\/vakuuma-trauks-2-4l-unold\/","title":{"rendered":"Vacuum box square 2.4l Unold"},"content":{"rendered":"<p>Lielisks trauks, kur uzglab\u0101t svaigus aug\u013cus, d\u0101rze\u0146us vai ga\u013cu! Divi nodal\u012bjumi.<\/p>\n","protected":false},"excerpt":{"rendered":"<p>Lielisks trauks, kur uzglab\u0101t svaigus aug\u013cus, d\u0101rze\u0146us vai ga\u013cu! Divi nodal\u012bjumi.<\/p>\n","protected":false},"featured_media":7840,"comment_status":"closed","ping_status":"closed","template":"","meta":{"inline_featured_image":false},"product_cat":[530],"product_tag":[],"yst_prominent_words":[],"class_list":{"0":"post-6623","1":"product","2":"type-product","3":"status-publish","4":"has-post-thumbnail","6":"product_cat-piederumi-un-apkope","8":"first","9":"outofstock","10":"taxable","11":"shipping-taxable","12":"purchasable","13":"product-type-simple"},"jetpack_sharing_enabled":true,"_links":{"self":[{"href":"https:\/\/ddt.lv\/en\/wp-json\/wp\/v2\/product\/6623"}],"collection":[{"href":"https:\/\/ddt.lv\/en\/wp-json\/wp\/v2\/product"}],"about":[{"href":"https:\/\/ddt.lv\/en\/wp-json\/wp\/v2\/types\/product"}],"replies":[{"embeddable":true,"href":"https:\/\/ddt.lv\/en\/wp-json\/wp\/v2\/comments?post=6623"}],"wp:featuredmedia":[{"embeddable":true,"href":"https:\/\/ddt.lv\/en\/wp-json\/wp\/v2\/media\/7840"}],"wp:attachment":[{"href":"https:\/\/ddt.lv\/en\/wp-json\/wp\/v2\/media?parent=6623"}],"wp:term":[{"taxonomy":"product_cat","embeddable":true,"href":"https:\/\/ddt.lv\/en\/wp-json\/wp\/v2\/product_cat?post=6623"},{"taxonomy":"product_tag","embeddable":true,"href":"https:\/\/ddt.lv\/en\/wp-json\/wp\/v2\/product_tag?post=6623"},{"taxonomy":"yst_prominent_words","embeddable":true,"href":"https:\/\/ddt.lv\/en\/wp-json\/wp\/v2\/yst_prominent_words?post=6623"}],"curies":[{"name":"wp","href":"https:\/\/api.w.org\/{rel}","templated":true}]}}