{"id":6610,"date":"2019-10-28T08:38:36","date_gmt":"2019-10-28T06:38:36","guid":{"rendered":"https:\/\/ddt.lv\/product\/terases-silditajs-unold\/"},"modified":"2026-04-13T09:52:45","modified_gmt":"2026-04-13T06:52:45","slug":"terases-silditajs-unold","status":"publish","type":"product","link":"https:\/\/ddt.lv\/en\/product\/terases-silditajs-unold\/","title":{"rendered":"STAND HEATER Bistro Unold"},"content":{"rendered":"<p>Terases sild\u012bt\u0101js Bistro ir lieliski piem\u0113rots v\u0113siem vasaras vai rudens vakariem uz balkona, terases vai d\u0101rz\u0101.<\/p>\n<p>T\u0101 augstums ir 60cm, l\u012bdz ar to Bistro ir \u0113rti novietojams zem galda, J\u016bsu k\u0101ju siltumam!<\/p>\n","protected":false},"excerpt":{"rendered":"<p>Terases sild\u012bt\u0101js Bistro ir lieliski piem\u0113rots v\u0113siem vasaras vai rudens vakariem uz balkona, terases vai d\u0101rz\u0101. T\u0101 augstums ir 60cm, l\u012bdz ar to Bistro ir \u0113rti novietojams zem galda, J\u016bsu k\u0101ju siltumam!<\/p>\n","protected":false},"featured_media":7967,"comment_status":"closed","ping_status":"closed","template":"","meta":{"inline_featured_image":false},"product_cat":[540],"product_tag":[],"yst_prominent_words":[],"class_list":{"0":"post-6610","1":"product","2":"type-product","3":"status-publish","4":"has-post-thumbnail","6":"product_cat-ventilatori-silditaji","8":"first","9":"instock","10":"taxable","11":"shipping-taxable","12":"purchasable","13":"product-type-simple"},"jetpack_sharing_enabled":true,"_links":{"self":[{"href":"https:\/\/ddt.lv\/en\/wp-json\/wp\/v2\/product\/6610"}],"collection":[{"href":"https:\/\/ddt.lv\/en\/wp-json\/wp\/v2\/product"}],"about":[{"href":"https:\/\/ddt.lv\/en\/wp-json\/wp\/v2\/types\/product"}],"replies":[{"embeddable":true,"href":"https:\/\/ddt.lv\/en\/wp-json\/wp\/v2\/comments?post=6610"}],"wp:featuredmedia":[{"embeddable":true,"href":"https:\/\/ddt.lv\/en\/wp-json\/wp\/v2\/media\/7967"}],"wp:attachment":[{"href":"https:\/\/ddt.lv\/en\/wp-json\/wp\/v2\/media?parent=6610"}],"wp:term":[{"taxonomy":"product_cat","embeddable":true,"href":"https:\/\/ddt.lv\/en\/wp-json\/wp\/v2\/product_cat?post=6610"},{"taxonomy":"product_tag","embeddable":true,"href":"https:\/\/ddt.lv\/en\/wp-json\/wp\/v2\/product_tag?post=6610"},{"taxonomy":"yst_prominent_words","embeddable":true,"href":"https:\/\/ddt.lv\/en\/wp-json\/wp\/v2\/yst_prominent_words?post=6610"}],"curies":[{"name":"wp","href":"https:\/\/api.w.org\/{rel}","templated":true}]}}