{"id":6609,"date":"2019-10-28T08:38:36","date_gmt":"2019-10-28T06:38:36","guid":{"rendered":"https:\/\/ddt.lv\/product\/siltumventilators-tower-2000w-unold\/"},"modified":"2021-05-15T13:09:10","modified_gmt":"2021-05-15T10:09:10","slug":"siltumventilators-tower-2000w-unold","status":"publish","type":"product","link":"https:\/\/ddt.lv\/en\/product\/siltumventilators-tower-2000w-unold\/","title":{"rendered":"CERAMIC FAN HEATER Tower Electronic Unold"},"content":{"rendered":"<p>Siltuma sp\u0113kstacija burv\u012bga melna un sudraba dizain\u0101!<\/p>\n<p>Siltumventil\u0101tors Tower 2000W sp\u0113j sasild\u012bt l\u012bdz pat 20 kvadr\u0101tmetru lielu telpu l\u012bdz 35 gr\u0101diem. 75 Gr\u0101du rot\u0101cija nodro\u0161ina vienm\u0113r\u012bgu siltumu katr\u0101 telpas st\u016br\u012b.<\/p>\n<p>Ieb\u016bv\u0113ts rokturis \u0113rtai p\u0101rvieto\u0161anai.<\/p>\n","protected":false},"excerpt":{"rendered":"<p>Siltuma sp\u0113kstacija burv\u012bga melna un sudraba dizain\u0101! Siltumventil\u0101tors Tower 2000W sp\u0113j sasild\u012bt l\u012bdz pat 20 kvadr\u0101tmetru lielu telpu l\u012bdz 35 gr\u0101diem. 75 Gr\u0101du rot\u0101cija nodro\u0161ina vienm\u0113r\u012bgu siltumu katr\u0101 telpas st\u016br\u012b. Ieb\u016bv\u0113ts rokturis \u0113rtai p\u0101rvieto\u0161anai.<\/p>\n","protected":false},"featured_media":7951,"comment_status":"closed","ping_status":"closed","template":"","meta":{"inline_featured_image":false},"product_cat":[521,538,540],"product_tag":[],"yst_prominent_words":[],"class_list":{"0":"post-6609","1":"product","2":"type-product","3":"status-publish","4":"has-post-thumbnail","6":"product_cat-sadzives-tehnika","7":"product_cat-majas-sadzives-tehnika","8":"product_cat-ventilatori-silditaji","10":"first","11":"outofstock","12":"taxable","13":"shipping-taxable","14":"purchasable","15":"product-type-simple"},"jetpack_sharing_enabled":true,"_links":{"self":[{"href":"https:\/\/ddt.lv\/en\/wp-json\/wp\/v2\/product\/6609"}],"collection":[{"href":"https:\/\/ddt.lv\/en\/wp-json\/wp\/v2\/product"}],"about":[{"href":"https:\/\/ddt.lv\/en\/wp-json\/wp\/v2\/types\/product"}],"replies":[{"embeddable":true,"href":"https:\/\/ddt.lv\/en\/wp-json\/wp\/v2\/comments?post=6609"}],"wp:featuredmedia":[{"embeddable":true,"href":"https:\/\/ddt.lv\/en\/wp-json\/wp\/v2\/media\/7951"}],"wp:attachment":[{"href":"https:\/\/ddt.lv\/en\/wp-json\/wp\/v2\/media?parent=6609"}],"wp:term":[{"taxonomy":"product_cat","embeddable":true,"href":"https:\/\/ddt.lv\/en\/wp-json\/wp\/v2\/product_cat?post=6609"},{"taxonomy":"product_tag","embeddable":true,"href":"https:\/\/ddt.lv\/en\/wp-json\/wp\/v2\/product_tag?post=6609"},{"taxonomy":"yst_prominent_words","embeddable":true,"href":"https:\/\/ddt.lv\/en\/wp-json\/wp\/v2\/yst_prominent_words?post=6609"}],"curies":[{"name":"wp","href":"https:\/\/api.w.org\/{rel}","templated":true}]}}