{"id":6530,"date":"2019-10-28T08:38:28","date_gmt":"2019-10-28T06:38:28","guid":{"rendered":"https:\/\/ddt.lv\/product\/dur-d-2-base-baterija-alkaline\/"},"modified":"2026-04-09T16:16:11","modified_gmt":"2026-04-09T13:16:11","slug":"dur-d-2-base-baterija-alkaline","status":"publish","type":"product","link":"https:\/\/ddt.lv\/en\/product\/dur-d-2-base-baterija-alkaline\/","title":{"rendered":"DUR D\/2 D batteries Alkaline 2pcs.DURACELL"},"content":{"rendered":"<p>Duracell Basic \u2013 \u0161\u012b bateriju s\u0113rija izveidota lai nodro\u0161in\u0101tu ar nepiecie\u0161amo ener\u0123iju visas m\u0101jas ier\u012bces.<\/p>\n","protected":false},"excerpt":{"rendered":"<p>Duracell Basic \u2013 \u0161\u012b bateriju s\u0113rija izveidota lai nodro\u0161in\u0101tu ar nepiecie\u0161amo ener\u0123iju visas m\u0101jas ier\u012bces.<\/p>\n","protected":false},"featured_media":26393,"comment_status":"closed","ping_status":"closed","template":"","meta":{"inline_featured_image":false},"product_cat":[772,444],"product_tag":[],"yst_prominent_words":[],"class_list":{"0":"post-6530","1":"product","2":"type-product","3":"status-publish","4":"has-post-thumbnail","6":"product_cat-atlaides","7":"product_cat-d","9":"first","10":"instock","11":"sale","12":"taxable","13":"shipping-taxable","14":"purchasable","15":"product-type-simple"},"jetpack_sharing_enabled":true,"_links":{"self":[{"href":"https:\/\/ddt.lv\/en\/wp-json\/wp\/v2\/product\/6530"}],"collection":[{"href":"https:\/\/ddt.lv\/en\/wp-json\/wp\/v2\/product"}],"about":[{"href":"https:\/\/ddt.lv\/en\/wp-json\/wp\/v2\/types\/product"}],"replies":[{"embeddable":true,"href":"https:\/\/ddt.lv\/en\/wp-json\/wp\/v2\/comments?post=6530"}],"wp:featuredmedia":[{"embeddable":true,"href":"https:\/\/ddt.lv\/en\/wp-json\/wp\/v2\/media\/26393"}],"wp:attachment":[{"href":"https:\/\/ddt.lv\/en\/wp-json\/wp\/v2\/media?parent=6530"}],"wp:term":[{"taxonomy":"product_cat","embeddable":true,"href":"https:\/\/ddt.lv\/en\/wp-json\/wp\/v2\/product_cat?post=6530"},{"taxonomy":"product_tag","embeddable":true,"href":"https:\/\/ddt.lv\/en\/wp-json\/wp\/v2\/product_tag?post=6530"},{"taxonomy":"yst_prominent_words","embeddable":true,"href":"https:\/\/ddt.lv\/en\/wp-json\/wp\/v2\/yst_prominent_words?post=6530"}],"curies":[{"name":"wp","href":"https:\/\/api.w.org\/{rel}","templated":true}]}}