{"id":6518,"date":"2019-10-28T08:38:26","date_gmt":"2019-10-28T06:38:26","guid":{"rendered":"https:\/\/ddt.lv\/product\/siltumventilators-classic-sarkans-unold\/"},"modified":"2026-04-01T00:12:24","modified_gmt":"2026-03-31T21:12:24","slug":"siltumventilators-classic-sarkans-unold","status":"publish","type":"product","link":"https:\/\/ddt.lv\/en\/product\/siltumventilators-classic-sarkans-unold\/","title":{"rendered":"FAN HEATER Classic red UNOLD"},"content":{"rendered":"<p>Acis piesaisto\u0161s Siltumventil\u0101tors, un ne tikai&#8230;<\/p>\n<p>Apr\u012bkots ar proces\u0101 regul\u0113jamu termostatu, nodro\u0161inot telp\u0101 nepiecie\u0161amo temperat\u016bru!<\/p>\n<p>2000W jaud\u012bgs, rot\u0101cijas le\u0146\u0137is l\u012bdz 90 gr\u0101diem uz katru pusi.<\/p>\n","protected":false},"excerpt":{"rendered":"<p>Acis piesaisto\u0161s Siltumventil\u0101tors, un ne tikai&#8230; Apr\u012bkots ar proces\u0101 regul\u0113jamu termostatu, nodro\u0161inot telp\u0101 nepiecie\u0161amo temperat\u016bru! 2000W jaud\u012bgs, rot\u0101cijas le\u0146\u0137is l\u012bdz 90 gr\u0101diem uz katru pusi.<\/p>\n","protected":false},"featured_media":8063,"comment_status":"closed","ping_status":"closed","template":"","meta":{"inline_featured_image":false},"product_cat":[540],"product_tag":[],"yst_prominent_words":[],"class_list":{"0":"post-6518","1":"product","2":"type-product","3":"status-publish","4":"has-post-thumbnail","6":"product_cat-ventilatori-silditaji","8":"first","9":"outofstock","10":"taxable","11":"shipping-taxable","12":"purchasable","13":"product-type-simple"},"jetpack_sharing_enabled":true,"_links":{"self":[{"href":"https:\/\/ddt.lv\/en\/wp-json\/wp\/v2\/product\/6518"}],"collection":[{"href":"https:\/\/ddt.lv\/en\/wp-json\/wp\/v2\/product"}],"about":[{"href":"https:\/\/ddt.lv\/en\/wp-json\/wp\/v2\/types\/product"}],"replies":[{"embeddable":true,"href":"https:\/\/ddt.lv\/en\/wp-json\/wp\/v2\/comments?post=6518"}],"wp:featuredmedia":[{"embeddable":true,"href":"https:\/\/ddt.lv\/en\/wp-json\/wp\/v2\/media\/8063"}],"wp:attachment":[{"href":"https:\/\/ddt.lv\/en\/wp-json\/wp\/v2\/media?parent=6518"}],"wp:term":[{"taxonomy":"product_cat","embeddable":true,"href":"https:\/\/ddt.lv\/en\/wp-json\/wp\/v2\/product_cat?post=6518"},{"taxonomy":"product_tag","embeddable":true,"href":"https:\/\/ddt.lv\/en\/wp-json\/wp\/v2\/product_tag?post=6518"},{"taxonomy":"yst_prominent_words","embeddable":true,"href":"https:\/\/ddt.lv\/en\/wp-json\/wp\/v2\/yst_prominent_words?post=6518"}],"curies":[{"name":"wp","href":"https:\/\/api.w.org\/{rel}","templated":true}]}}