{"id":6515,"date":"2019-10-28T08:38:26","date_gmt":"2019-10-28T06:38:26","guid":{"rendered":"https:\/\/ddt.lv\/product\/elektriska-tejkanna-pastello-1-7l-gaisi-zila-unold\/"},"modified":"2026-04-08T14:32:15","modified_gmt":"2026-04-08T11:32:15","slug":"elektriska-tejkanna-pastello-1-7l-gaisi-zila-unold","status":"publish","type":"product","link":"https:\/\/ddt.lv\/en\/product\/elektriska-tejkanna-pastello-1-7l-gaisi-zila-unold\/","title":{"rendered":"KETTLE Unold PASTELLO 1.7l sky"},"content":{"rendered":"<p>T\u0113jkanna Pastello ir ra\u017eota no augstas kvalit\u0101tes platsmasas, kas nesatur BPA.<\/p>\n<p>1.7L tilpums, \u0161iks dizains maigaj\u0101 paste\u013cton\u012b!<\/p>\n<p>Apr\u012bkots ar pretka\u013c\u0137a filtru.<\/p>\n","protected":false},"excerpt":{"rendered":"<p>T\u0113jkanna Pastello ir ra\u017eota no augstas kvalit\u0101tes platsmasas, kas nesatur BPA. 1.7L tilpums, \u0161iks dizains maigaj\u0101 paste\u013cton\u012b! Apr\u012bkots ar pretka\u013c\u0137a filtru.<\/p>\n","protected":false},"featured_media":9750,"comment_status":"closed","ping_status":"closed","template":"","meta":{"inline_featured_image":false},"product_cat":[523],"product_tag":[],"yst_prominent_words":[],"class_list":{"0":"post-6515","1":"product","2":"type-product","3":"status-publish","4":"has-post-thumbnail","6":"product_cat-tejkannas-kafijas-automati","8":"first","9":"outofstock","10":"taxable","11":"shipping-taxable","12":"purchasable","13":"product-type-simple"},"jetpack_sharing_enabled":true,"_links":{"self":[{"href":"https:\/\/ddt.lv\/en\/wp-json\/wp\/v2\/product\/6515"}],"collection":[{"href":"https:\/\/ddt.lv\/en\/wp-json\/wp\/v2\/product"}],"about":[{"href":"https:\/\/ddt.lv\/en\/wp-json\/wp\/v2\/types\/product"}],"replies":[{"embeddable":true,"href":"https:\/\/ddt.lv\/en\/wp-json\/wp\/v2\/comments?post=6515"}],"wp:featuredmedia":[{"embeddable":true,"href":"https:\/\/ddt.lv\/en\/wp-json\/wp\/v2\/media\/9750"}],"wp:attachment":[{"href":"https:\/\/ddt.lv\/en\/wp-json\/wp\/v2\/media?parent=6515"}],"wp:term":[{"taxonomy":"product_cat","embeddable":true,"href":"https:\/\/ddt.lv\/en\/wp-json\/wp\/v2\/product_cat?post=6515"},{"taxonomy":"product_tag","embeddable":true,"href":"https:\/\/ddt.lv\/en\/wp-json\/wp\/v2\/product_tag?post=6515"},{"taxonomy":"yst_prominent_words","embeddable":true,"href":"https:\/\/ddt.lv\/en\/wp-json\/wp\/v2\/yst_prominent_words?post=6515"}],"curies":[{"name":"wp","href":"https:\/\/api.w.org\/{rel}","templated":true}]}}