{"id":6511,"date":"2019-10-28T08:38:26","date_gmt":"2019-10-28T06:38:26","guid":{"rendered":"https:\/\/ddt.lv\/product\/elektriska-tejkanna-edition-1-5l-melna-unold\/"},"modified":"2026-04-01T00:12:23","modified_gmt":"2026-03-31T21:12:23","slug":"elektriska-tejkanna-edition-1-5l-melna-unold","status":"publish","type":"product","link":"https:\/\/ddt.lv\/en\/product\/elektriska-tejkanna-edition-1-5l-melna-unold\/","title":{"rendered":"KETTLE Unold EDITION 1.5l black"},"content":{"rendered":"<p>Augstas klases \u016bdens v\u0101r\u012btajs klasisk\u0101 izskat\u0101! \u0160\u012b t\u0113jkanna lieliski ieder\u0113sies J\u016bsu virtuv\u0113 un piesaist\u012bs jebkura skatienu.<\/p>\n<p>Ner\u016bs\u0113jo\u0161\u0101 t\u0113rauda korpuss un iek\u0161iene, 1.5l tilpums, ergonomisks gumijas rokturis.<\/p>\n<p>&nbsp;<\/p>\n","protected":false},"excerpt":{"rendered":"<p>Augstas klases \u016bdens v\u0101r\u012btajs klasisk\u0101 izskat\u0101! \u0160\u012b t\u0113jkanna lieliski ieder\u0113sies J\u016bsu virtuv\u0113 un piesaist\u012bs jebkura skatienu. Ner\u016bs\u0113jo\u0161\u0101 t\u0113rauda korpuss un iek\u0161iene, 1.5l tilpums, ergonomisks gumijas rokturis. &nbsp;<\/p>\n","protected":false},"featured_media":10600,"comment_status":"closed","ping_status":"closed","template":"","meta":{"inline_featured_image":false},"product_cat":[523],"product_tag":[],"yst_prominent_words":[],"class_list":{"0":"post-6511","1":"product","2":"type-product","3":"status-publish","4":"has-post-thumbnail","6":"product_cat-tejkannas-kafijas-automati","8":"first","9":"outofstock","10":"taxable","11":"shipping-taxable","12":"purchasable","13":"product-type-simple"},"jetpack_sharing_enabled":true,"_links":{"self":[{"href":"https:\/\/ddt.lv\/en\/wp-json\/wp\/v2\/product\/6511"}],"collection":[{"href":"https:\/\/ddt.lv\/en\/wp-json\/wp\/v2\/product"}],"about":[{"href":"https:\/\/ddt.lv\/en\/wp-json\/wp\/v2\/types\/product"}],"replies":[{"embeddable":true,"href":"https:\/\/ddt.lv\/en\/wp-json\/wp\/v2\/comments?post=6511"}],"wp:featuredmedia":[{"embeddable":true,"href":"https:\/\/ddt.lv\/en\/wp-json\/wp\/v2\/media\/10600"}],"wp:attachment":[{"href":"https:\/\/ddt.lv\/en\/wp-json\/wp\/v2\/media?parent=6511"}],"wp:term":[{"taxonomy":"product_cat","embeddable":true,"href":"https:\/\/ddt.lv\/en\/wp-json\/wp\/v2\/product_cat?post=6511"},{"taxonomy":"product_tag","embeddable":true,"href":"https:\/\/ddt.lv\/en\/wp-json\/wp\/v2\/product_tag?post=6511"},{"taxonomy":"yst_prominent_words","embeddable":true,"href":"https:\/\/ddt.lv\/en\/wp-json\/wp\/v2\/yst_prominent_words?post=6511"}],"curies":[{"name":"wp","href":"https:\/\/api.w.org\/{rel}","templated":true}]}}