{"id":6461,"date":"2019-10-28T08:38:17","date_gmt":"2019-10-28T06:38:17","guid":{"rendered":"https:\/\/ddt.lv\/product\/dumu-detektors-85db-baterija-9v-emos\/"},"modified":"2026-04-17T13:26:03","modified_gmt":"2026-04-17T10:26:03","slug":"dumu-detektors-85db-baterija-9v-emos","status":"publish","type":"product","link":"https:\/\/ddt.lv\/en\/product\/dumu-detektors-85db-baterija-9v-emos\/","title":{"rendered":"Smoke detector 85dB   battery 9V Emos"},"content":{"rendered":"<p>D\u016bmu detektors ar optiski-akustisku sign\u0101lu un 10 gadu kalpo\u0161anas ilgumu.<\/p>\n","protected":false},"excerpt":{"rendered":"<p>D\u016bmu detektors ar optiski-akustisku sign\u0101lu un 10 gadu kalpo\u0161anas ilgumu.<\/p>\n","protected":false},"featured_media":98857,"comment_status":"closed","ping_status":"closed","template":"","meta":{"inline_featured_image":false},"product_cat":[772,542],"product_tag":[],"yst_prominent_words":[],"class_list":{"0":"post-6461","1":"product","2":"type-product","3":"status-publish","4":"has-post-thumbnail","6":"product_cat-atlaides","7":"product_cat-dumu-detektori","9":"first","10":"instock","11":"sale","12":"taxable","13":"shipping-taxable","14":"purchasable","15":"product-type-simple"},"jetpack_sharing_enabled":true,"_links":{"self":[{"href":"https:\/\/ddt.lv\/en\/wp-json\/wp\/v2\/product\/6461"}],"collection":[{"href":"https:\/\/ddt.lv\/en\/wp-json\/wp\/v2\/product"}],"about":[{"href":"https:\/\/ddt.lv\/en\/wp-json\/wp\/v2\/types\/product"}],"replies":[{"embeddable":true,"href":"https:\/\/ddt.lv\/en\/wp-json\/wp\/v2\/comments?post=6461"}],"wp:featuredmedia":[{"embeddable":true,"href":"https:\/\/ddt.lv\/en\/wp-json\/wp\/v2\/media\/98857"}],"wp:attachment":[{"href":"https:\/\/ddt.lv\/en\/wp-json\/wp\/v2\/media?parent=6461"}],"wp:term":[{"taxonomy":"product_cat","embeddable":true,"href":"https:\/\/ddt.lv\/en\/wp-json\/wp\/v2\/product_cat?post=6461"},{"taxonomy":"product_tag","embeddable":true,"href":"https:\/\/ddt.lv\/en\/wp-json\/wp\/v2\/product_tag?post=6461"},{"taxonomy":"yst_prominent_words","embeddable":true,"href":"https:\/\/ddt.lv\/en\/wp-json\/wp\/v2\/yst_prominent_words?post=6461"}],"curies":[{"name":"wp","href":"https:\/\/api.w.org\/{rel}","templated":true}]}}