{"id":6454,"date":"2019-10-28T08:38:16","date_gmt":"2019-10-28T06:38:16","guid":{"rendered":"https:\/\/ddt.lv\/product\/57676-lcd-dual-tech-ladejama-ierice-li-ion-nimh-bl1-varta\/"},"modified":"2026-04-13T09:52:10","modified_gmt":"2026-04-13T06:52:10","slug":"57676-lcd-dual-tech-ladejama-ierice-li-ion-nimh-bl1-varta","status":"publish","type":"product","link":"https:\/\/ddt.lv\/en\/product\/57676-lcd-dual-tech-ladejama-ierice-li-ion-nimh-bl1-varta\/","title":{"rendered":"57676 Battery (Accu) charger VARTA LCD Dual Tech Li-ion\/NiMH"},"content":{"rendered":"<p>Kad m\u016bsdien\u012bgas tehnolo\u0123ijas iet\u0113rptas Varta dizain\u0101!<\/p>\n<p>Univers\u0101ls Ni-MH, LI-Ion un USB ier\u012bc\u0113m paredz\u0113ts l\u0101d\u0113t\u0101js.<\/p>\n","protected":false},"excerpt":{"rendered":"<p>Kad m\u016bsdien\u012bgas tehnolo\u0123ijas iet\u0113rptas Varta dizain\u0101! Univers\u0101ls Ni-MH, LI-Ion un USB ier\u012bc\u0113m paredz\u0113ts l\u0101d\u0113t\u0101js.<\/p>\n","protected":false},"featured_media":14813,"comment_status":"closed","ping_status":"closed","template":"","meta":{"inline_featured_image":false},"product_cat":[772,453],"product_tag":[],"yst_prominent_words":[],"class_list":{"0":"post-6454","1":"product","2":"type-product","3":"status-publish","4":"has-post-thumbnail","6":"product_cat-atlaides","7":"product_cat-ladesanas-ierices","9":"first","10":"instock","11":"sale","12":"taxable","13":"shipping-taxable","14":"purchasable","15":"product-type-simple"},"jetpack_sharing_enabled":true,"_links":{"self":[{"href":"https:\/\/ddt.lv\/en\/wp-json\/wp\/v2\/product\/6454"}],"collection":[{"href":"https:\/\/ddt.lv\/en\/wp-json\/wp\/v2\/product"}],"about":[{"href":"https:\/\/ddt.lv\/en\/wp-json\/wp\/v2\/types\/product"}],"replies":[{"embeddable":true,"href":"https:\/\/ddt.lv\/en\/wp-json\/wp\/v2\/comments?post=6454"}],"wp:featuredmedia":[{"embeddable":true,"href":"https:\/\/ddt.lv\/en\/wp-json\/wp\/v2\/media\/14813"}],"wp:attachment":[{"href":"https:\/\/ddt.lv\/en\/wp-json\/wp\/v2\/media?parent=6454"}],"wp:term":[{"taxonomy":"product_cat","embeddable":true,"href":"https:\/\/ddt.lv\/en\/wp-json\/wp\/v2\/product_cat?post=6454"},{"taxonomy":"product_tag","embeddable":true,"href":"https:\/\/ddt.lv\/en\/wp-json\/wp\/v2\/product_tag?post=6454"},{"taxonomy":"yst_prominent_words","embeddable":true,"href":"https:\/\/ddt.lv\/en\/wp-json\/wp\/v2\/yst_prominent_words?post=6454"}],"curies":[{"name":"wp","href":"https:\/\/api.w.org\/{rel}","templated":true}]}}