{"id":6450,"date":"2019-10-28T08:38:16","date_gmt":"2019-10-28T06:38:16","guid":{"rendered":"https:\/\/ddt.lv\/product\/tosteris-easy-melns-unold\/"},"modified":"2021-05-15T13:10:18","modified_gmt":"2021-05-15T10:10:18","slug":"tosteris-easy-melns-unold","status":"publish","type":"product","link":"https:\/\/ddt.lv\/en\/product\/tosteris-easy-melns-unold\/","title":{"rendered":"Toaster Easy black UNOLD"},"content":{"rendered":"<p>\u2018Easy\u2019 tosteris ir apr\u012bkots se\u0161iem temperat\u016bras re\u017e\u012bmiem, pied\u0101v\u0101jot grauzd\u0113jumu jebkurai gaumei. Ar no\u0146emamo maiz\u012b\u0161u sild\u012btaju ir iesp\u0113jams uzsild\u012bt vai pat atsald\u0113t citus maizes izstr\u0101d\u0101jumus. \u0112rta t\u012br\u012b\u0161ana: tosteris ir apr\u012bkots ar iz\u0146emamu drupatu atvilkni.<\/p>\n","protected":false},"excerpt":{"rendered":"<p>\u2018Easy\u2019 tosteris ir apr\u012bkots se\u0161iem temperat\u016bras re\u017e\u012bmiem, pied\u0101v\u0101jot grauzd\u0113jumu jebkurai gaumei. Ar no\u0146emamo maiz\u012b\u0161u sild\u012btaju ir iesp\u0113jams uzsild\u012bt vai pat atsald\u0113t citus maizes izstr\u0101d\u0101jumus. \u0112rta t\u012br\u012b\u0161ana: tosteris ir apr\u012bkots ar iz\u0146emamu drupatu atvilkni.<\/p>\n","protected":false},"featured_media":10572,"comment_status":"closed","ping_status":"closed","template":"","meta":{"inline_featured_image":false},"product_cat":[521,522,531],"product_tag":[],"yst_prominent_words":[],"class_list":{"0":"post-6450","1":"product","2":"type-product","3":"status-publish","4":"has-post-thumbnail","6":"product_cat-sadzives-tehnika","7":"product_cat-virtuves-tehnika","8":"product_cat-tosteri","10":"first","11":"outofstock","12":"taxable","13":"shipping-taxable","14":"purchasable","15":"product-type-simple"},"jetpack_sharing_enabled":true,"_links":{"self":[{"href":"https:\/\/ddt.lv\/en\/wp-json\/wp\/v2\/product\/6450"}],"collection":[{"href":"https:\/\/ddt.lv\/en\/wp-json\/wp\/v2\/product"}],"about":[{"href":"https:\/\/ddt.lv\/en\/wp-json\/wp\/v2\/types\/product"}],"replies":[{"embeddable":true,"href":"https:\/\/ddt.lv\/en\/wp-json\/wp\/v2\/comments?post=6450"}],"wp:featuredmedia":[{"embeddable":true,"href":"https:\/\/ddt.lv\/en\/wp-json\/wp\/v2\/media\/10572"}],"wp:attachment":[{"href":"https:\/\/ddt.lv\/en\/wp-json\/wp\/v2\/media?parent=6450"}],"wp:term":[{"taxonomy":"product_cat","embeddable":true,"href":"https:\/\/ddt.lv\/en\/wp-json\/wp\/v2\/product_cat?post=6450"},{"taxonomy":"product_tag","embeddable":true,"href":"https:\/\/ddt.lv\/en\/wp-json\/wp\/v2\/product_tag?post=6450"},{"taxonomy":"yst_prominent_words","embeddable":true,"href":"https:\/\/ddt.lv\/en\/wp-json\/wp\/v2\/yst_prominent_words?post=6450"}],"curies":[{"name":"wp","href":"https:\/\/api.w.org\/{rel}","templated":true}]}}