{"id":6447,"date":"2019-10-28T08:38:15","date_gmt":"2019-10-28T06:38:15","guid":{"rendered":"https:\/\/ddt.lv\/product\/fens-profesionalais-unold\/"},"modified":"2026-04-08T14:32:06","modified_gmt":"2026-04-08T11:32:06","slug":"fens-profesionalais-unold","status":"publish","type":"product","link":"https:\/\/ddt.lv\/en\/product\/fens-profesionalais-unold\/","title":{"rendered":"Hair dryer Professional UNOLD"},"content":{"rendered":"<p>Matus \u017e\u0101v\u0113 k\u0101 friz\u0113tav\u0101!<\/p>\n<p>Apr\u012bkots ar mai\u0146str\u0101vas motoru, nodro\u0161inot matu saudz\u012bgu un \u0101tru iz\u017e\u0101v\u0113\u0161anu. F\u0113ns apr\u012bkots ar jonu funkciju, kas nodro\u0161ina matus ar sp\u012bdumu un to, ka mati nav elektrostatiski uzl\u0101d\u0113ti.<\/p>\n","protected":false},"excerpt":{"rendered":"<p>Matus \u017e\u0101v\u0113 k\u0101 friz\u0113tav\u0101! Apr\u012bkots ar mai\u0146str\u0101vas motoru, nodro\u0161inot matu saudz\u012bgu un \u0101tru iz\u017e\u0101v\u0113\u0161anu. F\u0113ns apr\u012bkots ar jonu funkciju, kas nodro\u0161ina matus ar sp\u012bdumu un to, ka mati nav elektrostatiski uzl\u0101d\u0113ti.<\/p>\n","protected":false},"featured_media":11798,"comment_status":"closed","ping_status":"closed","template":"","meta":{"inline_featured_image":false},"product_cat":[548],"product_tag":[],"yst_prominent_words":[],"class_list":{"0":"post-6447","1":"product","2":"type-product","3":"status-publish","4":"has-post-thumbnail","6":"product_cat-feni","8":"first","9":"outofstock","10":"taxable","11":"shipping-taxable","12":"purchasable","13":"product-type-simple"},"jetpack_sharing_enabled":true,"_links":{"self":[{"href":"https:\/\/ddt.lv\/en\/wp-json\/wp\/v2\/product\/6447"}],"collection":[{"href":"https:\/\/ddt.lv\/en\/wp-json\/wp\/v2\/product"}],"about":[{"href":"https:\/\/ddt.lv\/en\/wp-json\/wp\/v2\/types\/product"}],"replies":[{"embeddable":true,"href":"https:\/\/ddt.lv\/en\/wp-json\/wp\/v2\/comments?post=6447"}],"wp:featuredmedia":[{"embeddable":true,"href":"https:\/\/ddt.lv\/en\/wp-json\/wp\/v2\/media\/11798"}],"wp:attachment":[{"href":"https:\/\/ddt.lv\/en\/wp-json\/wp\/v2\/media?parent=6447"}],"wp:term":[{"taxonomy":"product_cat","embeddable":true,"href":"https:\/\/ddt.lv\/en\/wp-json\/wp\/v2\/product_cat?post=6447"},{"taxonomy":"product_tag","embeddable":true,"href":"https:\/\/ddt.lv\/en\/wp-json\/wp\/v2\/product_tag?post=6447"},{"taxonomy":"yst_prominent_words","embeddable":true,"href":"https:\/\/ddt.lv\/en\/wp-json\/wp\/v2\/yst_prominent_words?post=6447"}],"curies":[{"name":"wp","href":"https:\/\/api.w.org\/{rel}","templated":true}]}}