{"id":6380,"date":"2019-10-28T08:38:08","date_gmt":"2019-10-28T06:38:08","guid":{"rendered":"https:\/\/ddt.lv\/product\/galas-malama-masina-unold\/"},"modified":"2026-04-08T14:31:54","modified_gmt":"2026-04-08T11:31:54","slug":"galas-malama-masina-unold","status":"publish","type":"product","link":"https:\/\/ddt.lv\/en\/product\/galas-malama-masina-unold\/","title":{"rendered":"Meat mincer UNOLD"},"content":{"rendered":"<p>M\u0101j\u0101s malta ga\u013ca, desas pild\u012bjums, makaronu pild\u012bjumi vai pres\u0113ti kondetorijas izstr\u0101d\u0101jumi &#8211; to visu \u0113rti paveic Ga\u013cas ma\u0161\u012bna no Unold.<\/p>\n<p>Iztur\u012bgs 600w motors sp\u0113j nodro\u0161in\u0101t 5kg ga\u013cas p\u0101rstr\u0101di 15 min\u016bt\u0113s!<\/p>\n<p>Piln\u012bb\u0101 demont\u0113jama l\u012bdz maz\u0101kajai deta\u013cai \u0113rtai un higi\u0113niskai t\u012br\u012b\u0161anai.<\/p>\n","protected":false},"excerpt":{"rendered":"<p>M\u0101j\u0101s malta ga\u013ca, desas pild\u012bjums, makaronu pild\u012bjumi vai pres\u0113ti kondetorijas izstr\u0101d\u0101jumi &#8211; to visu \u0113rti paveic Ga\u013cas ma\u0161\u012bna no Unold. Iztur\u012bgs 600w motors sp\u0113j nodro\u0161in\u0101t 5kg ga\u013cas p\u0101rstr\u0101di 15 min\u016bt\u0113s! Piln\u012bb\u0101 demont\u0113jama l\u012bdz maz\u0101kajai deta\u013cai \u0113rtai un higi\u0113niskai t\u012br\u012b\u0161anai.<\/p>\n","protected":false},"featured_media":11828,"comment_status":"closed","ping_status":"closed","template":"","meta":{"inline_featured_image":false},"product_cat":[537],"product_tag":[],"yst_prominent_words":[],"class_list":{"0":"post-6380","1":"product","2":"type-product","3":"status-publish","4":"has-post-thumbnail","6":"product_cat-galas-malamas-masinas","8":"first","9":"outofstock","10":"taxable","11":"shipping-taxable","12":"purchasable","13":"product-type-simple"},"jetpack_sharing_enabled":true,"_links":{"self":[{"href":"https:\/\/ddt.lv\/en\/wp-json\/wp\/v2\/product\/6380"}],"collection":[{"href":"https:\/\/ddt.lv\/en\/wp-json\/wp\/v2\/product"}],"about":[{"href":"https:\/\/ddt.lv\/en\/wp-json\/wp\/v2\/types\/product"}],"replies":[{"embeddable":true,"href":"https:\/\/ddt.lv\/en\/wp-json\/wp\/v2\/comments?post=6380"}],"wp:featuredmedia":[{"embeddable":true,"href":"https:\/\/ddt.lv\/en\/wp-json\/wp\/v2\/media\/11828"}],"wp:attachment":[{"href":"https:\/\/ddt.lv\/en\/wp-json\/wp\/v2\/media?parent=6380"}],"wp:term":[{"taxonomy":"product_cat","embeddable":true,"href":"https:\/\/ddt.lv\/en\/wp-json\/wp\/v2\/product_cat?post=6380"},{"taxonomy":"product_tag","embeddable":true,"href":"https:\/\/ddt.lv\/en\/wp-json\/wp\/v2\/product_tag?post=6380"},{"taxonomy":"yst_prominent_words","embeddable":true,"href":"https:\/\/ddt.lv\/en\/wp-json\/wp\/v2\/yst_prominent_words?post=6380"}],"curies":[{"name":"wp","href":"https:\/\/api.w.org\/{rel}","templated":true}]}}