{"id":6379,"date":"2019-10-28T08:38:08","date_gmt":"2019-10-28T06:38:08","guid":{"rendered":"https:\/\/ddt.lv\/product\/mini-cepeskrasns-9l-unold\/"},"modified":"2021-05-15T13:10:25","modified_gmt":"2021-05-15T10:10:25","slug":"mini-cepeskrasns-9l-unold","status":"publish","type":"product","link":"https:\/\/ddt.lv\/en\/product\/mini-cepeskrasns-9l-unold\/","title":{"rendered":"Oven MINI 9l UNOLD"},"content":{"rendered":"<p>K\u016bka, smalkmaiz\u012btes, pica vai vista &#8211; tas viss ir iesp\u0113jams ar cepe\u0161kr\u0101sni Mini!<\/p>\n<p>Lieliski piem\u0113rota izm\u0113ros maz\u0101k\u0101m virtuv\u0113m. Apr\u012bkota ar kvarca sildelementu, nodro\u0161inot nepiecie\u0161amo karstumu maksim\u0101li taupot elektr\u012bbu.<\/p>\n<p>Komplekt\u0101 atrad\u012bsiet ar\u012b gardas recep\u0161u idejas!<\/p>\n","protected":false},"excerpt":{"rendered":"<p>K\u016bka, smalkmaiz\u012btes, pica vai vista &#8211; tas viss ir iesp\u0113jams ar cepe\u0161kr\u0101sni Mini! Lieliski piem\u0113rota izm\u0113ros maz\u0101k\u0101m virtuv\u0113m. Apr\u012bkota ar kvarca sildelementu, nodro\u0161inot nepiecie\u0161amo karstumu maksim\u0101li taupot elektr\u012bbu. Komplekt\u0101 atrad\u012bsiet ar\u012b gardas recep\u0161u idejas!<\/p>\n","protected":false},"featured_media":11822,"comment_status":"closed","ping_status":"closed","template":"","meta":{"inline_featured_image":false},"product_cat":[521,522,536],"product_tag":[],"yst_prominent_words":[],"class_list":{"0":"post-6379","1":"product","2":"type-product","3":"status-publish","4":"has-post-thumbnail","6":"product_cat-sadzives-tehnika","7":"product_cat-virtuves-tehnika","8":"product_cat-elektriskas-krasnis","10":"first","11":"outofstock","12":"taxable","13":"shipping-taxable","14":"purchasable","15":"product-type-simple"},"jetpack_sharing_enabled":true,"_links":{"self":[{"href":"https:\/\/ddt.lv\/en\/wp-json\/wp\/v2\/product\/6379"}],"collection":[{"href":"https:\/\/ddt.lv\/en\/wp-json\/wp\/v2\/product"}],"about":[{"href":"https:\/\/ddt.lv\/en\/wp-json\/wp\/v2\/types\/product"}],"replies":[{"embeddable":true,"href":"https:\/\/ddt.lv\/en\/wp-json\/wp\/v2\/comments?post=6379"}],"wp:featuredmedia":[{"embeddable":true,"href":"https:\/\/ddt.lv\/en\/wp-json\/wp\/v2\/media\/11822"}],"wp:attachment":[{"href":"https:\/\/ddt.lv\/en\/wp-json\/wp\/v2\/media?parent=6379"}],"wp:term":[{"taxonomy":"product_cat","embeddable":true,"href":"https:\/\/ddt.lv\/en\/wp-json\/wp\/v2\/product_cat?post=6379"},{"taxonomy":"product_tag","embeddable":true,"href":"https:\/\/ddt.lv\/en\/wp-json\/wp\/v2\/product_tag?post=6379"},{"taxonomy":"yst_prominent_words","embeddable":true,"href":"https:\/\/ddt.lv\/en\/wp-json\/wp\/v2\/yst_prominent_words?post=6379"}],"curies":[{"name":"wp","href":"https:\/\/api.w.org\/{rel}","templated":true}]}}