{"id":6346,"date":"2019-10-28T08:38:05","date_gmt":"2019-10-28T06:38:05","guid":{"rendered":"https:\/\/ddt.lv\/product\/4922-2-9v-baterija-high-energy-spo-alkaline-varta\/"},"modified":"2026-04-08T14:31:49","modified_gmt":"2026-04-08T11:31:49","slug":"4922-2-9v-baterija-high-energy-spo-alkaline-varta","status":"publish","type":"product","link":"https:\/\/ddt.lv\/en\/product\/4922-2-9v-baterija-high-energy-spo-alkaline-varta\/","title":{"rendered":"4922\/2 9V batteries VARTA Longlife Power Alkaline 2pcs."},"content":{"rendered":"<p>High energy \u2013 Apjom\u012bga ener\u0123ijas deva ilgsto\u0161as,past\u0101v\u012bgas jaudas izsalku\u0161\u0101m ier\u012bc\u0113m, piem\u0113ram, bezvadu datorpel\u0113m, rota\u013cliet\u0101m, kabatas lukturiem.<\/p>","protected":false},"excerpt":{"rendered":"<p>High energy \u2013 Apjom\u012bga ener\u0123ijas deva ilgsto\u0161as,past\u0101v\u012bgas jaudas izsalku\u0161\u0101m ier\u012bc\u0113m, piem\u0113ram, bezvadu datorpel\u0113m, rota\u013cliet\u0101m, kabatas lukturiem.<\/p>\n","protected":false},"featured_media":33984,"comment_status":"closed","ping_status":"closed","template":"","meta":{"inline_featured_image":false},"product_cat":[772,446],"product_tag":[],"yst_prominent_words":[],"class_list":{"0":"post-6346","1":"product","2":"type-product","3":"status-publish","4":"has-post-thumbnail","6":"product_cat-atlaides","7":"product_cat-9v","9":"first","10":"instock","11":"sale","12":"taxable","13":"shipping-taxable","14":"purchasable","15":"product-type-simple"},"jetpack_sharing_enabled":true,"_links":{"self":[{"href":"https:\/\/ddt.lv\/en\/wp-json\/wp\/v2\/product\/6346"}],"collection":[{"href":"https:\/\/ddt.lv\/en\/wp-json\/wp\/v2\/product"}],"about":[{"href":"https:\/\/ddt.lv\/en\/wp-json\/wp\/v2\/types\/product"}],"replies":[{"embeddable":true,"href":"https:\/\/ddt.lv\/en\/wp-json\/wp\/v2\/comments?post=6346"}],"wp:featuredmedia":[{"embeddable":true,"href":"https:\/\/ddt.lv\/en\/wp-json\/wp\/v2\/media\/33984"}],"wp:attachment":[{"href":"https:\/\/ddt.lv\/en\/wp-json\/wp\/v2\/media?parent=6346"}],"wp:term":[{"taxonomy":"product_cat","embeddable":true,"href":"https:\/\/ddt.lv\/en\/wp-json\/wp\/v2\/product_cat?post=6346"},{"taxonomy":"product_tag","embeddable":true,"href":"https:\/\/ddt.lv\/en\/wp-json\/wp\/v2\/product_tag?post=6346"},{"taxonomy":"yst_prominent_words","embeddable":true,"href":"https:\/\/ddt.lv\/en\/wp-json\/wp\/v2\/yst_prominent_words?post=6346"}],"curies":[{"name":"wp","href":"https:\/\/api.w.org\/{rel}","templated":true}]}}