{"id":6315,"date":"2019-10-28T08:38:01","date_gmt":"2019-10-28T06:38:01","guid":{"rendered":"https:\/\/ddt.lv\/product\/elektriska-tejkanna-bullet-1-7l-balta-unold\/"},"modified":"2026-04-01T00:11:48","modified_gmt":"2026-03-31T21:11:48","slug":"elektriska-tejkanna-bullet-1-7l-balta-unold","status":"publish","type":"product","link":"https:\/\/ddt.lv\/en\/product\/elektriska-tejkanna-bullet-1-7l-balta-unold\/","title":{"rendered":"KETTLE Unold Bullet 1.7l white"},"content":{"rendered":"<p>T\u0113jkanna Bullet ir \u016bdens v\u0101r\u012b\u0161anas sp\u0113kstacija, kura izgatavota no augstas klases ner\u016bs\u0113jo\u0161\u0101 t\u0113rauda. Lielisks dizaina papildin\u0101jums J\u016bsu virtuvei!<\/p>\n<p>Siltumizol\u0113ts rokturis un v\u0101ks \u0113rtai lieto\u0161anai.<\/p>\n","protected":false},"excerpt":{"rendered":"<p>T\u0113jkanna Bullet ir \u016bdens v\u0101r\u012b\u0161anas sp\u0113kstacija, kura izgatavota no augstas klases ner\u016bs\u0113jo\u0161\u0101 t\u0113rauda. Lielisks dizaina papildin\u0101jums J\u016bsu virtuvei! Siltumizol\u0113ts rokturis un v\u0101ks \u0113rtai lieto\u0161anai.<\/p>\n","protected":false},"featured_media":11842,"comment_status":"closed","ping_status":"closed","template":"","meta":{"inline_featured_image":false},"product_cat":[523],"product_tag":[],"yst_prominent_words":[],"class_list":{"0":"post-6315","1":"product","2":"type-product","3":"status-publish","4":"has-post-thumbnail","6":"product_cat-tejkannas-kafijas-automati","8":"first","9":"outofstock","10":"taxable","11":"shipping-taxable","12":"purchasable","13":"product-type-simple"},"jetpack_sharing_enabled":true,"_links":{"self":[{"href":"https:\/\/ddt.lv\/en\/wp-json\/wp\/v2\/product\/6315"}],"collection":[{"href":"https:\/\/ddt.lv\/en\/wp-json\/wp\/v2\/product"}],"about":[{"href":"https:\/\/ddt.lv\/en\/wp-json\/wp\/v2\/types\/product"}],"replies":[{"embeddable":true,"href":"https:\/\/ddt.lv\/en\/wp-json\/wp\/v2\/comments?post=6315"}],"wp:featuredmedia":[{"embeddable":true,"href":"https:\/\/ddt.lv\/en\/wp-json\/wp\/v2\/media\/11842"}],"wp:attachment":[{"href":"https:\/\/ddt.lv\/en\/wp-json\/wp\/v2\/media?parent=6315"}],"wp:term":[{"taxonomy":"product_cat","embeddable":true,"href":"https:\/\/ddt.lv\/en\/wp-json\/wp\/v2\/product_cat?post=6315"},{"taxonomy":"product_tag","embeddable":true,"href":"https:\/\/ddt.lv\/en\/wp-json\/wp\/v2\/product_tag?post=6315"},{"taxonomy":"yst_prominent_words","embeddable":true,"href":"https:\/\/ddt.lv\/en\/wp-json\/wp\/v2\/yst_prominent_words?post=6315"}],"curies":[{"name":"wp","href":"https:\/\/api.w.org\/{rel}","templated":true}]}}