{"id":6285,"date":"2019-10-28T08:37:56","date_gmt":"2019-10-28T06:37:56","guid":{"rendered":"https:\/\/ddt.lv\/product\/gludeklis-extreme-glide-2400w-21530-56-rh-russell-hobbs\/"},"modified":"2026-04-13T09:51:40","modified_gmt":"2026-04-13T06:51:40","slug":"gludeklis-extreme-glide-2400w-21530-56-rh-russell-hobbs","status":"publish","type":"product","link":"https:\/\/ddt.lv\/en\/product\/gludeklis-extreme-glide-2400w-21530-56-rh-russell-hobbs\/","title":{"rendered":"EXTREME GLIDE infuse iron 21530-56\/RH Russell Hobbs"},"content":{"rendered":"<p>Inovat\u012bvais Extreme Glide gludeklis \u013cauj ieg\u016bt svaigi gludin\u0101tas dr\u0113bes viegl\u0101k, k\u0101 jebkad agr\u0101k. Ar liel\u0101ku tvaika izvadi, turmal\u012bnu saturo\u0161u antistatisku pamatni un par 55%* lab\u0101ku sl\u012bd\u0113\u0161anu tas viens un divi tiek gal\u0101 ar j\u016bsu ve\u013cas kalnu.<\/p>\n<p>\u0160im gludeklim ir jaud\u012bga vertik\u0101l\u0101 tvaika funkcija, kas ir ide\u0101li piem\u0113rota aizkariem un citiem vertik\u0101liem audumiem. Un v\u0113l tam ir main\u0101ma tvaika funkcija, kas \u013cauj jums kontrol\u0113t pielietoto tvaika daudzumu.<\/p>\n<p>Ar 2400W lielu jaudu, Extreme Glide superglud\u0101 keramisk\u0101 pamatne ar antistatisk\u0101m \u012bpa\u0161\u012bb\u0101m vienm\u0113r\u012bgi sl\u012bd cauri visliel\u0101kaj\u0101m ap\u0123\u0113rba krunk\u0101m, padarot tos izcili gludus. Spicais uzgalis \u013cauj jums apstr\u0101d\u0101t ne\u0113rt\u0101s ap\u0123\u0113rba vietas ap pog\u0101m un citiem stiprin\u0101jumiem, lai sniegtu jums profesion\u0101lu rezult\u0101tu.<\/p>\n","protected":false},"excerpt":{"rendered":"<p>Inovat\u012bvais Extreme Glide gludeklis \u013cauj ieg\u016bt svaigi gludin\u0101tas dr\u0113bes viegl\u0101k, k\u0101 jebkad agr\u0101k. Ar liel\u0101ku tvaika izvadi, turmal\u012bnu saturo\u0161u antistatisku pamatni un par 55%* lab\u0101ku sl\u012bd\u0113\u0161anu tas viens un divi tiek gal\u0101 ar j\u016bsu ve\u013cas kalnu. \u0160im gludeklim ir jaud\u012bga vertik\u0101l\u0101 tvaika funkcija, kas ir ide\u0101li piem\u0113rota aizkariem un citiem vertik\u0101liem audumiem. Un v\u0113l tam [&hellip;]<\/p>\n","protected":false},"featured_media":11875,"comment_status":"closed","ping_status":"closed","template":"","meta":{"inline_featured_image":false},"product_cat":[539],"product_tag":[],"yst_prominent_words":[],"class_list":{"0":"post-6285","1":"product","2":"type-product","3":"status-publish","4":"has-post-thumbnail","6":"product_cat-gludekli","8":"first","9":"outofstock","10":"taxable","11":"shipping-taxable","12":"purchasable","13":"product-type-simple"},"jetpack_sharing_enabled":true,"_links":{"self":[{"href":"https:\/\/ddt.lv\/en\/wp-json\/wp\/v2\/product\/6285"}],"collection":[{"href":"https:\/\/ddt.lv\/en\/wp-json\/wp\/v2\/product"}],"about":[{"href":"https:\/\/ddt.lv\/en\/wp-json\/wp\/v2\/types\/product"}],"replies":[{"embeddable":true,"href":"https:\/\/ddt.lv\/en\/wp-json\/wp\/v2\/comments?post=6285"}],"wp:featuredmedia":[{"embeddable":true,"href":"https:\/\/ddt.lv\/en\/wp-json\/wp\/v2\/media\/11875"}],"wp:attachment":[{"href":"https:\/\/ddt.lv\/en\/wp-json\/wp\/v2\/media?parent=6285"}],"wp:term":[{"taxonomy":"product_cat","embeddable":true,"href":"https:\/\/ddt.lv\/en\/wp-json\/wp\/v2\/product_cat?post=6285"},{"taxonomy":"product_tag","embeddable":true,"href":"https:\/\/ddt.lv\/en\/wp-json\/wp\/v2\/product_tag?post=6285"},{"taxonomy":"yst_prominent_words","embeddable":true,"href":"https:\/\/ddt.lv\/en\/wp-json\/wp\/v2\/yst_prominent_words?post=6285"}],"curies":[{"name":"wp","href":"https:\/\/api.w.org\/{rel}","templated":true}]}}