{"id":6284,"date":"2019-10-28T08:37:56","date_gmt":"2019-10-28T06:37:56","guid":{"rendered":"https:\/\/ddt.lv\/product\/gludeklis-auto-steam-2400w-22520-56-rh-russell-hobbs\/"},"modified":"2026-04-13T09:51:39","modified_gmt":"2026-04-13T06:51:39","slug":"gludeklis-auto-steam-2400w-22520-56-rh-russell-hobbs","status":"publish","type":"product","link":"https:\/\/ddt.lv\/en\/product\/gludeklis-auto-steam-2400w-22520-56-rh-russell-hobbs\/","title":{"rendered":"AUTO STEAM 2400W Iron-Nonstick 22520-56\/RH Russell Hobbs"},"content":{"rendered":"<p>Gludeklis AutoSteam ir inovat\u012bva ier\u012bce, kas ar j\u016bsu ve\u013cu dar\u012bs br\u012bnumus. T\u0101 AutoSteam funkcija pie katras izv\u0113l\u0113t\u0101s temperat\u016bras izdala nepiecie\u0161amo tvaika apjomu, nodro\u0161inot gludu rezult\u0101tu gan j\u016bsu raupj\u0101kajiem, gan delik\u0101tajiem audumiem.<\/p>\n<p>Tam ir jaud\u012bga vertik\u0101l\u0101 tvaika funkcija, kas ir ide\u0101la vertik\u0101lu audumu, aizkaru un m\u0113be\u013cu auduma gludin\u0101\u0161anai. Un tam ir main\u0101ma tvaika funkcija, kas jums \u013cauj kontrol\u0113t pielietojam\u0101 tvaika daudzumu. Ja dr\u0113bes ir \u017euvu\u0161as p\u0101r\u0101k ilgi, to izgludin\u0101\u0161ana var nemaz neb\u016bt tik vienk\u0101r\u0161a. \u0160\u0101da situ\u0101cij\u0101 t\u0101s vajadz\u0113tu apsmidzin\u0101t ar \u016bdeni, lai t\u0101s k\u013c\u016btu m\u012bkst\u0101kas. Tam ir ar\u012b pretpil\u0113\u0161anas funkcijas, kas pasarg\u0101s j\u016bsu audumu no nev\u0113lami pilo\u0161a \u016bdens.<\/p>\n","protected":false},"excerpt":{"rendered":"<p>Gludeklis AutoSteam ir inovat\u012bva ier\u012bce, kas ar j\u016bsu ve\u013cu dar\u012bs br\u012bnumus. T\u0101 AutoSteam funkcija pie katras izv\u0113l\u0113t\u0101s temperat\u016bras izdala nepiecie\u0161amo tvaika apjomu, nodro\u0161inot gludu rezult\u0101tu gan j\u016bsu raupj\u0101kajiem, gan delik\u0101tajiem audumiem. Tam ir jaud\u012bga vertik\u0101l\u0101 tvaika funkcija, kas ir ide\u0101la vertik\u0101lu audumu, aizkaru un m\u0113be\u013cu auduma gludin\u0101\u0161anai. Un tam ir main\u0101ma tvaika funkcija, kas jums [&hellip;]<\/p>\n","protected":false},"featured_media":11869,"comment_status":"closed","ping_status":"closed","template":"","meta":{"inline_featured_image":false},"product_cat":[539],"product_tag":[],"yst_prominent_words":[],"class_list":{"0":"post-6284","1":"product","2":"type-product","3":"status-publish","4":"has-post-thumbnail","6":"product_cat-gludekli","8":"first","9":"outofstock","10":"taxable","11":"shipping-taxable","12":"purchasable","13":"product-type-simple"},"jetpack_sharing_enabled":true,"_links":{"self":[{"href":"https:\/\/ddt.lv\/en\/wp-json\/wp\/v2\/product\/6284"}],"collection":[{"href":"https:\/\/ddt.lv\/en\/wp-json\/wp\/v2\/product"}],"about":[{"href":"https:\/\/ddt.lv\/en\/wp-json\/wp\/v2\/types\/product"}],"replies":[{"embeddable":true,"href":"https:\/\/ddt.lv\/en\/wp-json\/wp\/v2\/comments?post=6284"}],"wp:featuredmedia":[{"embeddable":true,"href":"https:\/\/ddt.lv\/en\/wp-json\/wp\/v2\/media\/11869"}],"wp:attachment":[{"href":"https:\/\/ddt.lv\/en\/wp-json\/wp\/v2\/media?parent=6284"}],"wp:term":[{"taxonomy":"product_cat","embeddable":true,"href":"https:\/\/ddt.lv\/en\/wp-json\/wp\/v2\/product_cat?post=6284"},{"taxonomy":"product_tag","embeddable":true,"href":"https:\/\/ddt.lv\/en\/wp-json\/wp\/v2\/product_tag?post=6284"},{"taxonomy":"yst_prominent_words","embeddable":true,"href":"https:\/\/ddt.lv\/en\/wp-json\/wp\/v2\/yst_prominent_words?post=6284"}],"curies":[{"name":"wp","href":"https:\/\/api.w.org\/{rel}","templated":true}]}}