{"id":6236,"date":"2019-10-28T08:37:44","date_gmt":"2019-10-28T06:37:44","guid":{"rendered":"https:\/\/ddt.lv\/product\/elektriska-tejkanna-glass-unold\/"},"modified":"2021-05-15T13:10:30","modified_gmt":"2021-05-15T10:10:30","slug":"elektriska-tejkanna-glass-unold","status":"publish","type":"product","link":"https:\/\/ddt.lv\/en\/product\/elektriska-tejkanna-glass-unold\/","title":{"rendered":"Kettle Glass UNOLD"},"content":{"rendered":"<p>Augstas kvalit\u0101tes un dizaina t\u0113jkanna Glass ir lielisks papildin\u0101jums J\u016bsu virtuvei!<\/p>\n<p>Ra\u017eota no SCHOTT DURAN stikla. Iesl\u0113dzot t\u0113jkanna tiek izgaismota.<\/p>\n<p>&nbsp;<\/p>\n<p>&nbsp;<\/p>\n","protected":false},"excerpt":{"rendered":"<p>Augstas kvalit\u0101tes un dizaina t\u0113jkanna Glass ir lielisks papildin\u0101jums J\u016bsu virtuvei! Ra\u017eota no SCHOTT DURAN stikla. Iesl\u0113dzot t\u0113jkanna tiek izgaismota. &nbsp; &nbsp;<\/p>\n","protected":false},"featured_media":11886,"comment_status":"closed","ping_status":"closed","template":"","meta":{"inline_featured_image":false},"product_cat":[521,522,523],"product_tag":[],"yst_prominent_words":[],"class_list":{"0":"post-6236","1":"product","2":"type-product","3":"status-publish","4":"has-post-thumbnail","6":"product_cat-sadzives-tehnika","7":"product_cat-virtuves-tehnika","8":"product_cat-tejkannas-kafijas-automati","10":"first","11":"outofstock","12":"taxable","13":"shipping-taxable","14":"purchasable","15":"product-type-simple"},"jetpack_sharing_enabled":true,"_links":{"self":[{"href":"https:\/\/ddt.lv\/en\/wp-json\/wp\/v2\/product\/6236"}],"collection":[{"href":"https:\/\/ddt.lv\/en\/wp-json\/wp\/v2\/product"}],"about":[{"href":"https:\/\/ddt.lv\/en\/wp-json\/wp\/v2\/types\/product"}],"replies":[{"embeddable":true,"href":"https:\/\/ddt.lv\/en\/wp-json\/wp\/v2\/comments?post=6236"}],"wp:featuredmedia":[{"embeddable":true,"href":"https:\/\/ddt.lv\/en\/wp-json\/wp\/v2\/media\/11886"}],"wp:attachment":[{"href":"https:\/\/ddt.lv\/en\/wp-json\/wp\/v2\/media?parent=6236"}],"wp:term":[{"taxonomy":"product_cat","embeddable":true,"href":"https:\/\/ddt.lv\/en\/wp-json\/wp\/v2\/product_cat?post=6236"},{"taxonomy":"product_tag","embeddable":true,"href":"https:\/\/ddt.lv\/en\/wp-json\/wp\/v2\/product_tag?post=6236"},{"taxonomy":"yst_prominent_words","embeddable":true,"href":"https:\/\/ddt.lv\/en\/wp-json\/wp\/v2\/yst_prominent_words?post=6236"}],"curies":[{"name":"wp","href":"https:\/\/api.w.org\/{rel}","templated":true}]}}