{"id":6227,"date":"2019-10-28T08:37:41","date_gmt":"2019-10-28T06:37:41","guid":{"rendered":"https:\/\/ddt.lv\/product\/ladejama-ierice-4-viet-nimh-emos\/"},"modified":"2026-04-08T14:31:29","modified_gmt":"2026-04-08T11:31:29","slug":"ladejama-ierice-4-viet-nimh-emos","status":"publish","type":"product","link":"https:\/\/ddt.lv\/en\/product\/ladejama-ierice-4-viet-nimh-emos\/","title":{"rendered":"Battery (Accu) charger EMOS, 4 slots, AA\/AAA"},"content":{"rendered":"<p>Inteli\u0123ents \u010detru vietu l\u0101d\u0113t\u0101js, paredz\u0113ts AA, AAA un NiMH elementiem.<\/p>\n<p>Ar LED indikatoriem. Sp\u0113j uzl\u0101d\u0113t pat visjaud\u012bgak\u0101s baterijas 6 stundu laik\u0101!<\/p>\n","protected":false},"excerpt":{"rendered":"<p>Inteli\u0123ents \u010detru vietu l\u0101d\u0113t\u0101js, paredz\u0113ts AA, AAA un NiMH elementiem. Ar LED indikatoriem. Sp\u0113j uzl\u0101d\u0113t pat visjaud\u012bgak\u0101s baterijas 6 stundu laik\u0101!<\/p>\n","protected":false},"featured_media":14831,"comment_status":"closed","ping_status":"closed","template":"","meta":{"inline_featured_image":false},"product_cat":[453],"product_tag":[],"yst_prominent_words":[],"class_list":{"0":"post-6227","1":"product","2":"type-product","3":"status-publish","4":"has-post-thumbnail","6":"product_cat-ladesanas-ierices","8":"first","9":"instock","10":"taxable","11":"shipping-taxable","12":"purchasable","13":"product-type-simple"},"jetpack_sharing_enabled":true,"_links":{"self":[{"href":"https:\/\/ddt.lv\/en\/wp-json\/wp\/v2\/product\/6227"}],"collection":[{"href":"https:\/\/ddt.lv\/en\/wp-json\/wp\/v2\/product"}],"about":[{"href":"https:\/\/ddt.lv\/en\/wp-json\/wp\/v2\/types\/product"}],"replies":[{"embeddable":true,"href":"https:\/\/ddt.lv\/en\/wp-json\/wp\/v2\/comments?post=6227"}],"wp:featuredmedia":[{"embeddable":true,"href":"https:\/\/ddt.lv\/en\/wp-json\/wp\/v2\/media\/14831"}],"wp:attachment":[{"href":"https:\/\/ddt.lv\/en\/wp-json\/wp\/v2\/media?parent=6227"}],"wp:term":[{"taxonomy":"product_cat","embeddable":true,"href":"https:\/\/ddt.lv\/en\/wp-json\/wp\/v2\/product_cat?post=6227"},{"taxonomy":"product_tag","embeddable":true,"href":"https:\/\/ddt.lv\/en\/wp-json\/wp\/v2\/product_tag?post=6227"},{"taxonomy":"yst_prominent_words","embeddable":true,"href":"https:\/\/ddt.lv\/en\/wp-json\/wp\/v2\/yst_prominent_words?post=6227"}],"curies":[{"name":"wp","href":"https:\/\/api.w.org\/{rel}","templated":true}]}}