{"id":6221,"date":"2019-10-28T08:37:39","date_gmt":"2019-10-28T06:37:39","guid":{"rendered":"https:\/\/ddt.lv\/product\/maizes-krasns-compact-pluss-unold\/"},"modified":"2021-05-15T13:10:34","modified_gmt":"2021-05-15T10:10:34","slug":"maizes-krasns-compact-pluss-unold","status":"publish","type":"product","link":"https:\/\/ddt.lv\/en\/product\/maizes-krasns-compact-pluss-unold\/","title":{"rendered":"Bread maker Compact Pluss UNOLD"},"content":{"rendered":"<p>Maizes kr\u0101sns gan bez glut\u0113na baltmaizei sv\u0113tdienas r\u012btam, gan k\u0101rt\u012bgam 1000g rudzu maizes klaipam visai darba ned\u0113\u013cai!<\/p>\n<p>Backmeister Compact Plus ir uzlabota Backmeister Compact maizes kr\u0101sns &#8211; ar liel\u0101ku tilpumu, papildus programm\u0101m un tehniskiem uzlabojumiem.<\/p>\n<p>Apr\u012bkota ar 13 stundu taimeri, 13 da\u017e\u0101d\u0101m programm\u0101m un l\u012bdz 60 min\u016b\u0161u maizes siltuma saglab\u0101\u0161anas funkciju, lai maiz\u012bte b\u016btu silta, pat ja nepasp\u0113jat m\u0101j\u0101s laik\u0101.<\/p>\n<p>&nbsp;<\/p>\n","protected":false},"excerpt":{"rendered":"<p>Maizes kr\u0101sns gan bez glut\u0113na baltmaizei sv\u0113tdienas r\u012btam, gan k\u0101rt\u012bgam 1000g rudzu maizes klaipam visai darba ned\u0113\u013cai! Backmeister Compact Plus ir uzlabota Backmeister Compact maizes kr\u0101sns &#8211; ar liel\u0101ku tilpumu, papildus programm\u0101m un tehniskiem uzlabojumiem. Apr\u012bkota ar 13 stundu taimeri, 13 da\u017e\u0101d\u0101m programm\u0101m un l\u012bdz 60 min\u016b\u0161u maizes siltuma saglab\u0101\u0161anas funkciju, lai maiz\u012bte b\u016btu silta, [&hellip;]<\/p>\n","protected":false},"featured_media":11991,"comment_status":"closed","ping_status":"closed","template":"","meta":{"inline_featured_image":false},"product_cat":[521,522,536],"product_tag":[],"yst_prominent_words":[],"class_list":{"0":"post-6221","1":"product","2":"type-product","3":"status-publish","4":"has-post-thumbnail","6":"product_cat-sadzives-tehnika","7":"product_cat-virtuves-tehnika","8":"product_cat-elektriskas-krasnis","10":"first","11":"outofstock","12":"taxable","13":"shipping-taxable","14":"purchasable","15":"product-type-simple"},"jetpack_sharing_enabled":true,"_links":{"self":[{"href":"https:\/\/ddt.lv\/en\/wp-json\/wp\/v2\/product\/6221"}],"collection":[{"href":"https:\/\/ddt.lv\/en\/wp-json\/wp\/v2\/product"}],"about":[{"href":"https:\/\/ddt.lv\/en\/wp-json\/wp\/v2\/types\/product"}],"replies":[{"embeddable":true,"href":"https:\/\/ddt.lv\/en\/wp-json\/wp\/v2\/comments?post=6221"}],"wp:featuredmedia":[{"embeddable":true,"href":"https:\/\/ddt.lv\/en\/wp-json\/wp\/v2\/media\/11991"}],"wp:attachment":[{"href":"https:\/\/ddt.lv\/en\/wp-json\/wp\/v2\/media?parent=6221"}],"wp:term":[{"taxonomy":"product_cat","embeddable":true,"href":"https:\/\/ddt.lv\/en\/wp-json\/wp\/v2\/product_cat?post=6221"},{"taxonomy":"product_tag","embeddable":true,"href":"https:\/\/ddt.lv\/en\/wp-json\/wp\/v2\/product_tag?post=6221"},{"taxonomy":"yst_prominent_words","embeddable":true,"href":"https:\/\/ddt.lv\/en\/wp-json\/wp\/v2\/yst_prominent_words?post=6221"}],"curies":[{"name":"wp","href":"https:\/\/api.w.org\/{rel}","templated":true}]}}