{"id":6145,"date":"2019-10-28T08:37:29","date_gmt":"2019-10-28T06:37:29","guid":{"rendered":"https:\/\/ddt.lv\/product\/vakuuma-iepakotaja-rulli-20cm-x-6m-2rolls-unold\/"},"modified":"2026-04-08T14:31:12","modified_gmt":"2026-04-08T11:31:12","slug":"vakuuma-iepakotaja-rulli-20cm-x-6m-2rolls-unold","status":"publish","type":"product","link":"https:\/\/ddt.lv\/en\/product\/vakuuma-iepakotaja-rulli-20cm-x-6m-2rolls-unold\/","title":{"rendered":"Vacuum film roll 20&#215;600 cm for VACUUM SEALER 2pcs. Unold"},"content":{"rendered":"<p>Lieliski sader ar Unold Vakuuma iepakot\u0101jiem!<\/p>\n<p>Komplekt\u0101 divi ru\u013c\u013ci.<\/p>\n","protected":false},"excerpt":{"rendered":"<p>Lieliski sader ar Unold Vakuuma iepakot\u0101jiem! Komplekt\u0101 divi ru\u013c\u013ci.<\/p>\n","protected":false},"featured_media":12320,"comment_status":"closed","ping_status":"closed","template":"","meta":{"inline_featured_image":false},"product_cat":[530],"product_tag":[],"yst_prominent_words":[],"class_list":{"0":"post-6145","1":"product","2":"type-product","3":"status-publish","4":"has-post-thumbnail","6":"product_cat-piederumi-un-apkope","8":"first","9":"outofstock","10":"taxable","11":"shipping-taxable","12":"purchasable","13":"product-type-simple"},"jetpack_sharing_enabled":true,"_links":{"self":[{"href":"https:\/\/ddt.lv\/en\/wp-json\/wp\/v2\/product\/6145"}],"collection":[{"href":"https:\/\/ddt.lv\/en\/wp-json\/wp\/v2\/product"}],"about":[{"href":"https:\/\/ddt.lv\/en\/wp-json\/wp\/v2\/types\/product"}],"replies":[{"embeddable":true,"href":"https:\/\/ddt.lv\/en\/wp-json\/wp\/v2\/comments?post=6145"}],"wp:featuredmedia":[{"embeddable":true,"href":"https:\/\/ddt.lv\/en\/wp-json\/wp\/v2\/media\/12320"}],"wp:attachment":[{"href":"https:\/\/ddt.lv\/en\/wp-json\/wp\/v2\/media?parent=6145"}],"wp:term":[{"taxonomy":"product_cat","embeddable":true,"href":"https:\/\/ddt.lv\/en\/wp-json\/wp\/v2\/product_cat?post=6145"},{"taxonomy":"product_tag","embeddable":true,"href":"https:\/\/ddt.lv\/en\/wp-json\/wp\/v2\/product_tag?post=6145"},{"taxonomy":"yst_prominent_words","embeddable":true,"href":"https:\/\/ddt.lv\/en\/wp-json\/wp\/v2\/yst_prominent_words?post=6145"}],"curies":[{"name":"wp","href":"https:\/\/api.w.org\/{rel}","templated":true}]}}