{"id":6139,"date":"2019-10-28T08:37:28","date_gmt":"2019-10-28T06:37:28","guid":{"rendered":"https:\/\/ddt.lv\/product\/taukvares-katls-compact-unold\/"},"modified":"2026-04-08T14:31:11","modified_gmt":"2026-04-08T11:31:11","slug":"taukvares-katls-compact-unold","status":"publish","type":"product","link":"https:\/\/ddt.lv\/en\/product\/taukvares-katls-compact-unold\/","title":{"rendered":"DEEP FRYER Compact Unold"},"content":{"rendered":"<p>Ar taukv\u0101res katlu Unold \u2018Compact\u2019 ir iesp\u0113jams pagatavot aptuveni 0.5 kg kartupe\u013cus fr\u012b vien\u0101 cep\u0161anas reiz\u0113, un ne tikai!<\/p>\n<p>Katla e\u013c\u013cas tvertnes tilpums \u2013 1.5l. \u010cetri temperat\u016bras l\u012bme\u0146i \u2013 130, 150, 170 vai 190 gr\u0101du. Katls apvelt\u012bts ar aktiv\u0113tas ogles filtru, nov\u0113r\u0161ot e\u013c\u013cas arom\u0101tu.<\/p>\n<p>Papildus lieto\u0161anas instrukcijai atrad\u012bsiet recep\u0161u gr\u0101mati\u0146u gard\u0101m idej\u0101m!<\/p>\n","protected":false},"excerpt":{"rendered":"<p>Ar taukv\u0101res katlu Unold \u2018Compact\u2019 ir iesp\u0113jams pagatavot aptuveni 0.5 kg kartupe\u013cus fr\u012b vien\u0101 cep\u0161anas reiz\u0113, un ne tikai! Katla e\u013c\u013cas tvertnes tilpums \u2013 1.5l. \u010cetri temperat\u016bras l\u012bme\u0146i \u2013 130, 150, 170 vai 190 gr\u0101du. Katls apvelt\u012bts ar aktiv\u0113tas ogles filtru, nov\u0113r\u0161ot e\u013c\u013cas arom\u0101tu. Papildus lieto\u0161anas instrukcijai atrad\u012bsiet recep\u0161u gr\u0101mati\u0146u gard\u0101m idej\u0101m!<\/p>\n","protected":false},"featured_media":12361,"comment_status":"closed","ping_status":"closed","template":"","meta":{"inline_featured_image":false},"product_cat":[525],"product_tag":[],"yst_prominent_words":[],"class_list":{"0":"post-6139","1":"product","2":"type-product","3":"status-publish","4":"has-post-thumbnail","6":"product_cat-taukvaresrisufritesanas-katl","8":"first","9":"instock","10":"taxable","11":"shipping-taxable","12":"purchasable","13":"product-type-simple"},"jetpack_sharing_enabled":true,"_links":{"self":[{"href":"https:\/\/ddt.lv\/en\/wp-json\/wp\/v2\/product\/6139"}],"collection":[{"href":"https:\/\/ddt.lv\/en\/wp-json\/wp\/v2\/product"}],"about":[{"href":"https:\/\/ddt.lv\/en\/wp-json\/wp\/v2\/types\/product"}],"replies":[{"embeddable":true,"href":"https:\/\/ddt.lv\/en\/wp-json\/wp\/v2\/comments?post=6139"}],"wp:featuredmedia":[{"embeddable":true,"href":"https:\/\/ddt.lv\/en\/wp-json\/wp\/v2\/media\/12361"}],"wp:attachment":[{"href":"https:\/\/ddt.lv\/en\/wp-json\/wp\/v2\/media?parent=6139"}],"wp:term":[{"taxonomy":"product_cat","embeddable":true,"href":"https:\/\/ddt.lv\/en\/wp-json\/wp\/v2\/product_cat?post=6139"},{"taxonomy":"product_tag","embeddable":true,"href":"https:\/\/ddt.lv\/en\/wp-json\/wp\/v2\/product_tag?post=6139"},{"taxonomy":"yst_prominent_words","embeddable":true,"href":"https:\/\/ddt.lv\/en\/wp-json\/wp\/v2\/yst_prominent_words?post=6139"}],"curies":[{"name":"wp","href":"https:\/\/api.w.org\/{rel}","templated":true}]}}