{"id":6137,"date":"2019-10-28T08:37:28","date_gmt":"2019-10-28T06:37:28","guid":{"rendered":"https:\/\/ddt.lv\/product\/saldejuma-aparats-schuhbeck-exklusiv-unold\/"},"modified":"2021-05-15T13:11:26","modified_gmt":"2021-05-15T10:11:26","slug":"saldejuma-aparats-schuhbeck-exklusiv-unold","status":"publish","type":"product","link":"https:\/\/ddt.lv\/en\/product\/saldejuma-aparats-schuhbeck-exklusiv-unold\/","title":{"rendered":"ICE CREAM MAKER Schuhbeck Exclusive Unold"},"content":{"rendered":"<p>Minhenes zvaig\u017e\u0146ot\u0101 \u0161efpav\u0101ra Alfona S\u010duhbeka virtuves pal\u012bgu l\u012bnijas Sald\u0113juma apar\u0101ts.<\/p>\n<p>Vien\u0101 darba posm\u0101 sp\u0113j pagatavot l\u012bdz 1.5l sald\u0113juma, ar\u012b veg\u0101nu un bez laktozes.<\/p>\n<p>Stil\u012bgs un iztur\u012bgs korpuss, \u0113rti kopjams un t\u012brams.<\/p>\n<p>Komplekt\u0101 &#8211; Alfona S\u010duhbeka \u012bpa\u0161\u0101s sald\u0113juma pagatavo\u0161anas receptes!<\/p>\n","protected":false},"excerpt":{"rendered":"<p>Minhenes zvaig\u017e\u0146ot\u0101 \u0161efpav\u0101ra Alfona S\u010duhbeka virtuves pal\u012bgu l\u012bnijas Sald\u0113juma apar\u0101ts. Vien\u0101 darba posm\u0101 sp\u0113j pagatavot l\u012bdz 1.5l sald\u0113juma, ar\u012b veg\u0101nu un bez laktozes. Stil\u012bgs un iztur\u012bgs korpuss, \u0113rti kopjams un t\u012brams. Komplekt\u0101 &#8211; Alfona S\u010duhbeka \u012bpa\u0161\u0101s sald\u0113juma pagatavo\u0161anas receptes!<\/p>\n","protected":false},"featured_media":12336,"comment_status":"closed","ping_status":"closed","template":"","meta":{"inline_featured_image":false},"product_cat":[521,522,527],"product_tag":[],"yst_prominent_words":[],"class_list":{"0":"post-6137","1":"product","2":"type-product","3":"status-publish","4":"has-post-thumbnail","6":"product_cat-sadzives-tehnika","7":"product_cat-virtuves-tehnika","8":"product_cat-saldejuma-un-popkorna-aparati","10":"first","11":"outofstock","12":"taxable","13":"shipping-taxable","14":"purchasable","15":"product-type-simple"},"jetpack_sharing_enabled":true,"_links":{"self":[{"href":"https:\/\/ddt.lv\/en\/wp-json\/wp\/v2\/product\/6137"}],"collection":[{"href":"https:\/\/ddt.lv\/en\/wp-json\/wp\/v2\/product"}],"about":[{"href":"https:\/\/ddt.lv\/en\/wp-json\/wp\/v2\/types\/product"}],"replies":[{"embeddable":true,"href":"https:\/\/ddt.lv\/en\/wp-json\/wp\/v2\/comments?post=6137"}],"wp:featuredmedia":[{"embeddable":true,"href":"https:\/\/ddt.lv\/en\/wp-json\/wp\/v2\/media\/12336"}],"wp:attachment":[{"href":"https:\/\/ddt.lv\/en\/wp-json\/wp\/v2\/media?parent=6137"}],"wp:term":[{"taxonomy":"product_cat","embeddable":true,"href":"https:\/\/ddt.lv\/en\/wp-json\/wp\/v2\/product_cat?post=6137"},{"taxonomy":"product_tag","embeddable":true,"href":"https:\/\/ddt.lv\/en\/wp-json\/wp\/v2\/product_tag?post=6137"},{"taxonomy":"yst_prominent_words","embeddable":true,"href":"https:\/\/ddt.lv\/en\/wp-json\/wp\/v2\/yst_prominent_words?post=6137"}],"curies":[{"name":"wp","href":"https:\/\/api.w.org\/{rel}","templated":true}]}}