{"id":6136,"date":"2019-10-28T08:37:28","date_gmt":"2019-10-28T06:37:28","guid":{"rendered":"https:\/\/ddt.lv\/product\/popkorna-aparats-unold\/"},"modified":"2026-04-08T14:31:11","modified_gmt":"2026-04-08T11:31:11","slug":"popkorna-aparats-unold","status":"publish","type":"product","link":"https:\/\/ddt.lv\/en\/product\/popkorna-aparats-unold\/","title":{"rendered":"POPCORN MAKER Classic red UNOLD"},"content":{"rendered":"<p>Popkorna apar\u0101ts sp\u0113j pagatavot l\u012bdz 100g popkorna vien\u0101 reiz\u0113, neizmantojot e\u013c\u013cu! Ier\u012bcei ir praktisks v\u0101ks, kas darbojas ar\u012b k\u0101 m\u0113rtrauks maksim\u0101lajam popkorna s\u0113klu daudzumam.<\/p>\n<p>Ide\u0101ls dabisku uzkodu pagatavot\u0101js lieliskam filmu vakaram vai pas\u0113d\u0113\u0161anai ar \u0123imeni!<\/p>\n","protected":false},"excerpt":{"rendered":"<p>Popkorna apar\u0101ts sp\u0113j pagatavot l\u012bdz 100g popkorna vien\u0101 reiz\u0113, neizmantojot e\u013c\u013cu! Ier\u012bcei ir praktisks v\u0101ks, kas darbojas ar\u012b k\u0101 m\u0113rtrauks maksim\u0101lajam popkorna s\u0113klu daudzumam. Ide\u0101ls dabisku uzkodu pagatavot\u0101js lieliskam filmu vakaram vai pas\u0113d\u0113\u0161anai ar \u0123imeni!<\/p>\n","protected":false},"featured_media":12330,"comment_status":"closed","ping_status":"closed","template":"","meta":{"inline_featured_image":false},"product_cat":[527],"product_tag":[],"yst_prominent_words":[],"class_list":{"0":"post-6136","1":"product","2":"type-product","3":"status-publish","4":"has-post-thumbnail","6":"product_cat-saldejuma-un-popkorna-aparati","8":"first","9":"instock","10":"taxable","11":"shipping-taxable","12":"purchasable","13":"product-type-simple"},"jetpack_sharing_enabled":true,"_links":{"self":[{"href":"https:\/\/ddt.lv\/en\/wp-json\/wp\/v2\/product\/6136"}],"collection":[{"href":"https:\/\/ddt.lv\/en\/wp-json\/wp\/v2\/product"}],"about":[{"href":"https:\/\/ddt.lv\/en\/wp-json\/wp\/v2\/types\/product"}],"replies":[{"embeddable":true,"href":"https:\/\/ddt.lv\/en\/wp-json\/wp\/v2\/comments?post=6136"}],"wp:featuredmedia":[{"embeddable":true,"href":"https:\/\/ddt.lv\/en\/wp-json\/wp\/v2\/media\/12330"}],"wp:attachment":[{"href":"https:\/\/ddt.lv\/en\/wp-json\/wp\/v2\/media?parent=6136"}],"wp:term":[{"taxonomy":"product_cat","embeddable":true,"href":"https:\/\/ddt.lv\/en\/wp-json\/wp\/v2\/product_cat?post=6136"},{"taxonomy":"product_tag","embeddable":true,"href":"https:\/\/ddt.lv\/en\/wp-json\/wp\/v2\/product_tag?post=6136"},{"taxonomy":"yst_prominent_words","embeddable":true,"href":"https:\/\/ddt.lv\/en\/wp-json\/wp\/v2\/yst_prominent_words?post=6136"}],"curies":[{"name":"wp","href":"https:\/\/api.w.org\/{rel}","templated":true}]}}