{"id":5948,"date":"2019-10-28T08:37:05","date_gmt":"2019-10-28T06:37:05","guid":{"rendered":"https:\/\/ddt.lv\/product\/termometrs-un-mitrummeritajs-iekstelpam-ar-displ-1xaaaemos\/"},"modified":"2026-04-01T00:10:46","modified_gmt":"2026-03-31T21:10:46","slug":"termometrs-un-mitrummeritajs-iekstelpam-ar-displ-1xaaaemos","status":"publish","type":"product","link":"https:\/\/ddt.lv\/en\/product\/termometrs-un-mitrummeritajs-iekstelpam-ar-displ-1xaaaemos\/","title":{"rendered":"Digital Weather Station EMOS"},"content":{"rendered":"<p>Termometrs ar digit\u0101lo ekr\u0101nu. Termometrs ir apr\u012bkots ar mitruma m\u0113r\u012bt\u0101ju un var izm\u0113r\u012bt gan iek\u0161telpu, gan \u0101ra temperat\u016bru. Termometrs \u013cauj re\u0123istr\u0113t minim\u0101lo un maksim\u0101lo temperat\u016bru un mitrumu.<\/p>\n","protected":false},"excerpt":{"rendered":"<p>Termometrs ar digit\u0101lo ekr\u0101nu. Termometrs ir apr\u012bkots ar mitruma m\u0113r\u012bt\u0101ju un var izm\u0113r\u012bt gan iek\u0161telpu, gan \u0101ra temperat\u016bru. Termometrs \u013cauj re\u0123istr\u0113t minim\u0101lo un maksim\u0101lo temperat\u016bru un mitrumu.<\/p>\n","protected":false},"featured_media":16201,"comment_status":"closed","ping_status":"closed","template":"","meta":{"inline_featured_image":false},"product_cat":[541],"product_tag":[],"yst_prominent_words":[],"class_list":{"0":"post-5948","1":"product","2":"type-product","3":"status-publish","4":"has-post-thumbnail","6":"product_cat-termometri-meteostacijas","8":"first","9":"outofstock","10":"taxable","11":"shipping-taxable","12":"purchasable","13":"product-type-simple"},"jetpack_sharing_enabled":true,"_links":{"self":[{"href":"https:\/\/ddt.lv\/en\/wp-json\/wp\/v2\/product\/5948"}],"collection":[{"href":"https:\/\/ddt.lv\/en\/wp-json\/wp\/v2\/product"}],"about":[{"href":"https:\/\/ddt.lv\/en\/wp-json\/wp\/v2\/types\/product"}],"replies":[{"embeddable":true,"href":"https:\/\/ddt.lv\/en\/wp-json\/wp\/v2\/comments?post=5948"}],"wp:featuredmedia":[{"embeddable":true,"href":"https:\/\/ddt.lv\/en\/wp-json\/wp\/v2\/media\/16201"}],"wp:attachment":[{"href":"https:\/\/ddt.lv\/en\/wp-json\/wp\/v2\/media?parent=5948"}],"wp:term":[{"taxonomy":"product_cat","embeddable":true,"href":"https:\/\/ddt.lv\/en\/wp-json\/wp\/v2\/product_cat?post=5948"},{"taxonomy":"product_tag","embeddable":true,"href":"https:\/\/ddt.lv\/en\/wp-json\/wp\/v2\/product_tag?post=5948"},{"taxonomy":"yst_prominent_words","embeddable":true,"href":"https:\/\/ddt.lv\/en\/wp-json\/wp\/v2\/yst_prominent_words?post=5948"}],"curies":[{"name":"wp","href":"https:\/\/api.w.org\/{rel}","templated":true}]}}