{"id":5937,"date":"2019-10-28T08:37:03","date_gmt":"2019-10-28T06:37:03","guid":{"rendered":"https:\/\/ddt.lv\/product\/udens-varitajs-bullet-1-7l-sarkans-unold\/"},"modified":"2021-05-15T13:11:40","modified_gmt":"2021-05-15T10:11:40","slug":"udens-varitajs-bullet-1-7l-sarkans-unold","status":"publish","type":"product","link":"https:\/\/ddt.lv\/en\/product\/udens-varitajs-bullet-1-7l-sarkans-unold\/","title":{"rendered":"KETTLE Unold Bullet Red-Metallic 1.7l"},"content":{"rendered":"<p>T\u0113jkanna Bullet ir \u016bdens v\u0101r\u012b\u0161anas sp\u0113kstacija, kura izgatavota no augstas klases ner\u016bs\u0113jo\u0161\u0101 t\u0113rauda. Lielisks dizaina papildin\u0101jums J\u016bsu virtuvei! Siltumizol\u0113ts rokturis un v\u0101ks \u0113rtai lieto\u0161anai.<\/p>\n","protected":false},"excerpt":{"rendered":"<p>T\u0113jkanna Bullet ir \u016bdens v\u0101r\u012b\u0161anas sp\u0113kstacija, kura izgatavota no augstas klases ner\u016bs\u0113jo\u0161\u0101 t\u0113rauda. Lielisks dizaina papildin\u0101jums J\u016bsu virtuvei! Siltumizol\u0113ts rokturis un v\u0101ks \u0113rtai lieto\u0161anai.<\/p>\n","protected":false},"featured_media":12404,"comment_status":"closed","ping_status":"closed","template":"","meta":{"inline_featured_image":false},"product_cat":[521,522,523],"product_tag":[],"yst_prominent_words":[],"class_list":{"0":"post-5937","1":"product","2":"type-product","3":"status-publish","4":"has-post-thumbnail","6":"product_cat-sadzives-tehnika","7":"product_cat-virtuves-tehnika","8":"product_cat-tejkannas-kafijas-automati","10":"first","11":"outofstock","12":"taxable","13":"shipping-taxable","14":"purchasable","15":"product-type-simple"},"jetpack_sharing_enabled":true,"_links":{"self":[{"href":"https:\/\/ddt.lv\/en\/wp-json\/wp\/v2\/product\/5937"}],"collection":[{"href":"https:\/\/ddt.lv\/en\/wp-json\/wp\/v2\/product"}],"about":[{"href":"https:\/\/ddt.lv\/en\/wp-json\/wp\/v2\/types\/product"}],"replies":[{"embeddable":true,"href":"https:\/\/ddt.lv\/en\/wp-json\/wp\/v2\/comments?post=5937"}],"wp:featuredmedia":[{"embeddable":true,"href":"https:\/\/ddt.lv\/en\/wp-json\/wp\/v2\/media\/12404"}],"wp:attachment":[{"href":"https:\/\/ddt.lv\/en\/wp-json\/wp\/v2\/media?parent=5937"}],"wp:term":[{"taxonomy":"product_cat","embeddable":true,"href":"https:\/\/ddt.lv\/en\/wp-json\/wp\/v2\/product_cat?post=5937"},{"taxonomy":"product_tag","embeddable":true,"href":"https:\/\/ddt.lv\/en\/wp-json\/wp\/v2\/product_tag?post=5937"},{"taxonomy":"yst_prominent_words","embeddable":true,"href":"https:\/\/ddt.lv\/en\/wp-json\/wp\/v2\/yst_prominent_words?post=5937"}],"curies":[{"name":"wp","href":"https:\/\/api.w.org\/{rel}","templated":true}]}}