{"id":5911,"date":"2019-10-28T08:36:59","date_gmt":"2019-10-28T06:36:59","guid":{"rendered":"https:\/\/ddt.lv\/product\/termometrs-ar-vadu2mara-un-iekstelpam-ar-displ-2xaaaemos\/"},"modified":"2026-04-01T00:10:33","modified_gmt":"2026-03-31T21:10:33","slug":"termometrs-ar-vadu2mara-un-iekstelpam-ar-displ-2xaaaemos","status":"publish","type":"product","link":"https:\/\/ddt.lv\/en\/product\/termometrs-ar-vadu2mara-un-iekstelpam-ar-displ-2xaaaemos\/","title":{"rendered":"Thermometer with wire (2m) for outdoor and indoor with display (2xAAA) EMOS"},"content":{"rendered":"<p>Vada sensora termometrs ar iek\u0161telpu un \u0101ra temperat\u016bras r\u0101d\u012bt\u0101jiem. Termometram ir 2 m gar\u0161 vada sensors.<\/p>\n","protected":false},"excerpt":{"rendered":"<p>Vada sensora termometrs ar iek\u0161telpu un \u0101ra temperat\u016bras r\u0101d\u012bt\u0101jiem. Termometram ir 2 m gar\u0161 vada sensors.<\/p>\n","protected":false},"featured_media":16214,"comment_status":"closed","ping_status":"closed","template":"","meta":{"inline_featured_image":false},"product_cat":[541],"product_tag":[],"yst_prominent_words":[],"class_list":{"0":"post-5911","1":"product","2":"type-product","3":"status-publish","4":"has-post-thumbnail","6":"product_cat-termometri-meteostacijas","8":"first","9":"instock","10":"taxable","11":"shipping-taxable","12":"purchasable","13":"product-type-simple"},"jetpack_sharing_enabled":true,"_links":{"self":[{"href":"https:\/\/ddt.lv\/en\/wp-json\/wp\/v2\/product\/5911"}],"collection":[{"href":"https:\/\/ddt.lv\/en\/wp-json\/wp\/v2\/product"}],"about":[{"href":"https:\/\/ddt.lv\/en\/wp-json\/wp\/v2\/types\/product"}],"replies":[{"embeddable":true,"href":"https:\/\/ddt.lv\/en\/wp-json\/wp\/v2\/comments?post=5911"}],"wp:featuredmedia":[{"embeddable":true,"href":"https:\/\/ddt.lv\/en\/wp-json\/wp\/v2\/media\/16214"}],"wp:attachment":[{"href":"https:\/\/ddt.lv\/en\/wp-json\/wp\/v2\/media?parent=5911"}],"wp:term":[{"taxonomy":"product_cat","embeddable":true,"href":"https:\/\/ddt.lv\/en\/wp-json\/wp\/v2\/product_cat?post=5911"},{"taxonomy":"product_tag","embeddable":true,"href":"https:\/\/ddt.lv\/en\/wp-json\/wp\/v2\/product_tag?post=5911"},{"taxonomy":"yst_prominent_words","embeddable":true,"href":"https:\/\/ddt.lv\/en\/wp-json\/wp\/v2\/yst_prominent_words?post=5911"}],"curies":[{"name":"wp","href":"https:\/\/api.w.org\/{rel}","templated":true}]}}