{"id":5889,"date":"2019-10-28T08:36:56","date_gmt":"2019-10-28T06:36:56","guid":{"rendered":"https:\/\/ddt.lv\/product\/camelion-ag3-10bb-v384-392-hg0\/"},"modified":"2026-04-01T00:10:31","modified_gmt":"2026-03-31T21:10:31","slug":"camelion-ag3-10bb-v384-392-hg0","status":"publish","type":"product","link":"https:\/\/ddt.lv\/en\/product\/camelion-ag3-10bb-v384-392-hg0\/","title":{"rendered":"AG3 (V384,392) batteries CAMELION HG=0 10pcs."},"content":{"rendered":"<p>Baterijas no ra\u017eot\u0101ja Camelion, piem\u0113rotas digit\u0101lajiem un analogiem pulkste\u0146iem, rota\u013cliet\u0101m, t\u0101lvad\u012bbas pult\u012bm un cit\u0101m ier\u012bc\u0113m.<\/p>\n","protected":false},"excerpt":{"rendered":"<p>Baterijas no ra\u017eot\u0101ja Camelion, piem\u0113rotas digit\u0101lajiem un analogiem pulkste\u0146iem, rota\u013cliet\u0101m, t\u0101lvad\u012bbas pult\u012bm un cit\u0101m ier\u012bc\u0113m.<\/p>\n","protected":false},"featured_media":14988,"comment_status":"closed","ping_status":"closed","template":"","meta":{"inline_featured_image":false},"product_cat":[451],"product_tag":[],"yst_prominent_words":[],"class_list":{"0":"post-5889","1":"product","2":"type-product","3":"status-publish","4":"has-post-thumbnail","6":"product_cat-elektronics-baterijas","8":"first","9":"instock","10":"taxable","11":"shipping-taxable","12":"purchasable","13":"product-type-simple"},"jetpack_sharing_enabled":true,"_links":{"self":[{"href":"https:\/\/ddt.lv\/en\/wp-json\/wp\/v2\/product\/5889"}],"collection":[{"href":"https:\/\/ddt.lv\/en\/wp-json\/wp\/v2\/product"}],"about":[{"href":"https:\/\/ddt.lv\/en\/wp-json\/wp\/v2\/types\/product"}],"replies":[{"embeddable":true,"href":"https:\/\/ddt.lv\/en\/wp-json\/wp\/v2\/comments?post=5889"}],"wp:featuredmedia":[{"embeddable":true,"href":"https:\/\/ddt.lv\/en\/wp-json\/wp\/v2\/media\/14988"}],"wp:attachment":[{"href":"https:\/\/ddt.lv\/en\/wp-json\/wp\/v2\/media?parent=5889"}],"wp:term":[{"taxonomy":"product_cat","embeddable":true,"href":"https:\/\/ddt.lv\/en\/wp-json\/wp\/v2\/product_cat?post=5889"},{"taxonomy":"product_tag","embeddable":true,"href":"https:\/\/ddt.lv\/en\/wp-json\/wp\/v2\/product_tag?post=5889"},{"taxonomy":"yst_prominent_words","embeddable":true,"href":"https:\/\/ddt.lv\/en\/wp-json\/wp\/v2\/yst_prominent_words?post=5889"}],"curies":[{"name":"wp","href":"https:\/\/api.w.org\/{rel}","templated":true}]}}