{"id":5815,"date":"2019-10-28T08:36:48","date_gmt":"2019-10-28T06:36:48","guid":{"rendered":"https:\/\/ddt.lv\/product\/bezvadu-durvju-zvans-ip44-16-melod-emos\/"},"modified":"2026-04-13T09:48:06","modified_gmt":"2026-04-13T06:48:06","slug":"bezvadu-durvju-zvans-ip44-16-melod-emos","status":"publish","type":"product","link":"https:\/\/ddt.lv\/en\/product\/bezvadu-durvju-zvans-ip44-16-melod-emos\/","title":{"rendered":"Wireless doorbell 3xAA IP44 16 melod. EMOS"},"content":{"rendered":"<p>Uzticams durvju zvans ar durvju zvan\u012b\u0161anas pogu, piem\u0113rots m\u0101j\u0101m, dz\u012bvok\u013ciem vai birojiem. \u0112rts lieto\u0161an\u0101.<\/p>\n","protected":false},"excerpt":{"rendered":"<p>Uzticams durvju zvans ar durvju zvan\u012b\u0161anas pogu, piem\u0113rots m\u0101j\u0101m, dz\u012bvok\u013ciem vai birojiem. \u0112rts lieto\u0161an\u0101.<\/p>\n","protected":false},"featured_media":16279,"comment_status":"closed","ping_status":"closed","template":"","meta":{"inline_featured_image":false},"product_cat":[772,543],"product_tag":[],"yst_prominent_words":[],"class_list":{"0":"post-5815","1":"product","2":"type-product","3":"status-publish","4":"has-post-thumbnail","6":"product_cat-atlaides","7":"product_cat-durvju-zvani","9":"first","10":"instock","11":"sale","12":"taxable","13":"shipping-taxable","14":"purchasable","15":"product-type-simple"},"jetpack_sharing_enabled":true,"_links":{"self":[{"href":"https:\/\/ddt.lv\/en\/wp-json\/wp\/v2\/product\/5815"}],"collection":[{"href":"https:\/\/ddt.lv\/en\/wp-json\/wp\/v2\/product"}],"about":[{"href":"https:\/\/ddt.lv\/en\/wp-json\/wp\/v2\/types\/product"}],"replies":[{"embeddable":true,"href":"https:\/\/ddt.lv\/en\/wp-json\/wp\/v2\/comments?post=5815"}],"wp:featuredmedia":[{"embeddable":true,"href":"https:\/\/ddt.lv\/en\/wp-json\/wp\/v2\/media\/16279"}],"wp:attachment":[{"href":"https:\/\/ddt.lv\/en\/wp-json\/wp\/v2\/media?parent=5815"}],"wp:term":[{"taxonomy":"product_cat","embeddable":true,"href":"https:\/\/ddt.lv\/en\/wp-json\/wp\/v2\/product_cat?post=5815"},{"taxonomy":"product_tag","embeddable":true,"href":"https:\/\/ddt.lv\/en\/wp-json\/wp\/v2\/product_tag?post=5815"},{"taxonomy":"yst_prominent_words","embeddable":true,"href":"https:\/\/ddt.lv\/en\/wp-json\/wp\/v2\/yst_prominent_words?post=5815"}],"curies":[{"name":"wp","href":"https:\/\/api.w.org\/{rel}","templated":true}]}}