{"id":5785,"date":"2019-10-28T08:36:44","date_gmt":"2019-10-28T06:36:44","guid":{"rendered":"https:\/\/ddt.lv\/product\/tosters-edel-retro-4-grauzdiniem-1250-1500w-unold\/"},"modified":"2026-04-08T14:27:57","modified_gmt":"2026-04-08T11:27:57","slug":"tosters-edel-retro-4-grauzdiniem-1250-1500w-unold","status":"publish","type":"product","link":"https:\/\/ddt.lv\/en\/product\/tosters-edel-retro-4-grauzdiniem-1250-1500w-unold\/","title":{"rendered":"Toaster EDEL RETRO 4er 1250-1500W UNOLD"},"content":{"rendered":"<p>Stil\u012bgs un praktisks tosteris 50. gadu stil\u0101! Lielisks dizaina papildin\u0101jums J\u016bsu virtuvei.<\/p>\n<p>Divas lielas atveres, kur\u0101s var izgrauzd\u0113t 4 maizes \u0161\u0137\u0113les vai divas liel\u0101kas lauku maiz\u012btes. Autom\u0101tiska \u0161\u0137\u0113les centr\u0113\u0161ana nodro\u0161ina vienm\u0113r\u012bgu apgrauzd\u0113\u0161anu.<\/p>\n","protected":false},"excerpt":{"rendered":"<p>Stil\u012bgs un praktisks tosteris 50. gadu stil\u0101! Lielisks dizaina papildin\u0101jums J\u016bsu virtuvei. Divas lielas atveres, kur\u0101s var izgrauzd\u0113t 4 maizes \u0161\u0137\u0113les vai divas liel\u0101kas lauku maiz\u012btes. Autom\u0101tiska \u0161\u0137\u0113les centr\u0113\u0161ana nodro\u0161ina vienm\u0113r\u012bgu apgrauzd\u0113\u0161anu.<\/p>\n","protected":false},"featured_media":12425,"comment_status":"closed","ping_status":"closed","template":"","meta":{"inline_featured_image":false},"product_cat":[531],"product_tag":[],"yst_prominent_words":[],"class_list":{"0":"post-5785","1":"product","2":"type-product","3":"status-publish","4":"has-post-thumbnail","6":"product_cat-tosteri","8":"first","9":"outofstock","10":"taxable","11":"shipping-taxable","12":"purchasable","13":"product-type-simple"},"jetpack_sharing_enabled":true,"_links":{"self":[{"href":"https:\/\/ddt.lv\/en\/wp-json\/wp\/v2\/product\/5785"}],"collection":[{"href":"https:\/\/ddt.lv\/en\/wp-json\/wp\/v2\/product"}],"about":[{"href":"https:\/\/ddt.lv\/en\/wp-json\/wp\/v2\/types\/product"}],"replies":[{"embeddable":true,"href":"https:\/\/ddt.lv\/en\/wp-json\/wp\/v2\/comments?post=5785"}],"wp:featuredmedia":[{"embeddable":true,"href":"https:\/\/ddt.lv\/en\/wp-json\/wp\/v2\/media\/12425"}],"wp:attachment":[{"href":"https:\/\/ddt.lv\/en\/wp-json\/wp\/v2\/media?parent=5785"}],"wp:term":[{"taxonomy":"product_cat","embeddable":true,"href":"https:\/\/ddt.lv\/en\/wp-json\/wp\/v2\/product_cat?post=5785"},{"taxonomy":"product_tag","embeddable":true,"href":"https:\/\/ddt.lv\/en\/wp-json\/wp\/v2\/product_tag?post=5785"},{"taxonomy":"yst_prominent_words","embeddable":true,"href":"https:\/\/ddt.lv\/en\/wp-json\/wp\/v2\/yst_prominent_words?post=5785"}],"curies":[{"name":"wp","href":"https:\/\/api.w.org\/{rel}","templated":true}]}}