{"id":5739,"date":"2019-10-28T08:36:39","date_gmt":"2019-10-28T06:36:39","guid":{"rendered":"https:\/\/ddt.lv\/product\/elektriska-tejkanna-1-0l-melna-unold\/"},"modified":"2026-04-01T00:08:03","modified_gmt":"2026-03-31T21:08:03","slug":"elektriska-tejkanna-1-0l-melna-unold","status":"publish","type":"product","link":"https:\/\/ddt.lv\/en\/product\/elektriska-tejkanna-1-0l-melna-unold\/","title":{"rendered":"KETTLE Unold Black 1.0l"},"content":{"rendered":"<p>Lieliska dizaina t\u0113jkanna, kura ieder\u0113sies jebkur\u0101 virtuv\u0113! Dubult\u0101 ner\u016bs\u0113jo\u0161\u0101 t\u0113rauda siena nodro\u0161ina v\u0101ro\u0161i karstu \u016bdeni iek\u0161pus\u0113, un v\u0113su piesk\u0101rienu \u0101rpus\u0113! Liela atvere \u0113rtai t\u012br\u012b\u0161anai.<\/p>\n","protected":false},"excerpt":{"rendered":"<p>Lieliska dizaina t\u0113jkanna, kura ieder\u0113sies jebkur\u0101 virtuv\u0113! Dubult\u0101 ner\u016bs\u0113jo\u0161\u0101 t\u0113rauda siena nodro\u0161ina v\u0101ro\u0161i karstu \u016bdeni iek\u0161pus\u0113, un v\u0113su piesk\u0101rienu \u0101rpus\u0113! Liela atvere \u0113rtai t\u012br\u012b\u0161anai.<\/p>\n","protected":false},"featured_media":12451,"comment_status":"closed","ping_status":"closed","template":"","meta":{"inline_featured_image":false},"product_cat":[523],"product_tag":[],"yst_prominent_words":[],"class_list":{"0":"post-5739","1":"product","2":"type-product","3":"status-publish","4":"has-post-thumbnail","6":"product_cat-tejkannas-kafijas-automati","8":"first","9":"outofstock","10":"taxable","11":"shipping-taxable","12":"purchasable","13":"product-type-simple"},"jetpack_sharing_enabled":true,"_links":{"self":[{"href":"https:\/\/ddt.lv\/en\/wp-json\/wp\/v2\/product\/5739"}],"collection":[{"href":"https:\/\/ddt.lv\/en\/wp-json\/wp\/v2\/product"}],"about":[{"href":"https:\/\/ddt.lv\/en\/wp-json\/wp\/v2\/types\/product"}],"replies":[{"embeddable":true,"href":"https:\/\/ddt.lv\/en\/wp-json\/wp\/v2\/comments?post=5739"}],"wp:featuredmedia":[{"embeddable":true,"href":"https:\/\/ddt.lv\/en\/wp-json\/wp\/v2\/media\/12451"}],"wp:attachment":[{"href":"https:\/\/ddt.lv\/en\/wp-json\/wp\/v2\/media?parent=5739"}],"wp:term":[{"taxonomy":"product_cat","embeddable":true,"href":"https:\/\/ddt.lv\/en\/wp-json\/wp\/v2\/product_cat?post=5739"},{"taxonomy":"product_tag","embeddable":true,"href":"https:\/\/ddt.lv\/en\/wp-json\/wp\/v2\/product_tag?post=5739"},{"taxonomy":"yst_prominent_words","embeddable":true,"href":"https:\/\/ddt.lv\/en\/wp-json\/wp\/v2\/yst_prominent_words?post=5739"}],"curies":[{"name":"wp","href":"https:\/\/api.w.org\/{rel}","templated":true}]}}